{"id":21476,"date":"2021-07-30T15:39:30","date_gmt":"2021-07-30T22:39:30","guid":{"rendered":"https:\/\/www.meldonlaw.com\/florida\/abogado-accidentes-auto\/uninsured\/"},"modified":"2025-12-09T05:33:47","modified_gmt":"2025-12-09T13:33:47","slug":"sin-seguro","status":"publish","type":"page","link":"https:\/\/www.meldonlaw.com\/es\/florida\/abogado-accidentes-auto\/sin-seguro\/","title":{"rendered":"Abogados de Accidentes con Conductores Sin Seguro de Florida"},"content":{"rendered":"<div id=\"ez-toc-container\" class=\"ez-toc-v2_0_76 counter-hierarchy ez-toc-counter ez-toc-grey ez-toc-container-direction\">\n<div class=\"ez-toc-title-container\">\n<p class=\"ez-toc-title\" style=\"cursor:inherit\">Tabla de Contenidos<\/p>\n<span class=\"ez-toc-title-toggle\"><a href=\"#\" class=\"ez-toc-pull-right ez-toc-btn ez-toc-btn-xs ez-toc-btn-default ez-toc-toggle\" aria-label=\"Alternar tabla de contenidos\"><span class=\"ez-toc-js-icon-con\"><span class=\"\"><span class=\"eztoc-hide\" style=\"display:none;\">Toggle<\/span><span class=\"ez-toc-icon-toggle-span\"><svg style=\"fill: #999;color:#999\" xmlns=\"http:\/\/www.w3.org\/2000\/svg\" class=\"list-377408\" width=\"20px\" height=\"20px\" viewBox=\"0 0 24 24\" fill=\"none\"><path d=\"M6 6H4v2h2V6zm14 0H8v2h12V6zM4 11h2v2H4v-2zm16 0H8v2h12v-2zM4 16h2v2H4v-2zm16 0H8v2h12v-2z\" fill=\"currentColor\"><\/path><\/svg><svg style=\"fill: #999;color:#999\" class=\"arrow-unsorted-368013\" xmlns=\"http:\/\/www.w3.org\/2000\/svg\" width=\"10px\" height=\"10px\" viewBox=\"0 0 24 24\" version=\"1.2\" baseProfile=\"tiny\"><path d=\"M18.2 9.3l-6.2-6.3-6.2 6.3c-.2.2-.3.4-.3.7s.1.5.3.7c.2.2.4.3.7.3h11c.3 0 .5-.1.7-.3.2-.2.3-.5.3-.7s-.1-.5-.3-.7zM5.8 14.7l6.2 6.3 6.2-6.3c.2-.2.3-.5.3-.7s-.1-.5-.3-.7c-.2-.2-.4-.3-.7-.3h-11c-.3 0-.5.1-.7.3-.2.2-.3.5-.3.7s.1.5.3.7z\"\/><\/svg><\/span><\/span><\/span><\/a><\/span><\/div>\n<nav><ul class='ez-toc-list ez-toc-list-level-1 eztoc-toggle-hide-by-default' ><li class='ez-toc-page-1 ez-toc-heading-level-2'><a class=\"ez-toc-link ez-toc-heading-1\" href=\"https:\/\/www.meldonlaw.com\/es\/florida\/abogado-accidentes-auto\/sin-seguro\/#Cuando_los_Conductores_Desobedecen_las_Reglas_un_Abogado_Calificado_en_Florida_de_Meldon_Law_Puede_Ayudar\" >Cuando los Conductores Desobedecen las Reglas, un Abogado Calificado en Florida de Meldon Law Puede Ayudar<\/a><\/li><li class='ez-toc-page-1 ez-toc-heading-level-2'><a class=\"ez-toc-link ez-toc-heading-2\" href=\"https:\/\/www.meldonlaw.com\/es\/florida\/abogado-accidentes-auto\/sin-seguro\/#Abogados_que_Lucharan_Para_Conseguirle_los_Danos_y_Perjuicios_que_se_Le_Deben_Despues_de_un_Accidente_Causado_por_un_Conductor_Sin_Seguro\" >Abogados que Luchar\u00e1n Para Conseguirle los Da\u00f1os y Perjuicios que se Le Deben Despu\u00e9s de un Accidente Causado por un Conductor Sin Seguro<\/a><\/li><li class='ez-toc-page-1 ez-toc-heading-level-2'><a class=\"ez-toc-link ez-toc-heading-3\" href=\"https:\/\/www.meldonlaw.com\/es\/florida\/abogado-accidentes-auto\/sin-seguro\/#La_Cobertura_PIP_Ofrece_Alguna_Compensacion_por_sus_Lesiones\" >La Cobertura PIP Ofrece Alguna Compensaci\u00f3n por sus Lesiones<\/a><\/li><li class='ez-toc-page-1 ez-toc-heading-level-2'><a class=\"ez-toc-link ez-toc-heading-4\" href=\"https:\/\/www.meldonlaw.com\/es\/florida\/abogado-accidentes-auto\/sin-seguro\/#La_Cobertura_de_Automovilista_Sin_Seguro_Puede_Proporcionar_una_Compensacion_Adicional\" >La Cobertura de Automovilista Sin Seguro Puede Proporcionar una Compensaci\u00f3n Adicional<\/a><\/li><li class='ez-toc-page-1 ez-toc-heading-level-2'><a class=\"ez-toc-link ez-toc-heading-5\" href=\"https:\/\/www.meldonlaw.com\/es\/florida\/abogado-accidentes-auto\/sin-seguro\/#%C2%BFAtropellado_por_un_Conductor_Sin_Seguro_en_Florida_Meldon_Law_Le_Respalda\" >\u00bfAtropellado por un Conductor Sin Seguro en Florida? Meldon Law Le Respalda.<\/a><\/li><\/ul><\/nav><\/div>\n<h2><span class=\"ez-toc-section\" id=\"Cuando_los_Conductores_Desobedecen_las_Reglas_un_Abogado_Calificado_en_Florida_de_Meldon_Law_Puede_Ayudar\"><\/span>Cuando los Conductores Desobedecen las Reglas, un Abogado Calificado en Florida de Meldon Law Puede Ayudar<span class=\"ez-toc-section-end\"><\/span><\/h2>\n<p>Todos los conductores de Florida deben tener cobertura de seguro. A pesar de esta ley, miles de conductores viajan por las carreteras y autopistas de Florida todos los d\u00edas sin ella. No contar con un seguro es peligroso para el conductor que lo hace y para los conductores de los autom\u00f3viles que encuentran en la carretera. Si ha estado involucrado recientemente en un accidente con un conductor sin seguro, no pierda la esperanza de obtener el dinero que necesita para sus lesiones. Afortunadamente, los conductores de Florida involucrados en colisiones con conductores sin seguro no se quedan sin un medio de recuperaci\u00f3n y pueden recurrir a su propia cobertura de seguro. Incluso entonces, sin embargo, las compa\u00f1\u00edas de seguros a menudo se muestran reacias a pagar la cantidad total que se les debe a las v\u00edctimas de accidentes por sus lesiones, y los l\u00edmites de la p\u00f3liza pueden no ser suficientes.<\/p>\n<h2><span class=\"ez-toc-section\" id=\"Abogados_que_Lucharan_Para_Conseguirle_los_Danos_y_Perjuicios_que_se_Le_Deben_Despues_de_un_Accidente_Causado_por_un_Conductor_Sin_Seguro\"><\/span>Abogados que Luchar\u00e1n Para Conseguirle los Da\u00f1os y Perjuicios que se Le Deben Despu\u00e9s de un Accidente Causado por un Conductor Sin Seguro<span class=\"ez-toc-section-end\"><\/span><\/h2>\n<p>En Meldon Law, entendemos lo dif\u00edcil que puede ser lograr que las grandes corporaciones, como las compa\u00f1\u00edas de seguros, lo tomen en serio. Sabemos lo dif\u00edcil que puede ser luchar a trav\u00e9s de burocracias gigantes para obtener la compensaci\u00f3n que necesita solo para pagar los gastos m\u00e9dicos necesarios y las reparaciones del autom\u00f3vil. Sabemos lo distra\u00eddo y cansado que se siente, luchando por lo que se le debe mientras lucha por recuperarse de un accidente grave. Quitemos algo de esa carga de sus hombros. Nuestros experimentados\u00a0<strong>abogados de accidentes sin seguro en Florida<\/strong>\u00a0de Meldon Law est\u00e1n listos para luchar por su compensaci\u00f3n, lo que le permite concentrarse en su recuperaci\u00f3n. Cont\u00e1ctenos hoy para una consulta gratuita sobre su reclamo por accidente de conductor sin seguro.<\/p>\n<h2><span class=\"ez-toc-section\" id=\"La_Cobertura_PIP_Ofrece_Alguna_Compensacion_por_sus_Lesiones\"><\/span>La Cobertura PIP Ofrece Alguna Compensaci\u00f3n por sus Lesiones<span class=\"ez-toc-section-end\"><\/span><\/h2>\n<p>La ley de Florida requiere que todos los conductores tengan una cantidad m\u00ednima de seguro de autom\u00f3vil para poder registrar un veh\u00edculo. Espec\u00edficamente, los conductores deben presentar evidencia de que han obtenido un m\u00ednimo de $ 10,000 en cobertura en forma de protecci\u00f3n contra lesiones personales y seguro de responsabilidad por da\u00f1os a la propiedad para registrar su autom\u00f3vil. Sin embargo, el Insurance Research Council ha informado que m\u00e1s del 20% de todos los conductores de Florida no tienen cobertura de seguro de autom\u00f3vil. Esto significa que, con uno de cada cinco conductores en Florida conduciendo sin seguro, el estado tiene la sexta peor tasa de cobertura de seguro de conducci\u00f3n. Probablemente, no sea una coincidencia que la tasa promedio de seguro de autom\u00f3vil de Florida sea un 36% m\u00e1s alta que el costo promedio nacional, seg\u00fan un estudio separado. Florida es uno de los pocos estados de cobertura de seguros \u201csin culpa\u201d que quedan en el pa\u00eds. Esto significa que el seguro de cada conductor est\u00e1 destinado a brindar cobertura por las lesiones sufridas por el conductor, sus pasajeros o personas como ciclistas y peatones que se encuentran fuera del autom\u00f3vil en el momento del accidente. La cobertura de Protecci\u00f3n contra lesiones personales, o PIP, pagar\u00e1 el 80% de sus gastos m\u00e9dicos y el 60% de su salario perdido, hasta los l\u00edmites de la p\u00f3liza. Es posible que esta cantidad no sea suficiente para accidentes graves.<\/p>\n<h2><span class=\"ez-toc-section\" id=\"La_Cobertura_de_Automovilista_Sin_Seguro_Puede_Proporcionar_una_Compensacion_Adicional\"><\/span>La Cobertura de Automovilista Sin Seguro Puede Proporcionar una Compensaci\u00f3n Adicional<span class=\"ez-toc-section-end\"><\/span><\/h2>\n<p>La cobertura de seguro para automovilistas sin seguro o con seguro insuficiente, tambi\u00e9n conocida como \u201cUM \/ UIM\u201d, puede brindar ayuda adicional a las v\u00edctimas de accidentes con conductores sin seguro. A diferencia de la cobertura PIP, no es obligatorio comprar cobertura de automovilista sin seguro para registrar un veh\u00edculo de Florida. La cobertura UM \/ UIM es algo que muchos conductores de Florida eligen llevar y que puede brindar beneficios adicionales cuando PIP se queda corto. Sin embargo, obtener los beneficios de UM \/ UIM no siempre es sencillo. Para calificar para los beneficios de UM \/ UIM, la v\u00edctima del conductor sin seguro debe poder probar varios factores:<\/p>\n<ul>\n<li><strong>Las lesiones de la v\u00edctima fueron graves<\/strong>: los beneficios de UM \/ UIM no se distribuir\u00e1n a menos que la v\u00edctima del accidente pueda superar lo que se conoce como el umbral de lesiones graves. La v\u00edctima debe poder demostrar que ha sufrido uno de los siguientes:\n<ul>\n<li>P\u00e9rdida significativa y permanente de una funci\u00f3n corporal importante.<\/li>\n<li>Lesi\u00f3n que probablemente sea permanente<\/li>\n<li>Cicatrices o desfiguraciones significativas y permanentes, o<\/li>\n<li>Muerte.<\/li>\n<\/ul>\n<\/li>\n<li><strong>El otro conductor no mostr\u00f3 un cuidado razonable<\/strong>: La v\u00edctima del conductor sin seguro debe demostrar que el otro conductor actu\u00f3 con negligencia al causar el accidente. Esto puede implicar la necesidad de pruebas de la culpa del otro conductor, que preparar\u00e1 su abogado.<\/li>\n<li><strong>El otro conductor carec\u00eda de cobertura de seguro o de cobertura suficiente para pagar sus lesiones<\/strong>: Finalmente, las v\u00edctimas de conductores sin seguro deben demostrar que no hab\u00eda cobertura suficiente disponible para sus lesiones. La aseguradora puede argumentar que sus lesiones no son tan valiosas como usted cree que son y que, en cambio, la cantidad disponible para usted en la cobertura existente deber\u00eda ser suficiente. En estos casos, es extremadamente \u00fatil contar con la ayuda de un abogado para defender su puesto. Su abogado comprender\u00e1 cu\u00e1l es la mejor manera de utilizar la evidencia disponible y el precedente legal para demostrar su derecho a una compensaci\u00f3n adicional.<\/li>\n<\/ul>\n<h2><span class=\"ez-toc-section\" id=\"%C2%BFAtropellado_por_un_Conductor_Sin_Seguro_en_Florida_Meldon_Law_Le_Respalda\"><\/span>\u00bfAtropellado por un Conductor Sin Seguro en Florida? Meldon Law Le Respalda.<span class=\"ez-toc-section-end\"><\/span><\/h2>\n<p>Las v\u00edctimas de accidentes con conductores sin seguro tienen opciones, pero es probable que necesiten ayuda legal para aprovechar al m\u00e1ximo las opciones disponibles. Para obtener ayuda experimentada, compasiva y comprometida despu\u00e9s de un accidente causado por un conductor sin seguro en Florida, comun\u00edquese con Meldon Law para una evaluaci\u00f3n gratuita de su caso.<\/p>\n            \n            <div class='shareThisWrapper ' style=\"text-align:center!important;\">\n                <a target='_blank' href=\"https:\/\/www.facebook.com\/sharer\/sharer.php?u=https%3A%2F%2Fwww.meldonlaw.com%2Fes%2Fflorida%2Fabogado-accidentes-auto%2Fsin-seguro%2F\">\n                    <img loading=\"lazy\" decoding=\"async\" src=\"\/wp-content\/themes\/meldon-law\/img\/social-media-icons\/facebook-icon.png\" alt=\"Share on Facebook\" width=\"30\" height=\"30\">\n                <\/a>\n                <a target='_blank' href=\"https:\/\/twitter.com\/intent\/tweet?url=https%3A%2F%2Fwww.meldonlaw.com%2Fes%2Fflorida%2Fabogado-accidentes-auto%2Fsin-seguro%2F&text=Abogados+de+Accidentes+con+Conductores+Sin+Seguro+de+Florida\">\n                    <img loading=\"lazy\" decoding=\"async\" src=\"\/wp-content\/themes\/meldon-law\/img\/social-media-icons\/x-icon.png\" alt=\"Tweet this\" width=\"30\" height=\"30\">\n                <\/a>\n                <a target='_blank' href=\"https:\/\/www.linkedin.com\/shareArticle?mini=true&url=https%3A%2F%2Fwww.meldonlaw.com%2Fes%2Fflorida%2Fabogado-accidentes-auto%2Fsin-seguro%2F&title=Abogados+de+Accidentes+con+Conductores+Sin+Seguro+de+Florida\">\n                    <img loading=\"lazy\" decoding=\"async\" src=\"\/wp-content\/themes\/meldon-law\/img\/social-media-icons\/linkedin-icon.png\" alt=\"Share on LinkedIn\" width=\"30\" height=\"30\">\n                <\/a>\n                <a target='_blank' href=\"https:\/\/pinterest.com\/pin\/create\/button\/?url=https%3A%2F%2Fwww.meldonlaw.com%2Fes%2Fflorida%2Fabogado-accidentes-auto%2Fsin-seguro%2F&media=&description=Abogados+de+Accidentes+con+Conductores+Sin+Seguro+de+Florida\">\n                    <img loading=\"lazy\" decoding=\"async\" src=\"\/wp-content\/themes\/meldon-law\/img\/social-media-icons\/pinterest-icon.png\" alt=\"Pin on Pinterest\" width=\"30\" height=\"30\">\n                <\/a>\n                <a target='_blank' href=\"https:\/\/instagram.com\">\n                    <img loading=\"lazy\" decoding=\"async\" src=\"\/wp-content\/themes\/meldon-law\/img\/social-media-icons\/instagram-icon.png\" alt=\"Visit our Instagram\" width=\"30\" height=\"30\">\n                <\/a>\n            <\/div>","protected":false},"excerpt":{"rendered":"<p>Cuando los Conductores Desobedecen las Reglas, un Abogado Calificado en Florida de Meldon Law Puede Ayudar Todos los conductores de Florida deben tener cobertura de seguro. A pesar de esta ley, miles de conductores viajan por las carreteras y autopistas de Florida todos los d\u00edas sin ella. No contar con un seguro es peligroso&#8230; <a class=\"moretag\"\n href=\"https:\/\/www.meldonlaw.com\/es\/florida\/abogado-accidentes-auto\/sin-seguro\/\">Read More<\/a><\/p>\n","protected":false},"author":1,"featured_media":0,"parent":21379,"menu_order":368,"comment_status":"closed","ping_status":"closed","template":"","meta":{"_acf_changed":false,"inline_featured_image":false,"footnotes":""},"class_list":["post-21476","page","type-page","status-publish","hentry"],"acf":[],"yoast_head":"<!-- This site is optimized with the Yoast SEO plugin v25.2 - https:\/\/yoast.com\/wordpress\/plugins\/seo\/ -->\n<title>Abogados de Accidentes con Conductores Sin Seguro en FL | Meldon Law<\/title>\n<meta name=\"description\" content=\"Nuestros experimentados abogados de accidentes sin seguro de la Florida en Meldon Law est\u00e1n listos para luchar por su compensaci\u00f3n, lo que le permite centrarse en su recuperaci\u00f3n.\" \/>\n<meta name=\"robots\" content=\"index, follow, max-snippet:-1, max-image-preview:large, max-video-preview:-1\" \/>\n<link rel=\"canonical\" href=\"https:\/\/www.meldonlaw.com\/es\/florida\/abogado-accidentes-auto\/sin-seguro\/\" \/>\n<meta name=\"twitter:card\" content=\"summary_large_image\" \/>\n<meta name=\"twitter:title\" content=\"Abogados de Accidentes con Conductores Sin Seguro en FL | Meldon Law\" \/>\n<meta name=\"twitter:description\" content=\"Nuestros experimentados abogados de accidentes sin seguro de la Florida en Meldon Law est\u00e1n listos para luchar por su compensaci\u00f3n, lo que le permite centrarse en su recuperaci\u00f3n.\" \/>\n<meta name=\"twitter:label1\" content=\"Tiempo de lectura\" \/>\n\t<meta name=\"twitter:data1\" content=\"5 minutos\" \/>\n<!-- \/ Yoast SEO plugin. -->","yoast_head_json":{"title":"Abogados de Accidentes con Conductores Sin Seguro en FL | Meldon Law","description":"Nuestros experimentados abogados de accidentes sin seguro de la Florida en Meldon Law est\u00e1n listos para luchar por su compensaci\u00f3n, lo que le permite centrarse en su recuperaci\u00f3n.","robots":{"index":"index","follow":"follow","max-snippet":"max-snippet:-1","max-image-preview":"max-image-preview:large","max-video-preview":"max-video-preview:-1"},"canonical":"https:\/\/www.meldonlaw.com\/es\/florida\/abogado-accidentes-auto\/sin-seguro\/","twitter_card":"summary_large_image","twitter_title":"Abogados de Accidentes con Conductores Sin Seguro en FL | Meldon Law","twitter_description":"Nuestros experimentados abogados de accidentes sin seguro de la Florida en Meldon Law est\u00e1n listos para luchar por su compensaci\u00f3n, lo que le permite centrarse en su recuperaci\u00f3n.","twitter_misc":{"Tiempo de lectura":"5 minutos"},"schema":{"@context":"https:\/\/schema.org","@graph":[{"@type":"WebPage","@id":"https:\/\/www.meldonlaw.com\/es\/florida\/abogado-accidentes-auto\/sin-seguro\/","url":"https:\/\/www.meldonlaw.com\/es\/florida\/abogado-accidentes-auto\/sin-seguro\/","name":"Abogados de Accidentes con Conductores Sin Seguro en FL | Meldon Law","isPartOf":{"@id":"https:\/\/www.meldonlaw.com\/es\/#website"},"datePublished":"2021-07-30T22:39:30+00:00","dateModified":"2025-12-09T13:33:47+00:00","description":"Nuestros experimentados abogados de accidentes sin seguro de la Florida en Meldon Law est\u00e1n listos para luchar por su compensaci\u00f3n, lo que le permite centrarse en su recuperaci\u00f3n.","breadcrumb":{"@id":"https:\/\/www.meldonlaw.com\/es\/florida\/abogado-accidentes-auto\/sin-seguro\/#breadcrumb"},"inLanguage":"es","potentialAction":[{"@type":"ReadAction","target":["https:\/\/www.meldonlaw.com\/es\/florida\/abogado-accidentes-auto\/sin-seguro\/"]}]},{"@type":"BreadcrumbList","@id":"https:\/\/www.meldonlaw.com\/es\/florida\/abogado-accidentes-auto\/sin-seguro\/#breadcrumb","itemListElement":[{"@type":"ListItem","position":1,"name":"Home","item":"https:\/\/www.meldonlaw.com\/es\/"},{"@type":"ListItem","position":2,"name":"Abogados de Lesiones Personales de Florida","item":"https:\/\/www.meldonlaw.com\/es\/florida\/"},{"@type":"ListItem","position":3,"name":"Abogados de Accidentes Automovil\u00edsticos en Florida","item":"https:\/\/www.meldonlaw.com\/es\/florida\/abogado-accidentes-auto\/"},{"@type":"ListItem","position":4,"name":"Abogados de Accidentes con Conductores Sin Seguro de Florida"}]},{"@type":"WebSite","@id":"https:\/\/www.meldonlaw.com\/es\/#website","url":"https:\/\/www.meldonlaw.com\/es\/","name":"Meldon Law","description":"","potentialAction":[{"@type":"SearchAction","target":{"@type":"EntryPoint","urlTemplate":"https:\/\/www.meldonlaw.com\/es\/?s={search_term_string}"},"query-input":{"@type":"PropertyValueSpecification","valueRequired":true,"valueName":"search_term_string"}}],"inLanguage":"es"}]}},"_links":{"self":[{"href":"https:\/\/www.meldonlaw.com\/es\/wp-json\/wp\/v2\/pages\/21476","targetHints":{"allow":["GET"]}}],"collection":[{"href":"https:\/\/www.meldonlaw.com\/es\/wp-json\/wp\/v2\/pages"}],"about":[{"href":"https:\/\/www.meldonlaw.com\/es\/wp-json\/wp\/v2\/types\/page"}],"author":[{"embeddable":true,"href":"https:\/\/www.meldonlaw.com\/es\/wp-json\/wp\/v2\/users\/1"}],"replies":[{"embeddable":true,"href":"https:\/\/www.meldonlaw.com\/es\/wp-json\/wp\/v2\/comments?post=21476"}],"version-history":[{"count":0,"href":"https:\/\/www.meldonlaw.com\/es\/wp-json\/wp\/v2\/pages\/21476\/revisions"}],"up":[{"embeddable":true,"href":"https:\/\/www.meldonlaw.com\/es\/wp-json\/wp\/v2\/pages\/21379"}],"wp:attachment":[{"href":"https:\/\/www.meldonlaw.com\/es\/wp-json\/wp\/v2\/media?parent=21476"}],"curies":[{"name":"wp","href":"https:\/\/api.w.org\/{rel}","templated":true}]}}