{"id":21473,"date":"2021-07-30T15:39:29","date_gmt":"2021-07-30T22:39:29","guid":{"rendered":"https:\/\/www.meldonlaw.com\/florida\/abogado-lesiones-catastroficas\/burn\/"},"modified":"2025-12-09T05:22:39","modified_gmt":"2025-12-09T13:22:39","slug":"quemaduras","status":"publish","type":"page","link":"https:\/\/www.meldonlaw.com\/es\/florida\/abogado-lesiones-catastroficas\/quemaduras\/","title":{"rendered":"Abogados de Lesiones por Quemaduras en Florida"},"content":{"rendered":"<div id=\"ez-toc-container\" class=\"ez-toc-v2_0_76 counter-hierarchy ez-toc-counter ez-toc-grey ez-toc-container-direction\">\n<div class=\"ez-toc-title-container\">\n<p class=\"ez-toc-title\" style=\"cursor:inherit\">Tabla de Contenidos<\/p>\n<span class=\"ez-toc-title-toggle\"><a href=\"#\" class=\"ez-toc-pull-right ez-toc-btn ez-toc-btn-xs ez-toc-btn-default ez-toc-toggle\" aria-label=\"Alternar tabla de contenidos\"><span class=\"ez-toc-js-icon-con\"><span class=\"\"><span class=\"eztoc-hide\" style=\"display:none;\">Toggle<\/span><span class=\"ez-toc-icon-toggle-span\"><svg style=\"fill: #999;color:#999\" xmlns=\"http:\/\/www.w3.org\/2000\/svg\" class=\"list-377408\" width=\"20px\" height=\"20px\" viewBox=\"0 0 24 24\" fill=\"none\"><path d=\"M6 6H4v2h2V6zm14 0H8v2h12V6zM4 11h2v2H4v-2zm16 0H8v2h12v-2zM4 16h2v2H4v-2zm16 0H8v2h12v-2z\" fill=\"currentColor\"><\/path><\/svg><svg style=\"fill: #999;color:#999\" class=\"arrow-unsorted-368013\" xmlns=\"http:\/\/www.w3.org\/2000\/svg\" width=\"10px\" height=\"10px\" viewBox=\"0 0 24 24\" version=\"1.2\" baseProfile=\"tiny\"><path d=\"M18.2 9.3l-6.2-6.3-6.2 6.3c-.2.2-.3.4-.3.7s.1.5.3.7c.2.2.4.3.7.3h11c.3 0 .5-.1.7-.3.2-.2.3-.5.3-.7s-.1-.5-.3-.7zM5.8 14.7l6.2 6.3 6.2-6.3c.2-.2.3-.5.3-.7s-.1-.5-.3-.7c-.2-.2-.4-.3-.7-.3h-11c-.3 0-.5.1-.7.3-.2.2-.3.5-.3.7s.1.5.3.7z\"\/><\/svg><\/span><\/span><\/span><\/a><\/span><\/div>\n<nav><ul class='ez-toc-list ez-toc-list-level-1 eztoc-toggle-hide-by-default' ><li class='ez-toc-page-1 ez-toc-heading-level-2'><a class=\"ez-toc-link ez-toc-heading-1\" href=\"https:\/\/www.meldonlaw.com\/es\/florida\/abogado-lesiones-catastroficas\/quemaduras\/#Las_Quemaduras_Pueden_Dejar_a_las_Victimas_con_Danos_Permanentes\" >Las Quemaduras Pueden Dejar a las V\u00edctimas con Da\u00f1os Permanentes<\/a><\/li><li class='ez-toc-page-1 ez-toc-heading-level-2'><a class=\"ez-toc-link ez-toc-heading-2\" href=\"https:\/\/www.meldonlaw.com\/es\/florida\/abogado-lesiones-catastroficas\/quemaduras\/#Las_Victimas_de_Quemaduras_Graves_Pueden_Tener_Derecho_a_una_Indemnizacion\" >Las V\u00edctimas de Quemaduras Graves Pueden Tener Derecho a una Indemnizaci\u00f3n<\/a><\/li><li class='ez-toc-page-1 ez-toc-heading-level-2'><a class=\"ez-toc-link ez-toc-heading-3\" href=\"https:\/\/www.meldonlaw.com\/es\/florida\/abogado-lesiones-catastroficas\/quemaduras\/#%C2%BFCuales_son_los_diferentes_niveles_de_lesiones_por_quemaduras\" >\u00bfCu\u00e1les son los diferentes niveles de lesiones por quemaduras?<\/a><\/li><li class='ez-toc-page-1 ez-toc-heading-level-2'><a class=\"ez-toc-link ez-toc-heading-4\" href=\"https:\/\/www.meldonlaw.com\/es\/florida\/abogado-lesiones-catastroficas\/quemaduras\/#%C2%BFCuales_son_los_Tipos_de_Quemaduras\" >\u00bfCu\u00e1les son los Tipos de Quemaduras?<\/a><\/li><li class='ez-toc-page-1 ez-toc-heading-level-2'><a class=\"ez-toc-link ez-toc-heading-5\" href=\"https:\/\/www.meldonlaw.com\/es\/florida\/abogado-lesiones-catastroficas\/quemaduras\/#Elija_Abogados_de_Lesiones_por_Quemaduras_en_Florida_con_Experiencia_en_la_que_Pueda_Confiar\" >Elija Abogados de Lesiones por Quemaduras en Florida con Experiencia en la que Pueda Confiar<\/a><\/li><li class='ez-toc-page-1 ez-toc-heading-level-2'><a class=\"ez-toc-link ez-toc-heading-6\" href=\"https:\/\/www.meldonlaw.com\/es\/florida\/abogado-lesiones-catastroficas\/quemaduras\/#Abogados_de_Lesiones_por_Quemaduras_de_Florida_Aqui_Para_Usted_Cuando_Nos_Necesite\" >Abogados de Lesiones por Quemaduras de Florida Aqu\u00ed Para Usted Cuando Nos Necesite<\/a><\/li><\/ul><\/nav><\/div>\n<h2><span class=\"ez-toc-section\" id=\"Las_Quemaduras_Pueden_Dejar_a_las_Victimas_con_Danos_Permanentes\"><\/span>Las Quemaduras Pueden Dejar a las V\u00edctimas con Da\u00f1os Permanentes<span class=\"ez-toc-section-end\"><\/span><\/h2>\n<p>Cada a\u00f1o en los EE. UU., M\u00e1s de un mill\u00f3n de personas sufren una quemadura que es lo suficientemente grave como para requerir atenci\u00f3n m\u00e9dica. Las quemaduras pueden ser extremadamente dolorosas y desfigurantes. Algunas de las lesiones por quemaduras m\u00e1s graves requieren cirug\u00edas repetidas y procedimientos de injerto de piel dolorosos para su reparaci\u00f3n. Estas lesiones no solo son dolorosas de experimentar; tambi\u00e9n pueden ser muy costosos de tratar, dejando a las v\u00edctimas con facturas m\u00e9dicas asombrosas.<\/p>\n<h2><span class=\"ez-toc-section\" id=\"Las_Victimas_de_Quemaduras_Graves_Pueden_Tener_Derecho_a_una_Indemnizacion\"><\/span>Las V\u00edctimas de Quemaduras Graves Pueden Tener Derecho a una Indemnizaci\u00f3n<span class=\"ez-toc-section-end\"><\/span><\/h2>\n<p>Cuando las quemaduras son el resultado de las acciones descuidadas de otra persona, las v\u00edctimas tienen derecho a reclamar da\u00f1os y perjuicios a la parte responsable. Los\u00a0<strong>abogados de lesiones por quemaduras en Florida<\/strong>\u00a0de Meldon Law comprenden el costo emocional y f\u00edsico que sufren las v\u00edctimas de quemaduras. Nuestros abogados experimentados est\u00e1n comprometidos a luchar por nuestros clientes, asegur\u00e1ndose de que comprendan el proceso en cada paso y respondiendo las preguntas que surjan. Comun\u00edquese con los abogados compasivos y listos para el juicio de Meldon Law cuando est\u00e9 listo para buscar una compensaci\u00f3n despu\u00e9s de un accidente por quemaduras en Florida.<\/p>\n<h2><span class=\"ez-toc-section\" id=\"%C2%BFCuales_son_los_diferentes_niveles_de_lesiones_por_quemaduras\"><\/span>\u00bfCu\u00e1les son los diferentes niveles de lesiones por quemaduras?<span class=\"ez-toc-section-end\"><\/span><\/h2>\n<p>Las quemaduras se eval\u00faan en funci\u00f3n de la profundidad de la quemadura de la v\u00edctima y se clasifican seg\u00fan los grados. Cuanto m\u00e1s profunda sea la quemadura, mayor ser\u00e1 el grado de quemadura. Hay cuatro grados de quemadura y cada grado se describe con mayor detalle a continuaci\u00f3n.<\/p>\n<ul>\n<li><u>Las quemaduras de primer grado<\/u>, tambi\u00e9n conocidas como quemaduras \u201csuperficiales\u201d, solo afectan la capa externa de la piel de la v\u00edctima. No hay ampollas asociadas con una quemadura de primer grado, pero la piel aparecer\u00e1 enrojecida y ser\u00e1 sensible al tacto. Un ejemplo de quemadura de primer grado es una quemadura solar leve. Las quemaduras de primer grado rara vez causan da\u00f1os a largo plazo en la piel.<\/li>\n<li><u>Las quemaduras de segundo grado<\/u>, tambi\u00e9n conocidas como quemaduras de \u201cespesor parcial\u201d, han penetrado tanto en la epidermis, o la primera capa de piel, como en la dermis, que es la capa debajo de la capa m\u00e1s externa de la piel. Las quemaduras de segundo grado suelen presentar ampollas y enrojecimiento. La hinchaz\u00f3n tambi\u00e9n es posible con las quemaduras de segundo grado y pueden producirse cicatrices.<\/li>\n<li><u>Las quemaduras de tercer grado<\/u>, tambi\u00e9n llamadas quemaduras de \u201cespesor total\u201d, son lo suficientemente intensas para viajar a trav\u00e9s de la epidermis y la dermis y, a menudo, alcanzan o da\u00f1an el tejido subcut\u00e1neo. Las terminaciones nerviosas a menudo se destruyen por quemaduras de tercer grado. En lugar de enrojecer la piel como las quemaduras de primer y segundo grado, las capas de la piel externa son destruidas por quemaduras de tercer grado. En cambio, el sitio de la quemadura puede verse carbonizado o blanco. A largo plazo, la piel en el sitio de una quemadura de tercer grado puede observarse correosa. Los injertos de piel a menudo son necesarios para las quemaduras de tercer grado.<\/li>\n<li><u>Las quemaduras de cuarto grado<\/u>\u00a0atraviesan la epidermis, la dermis y el tejido subcut\u00e1neo, e incluso pueden causar da\u00f1o a los m\u00fasculos y huesos subyacentes o incluso a \u00f3rganos corporales. Las quemaduras de cuarto grado son el tipo m\u00e1s grave de quemaduras y, a menudo, ponen en peligro la vida.<\/li>\n<\/ul>\n<h2><span class=\"ez-toc-section\" id=\"%C2%BFCuales_son_los_Tipos_de_Quemaduras\"><\/span>\u00bfCu\u00e1les son los Tipos de Quemaduras?<span class=\"ez-toc-section-end\"><\/span><\/h2>\n<p>Hay cuatro tipos principales de quemaduras, seg\u00fan la fuente de la quemadura. Estos son:<\/p>\n<ul>\n<li><strong>Quemaduras qu\u00edmicas<\/strong>: estas quemaduras son causadas por alg\u00fan tipo de \u00e1cido, qu\u00edmico alcalino o explosi\u00f3n de una reacci\u00f3n qu\u00edmica.<\/li>\n<li><strong>Quemaduras por radiaci\u00f3n<\/strong>: estas quemaduras son causadas por una exposici\u00f3n prolongada a la luz solar o luz ultravioleta artificial, o a una fuente de radiaci\u00f3n como una radiograf\u00eda.<\/li>\n<li><strong>Quemaduras el\u00e9ctricas<\/strong>: una quemadura el\u00e9ctrica proviene del contacto con una corriente el\u00e9ctrica.<\/li>\n<li><strong>Quemaduras t\u00e9rmicas<\/strong>: estas quemaduras son el resultado de la exposici\u00f3n de la piel a una fuente de calor externa. Estos pueden incluir l\u00edquidos calientes, metales calientes, vapor o fuego.<\/li>\n<\/ul>\n<p>Los cuatro tipos de quemaduras pueden surgir de muchos tipos diferentes de accidentes, como:<\/p>\n<ul>\n<li>Accidentes automovil\u00edsticos<\/li>\n<li>Accidentes de motocicleta<\/li>\n<li>Accidentes de camiones grandes<\/li>\n<li>Accidentes de responsabilidad en las instalaciones, como no almacenar adecuadamente los productos qu\u00edmicos peligrosos<\/li>\n<\/ul>\n<h2><span class=\"ez-toc-section\" id=\"Elija_Abogados_de_Lesiones_por_Quemaduras_en_Florida_con_Experiencia_en_la_que_Pueda_Confiar\"><\/span>Elija Abogados de Lesiones por Quemaduras en Florida con Experiencia en la que Pueda Confiar<span class=\"ez-toc-section-end\"><\/span><\/h2>\n<p>Al buscar da\u00f1os y perjuicios despu\u00e9s de una lesi\u00f3n catastr\u00f3fica, como una quemadura grave, es de vital importancia elegir la representaci\u00f3n legal adecuada para su reclamo. Las reclamaciones por lesiones catastr\u00f3ficas implican demostraciones complejas de da\u00f1os que incluyen:<\/p>\n<ul>\n<li>Los costos asociados con la atenci\u00f3n m\u00e9dica de emergencia y el transporte, como ambulancia o transporte de Life Flight<\/li>\n<li>Costos de estad\u00eda hospitalaria prolongada<\/li>\n<li>Costos de tratamiento del centro de quemados<\/li>\n<li>Gastos m\u00e9dicos futuros<\/li>\n<li>Costos asociados con la terapia de rehabilitaci\u00f3n<\/li>\n<li>Procedimientos quir\u00fargicos futuros anticipados, como injertos de piel o procedimientos de cirug\u00eda pl\u00e1stica reconstructiva<\/li>\n<li>Costos de dispositivos prot\u00e9sicos<\/li>\n<li>Salarios pasados \u200b\u200by futuros perdidos<\/li>\n<li>Dolor y sufrimiento<\/li>\n<li>Posibles da\u00f1os punitivos<\/li>\n<\/ul>\n<p>Cada una de estas formas de da\u00f1os requiere una recopilaci\u00f3n y presentaci\u00f3n cuidadosas de pruebas, un uso h\u00e1bil de los precedentes de casos y la selecci\u00f3n de expertos respetados para que testifiquen en su nombre. Necesita un bufete de abogados que pueda manejar la responsabilidad de un caso tan complejo.<\/p>\n<h2><span class=\"ez-toc-section\" id=\"Abogados_de_Lesiones_por_Quemaduras_de_Florida_Aqui_Para_Usted_Cuando_Nos_Necesite\"><\/span>Abogados de Lesiones por Quemaduras de Florida Aqu\u00ed Para Usted Cuando Nos Necesite<span class=\"ez-toc-section-end\"><\/span><\/h2>\n<p>Los abogados de lesiones personales de Florida en Meldon Law tienen d\u00e9cadas de experiencia representando a v\u00edctimas de accidentes graves, como quemaduras graves. Sabemos c\u00f3mo probar las afirmaciones de nuestros clientes y no descansaremos hasta obtener el mayor premio posible para nuestros clientes. Nuestro historial de \u00e9xito en demandas por lesiones en Florida habla por s\u00ed solo. Comun\u00edquese con los abogados de lesiones por quemaduras de Florida en Meldon Law para discutir su caso y recibir una consulta gratuita.<\/p>\n            \n            <div class='shareThisWrapper ' style=\"text-align:center!important;\">\n                <a target='_blank' href=\"https:\/\/www.facebook.com\/sharer\/sharer.php?u=https%3A%2F%2Fwww.meldonlaw.com%2Fes%2Fflorida%2Fabogado-lesiones-catastroficas%2Fquemaduras%2F\">\n                    <img loading=\"lazy\" decoding=\"async\" src=\"\/wp-content\/themes\/meldon-law\/img\/social-media-icons\/facebook-icon.png\" alt=\"Share on Facebook\" width=\"30\" height=\"30\">\n                <\/a>\n                <a target='_blank' href=\"https:\/\/twitter.com\/intent\/tweet?url=https%3A%2F%2Fwww.meldonlaw.com%2Fes%2Fflorida%2Fabogado-lesiones-catastroficas%2Fquemaduras%2F&text=Abogados+de+Lesiones+por+Quemaduras+en+Florida\">\n                    <img loading=\"lazy\" decoding=\"async\" src=\"\/wp-content\/themes\/meldon-law\/img\/social-media-icons\/x-icon.png\" alt=\"Tweet this\" width=\"30\" height=\"30\">\n                <\/a>\n                <a target='_blank' href=\"https:\/\/www.linkedin.com\/shareArticle?mini=true&url=https%3A%2F%2Fwww.meldonlaw.com%2Fes%2Fflorida%2Fabogado-lesiones-catastroficas%2Fquemaduras%2F&title=Abogados+de+Lesiones+por+Quemaduras+en+Florida\">\n                    <img loading=\"lazy\" decoding=\"async\" src=\"\/wp-content\/themes\/meldon-law\/img\/social-media-icons\/linkedin-icon.png\" alt=\"Share on LinkedIn\" width=\"30\" height=\"30\">\n                <\/a>\n                <a target='_blank' href=\"https:\/\/pinterest.com\/pin\/create\/button\/?url=https%3A%2F%2Fwww.meldonlaw.com%2Fes%2Fflorida%2Fabogado-lesiones-catastroficas%2Fquemaduras%2F&media=https%3A%2F%2Fwww.meldonlaw.com%2Fwp-content%2Fuploads%2F2024%2F07%2FFlorida-Burn-Injury-Lawyer.jpg&description=Abogados+de+Lesiones+por+Quemaduras+en+Florida\">\n                    <img loading=\"lazy\" decoding=\"async\" src=\"\/wp-content\/themes\/meldon-law\/img\/social-media-icons\/pinterest-icon.png\" alt=\"Pin on Pinterest\" width=\"30\" height=\"30\">\n                <\/a>\n                <a target='_blank' href=\"https:\/\/instagram.com\">\n                    <img loading=\"lazy\" decoding=\"async\" src=\"\/wp-content\/themes\/meldon-law\/img\/social-media-icons\/instagram-icon.png\" alt=\"Visit our Instagram\" width=\"30\" height=\"30\">\n                <\/a>\n            <\/div>","protected":false},"excerpt":{"rendered":"<p>Las Quemaduras Pueden Dejar a las V\u00edctimas con Da\u00f1os Permanentes Cada a\u00f1o en los EE. UU., M\u00e1s de un mill\u00f3n de personas sufren una quemadura que es lo suficientemente grave como para requerir atenci\u00f3n m\u00e9dica. Las quemaduras pueden ser extremadamente dolorosas y desfigurantes. Algunas de las lesiones por quemaduras m\u00e1s graves requieren cirug\u00edas repetidas&#8230; <a class=\"moretag\"\n href=\"https:\/\/www.meldonlaw.com\/es\/florida\/abogado-lesiones-catastroficas\/quemaduras\/\">Read More<\/a><\/p>\n","protected":false},"author":1,"featured_media":21474,"parent":21381,"menu_order":339,"comment_status":"closed","ping_status":"closed","template":"","meta":{"_acf_changed":false,"inline_featured_image":false,"footnotes":""},"class_list":["post-21473","page","type-page","status-publish","has-post-thumbnail","hentry"],"acf":[],"yoast_head":"<!-- This site is optimized with the Yoast SEO plugin v25.2 - https:\/\/yoast.com\/wordpress\/plugins\/seo\/ -->\n<title>Abogados de Lesiones por Quemaduras en Florida | Meldon Law<\/title>\n<meta name=\"description\" content=\"Los abogados de lesiones por quemaduras de la Florida en Meldon Law entienden el costo emocional y f\u00edsico que sufren las v\u00edctimas de quemaduras, p\u00f3ngase en contacto con nuestra firma hoy.\" \/>\n<meta name=\"robots\" content=\"index, follow, max-snippet:-1, max-image-preview:large, max-video-preview:-1\" \/>\n<link rel=\"canonical\" href=\"https:\/\/www.meldonlaw.com\/es\/florida\/abogado-lesiones-catastroficas\/quemaduras\/\" \/>\n<meta name=\"twitter:card\" content=\"summary_large_image\" \/>\n<meta name=\"twitter:title\" content=\"Abogados de Lesiones por Quemaduras en Florida | Meldon Law\" \/>\n<meta name=\"twitter:description\" content=\"Los abogados de lesiones por quemaduras de la Florida en Meldon Law entienden el costo emocional y f\u00edsico que sufren las v\u00edctimas de quemaduras, p\u00f3ngase en contacto con nuestra firma hoy.\" \/>\n<meta name=\"twitter:image\" content=\"https:\/\/www.meldonlaw.com\/wp-content\/uploads\/2024\/07\/Florida-Burn-Injury-Lawyer.jpg\" \/>\n<meta name=\"twitter:label1\" content=\"Tiempo de lectura\" \/>\n\t<meta name=\"twitter:data1\" content=\"5 minutos\" \/>\n<!-- \/ Yoast SEO plugin. -->","yoast_head_json":{"title":"Abogados de Lesiones por Quemaduras en Florida | Meldon Law","description":"Los abogados de lesiones por quemaduras de la Florida en Meldon Law entienden el costo emocional y f\u00edsico que sufren las v\u00edctimas de quemaduras, p\u00f3ngase en contacto con nuestra firma hoy.","robots":{"index":"index","follow":"follow","max-snippet":"max-snippet:-1","max-image-preview":"max-image-preview:large","max-video-preview":"max-video-preview:-1"},"canonical":"https:\/\/www.meldonlaw.com\/es\/florida\/abogado-lesiones-catastroficas\/quemaduras\/","twitter_card":"summary_large_image","twitter_title":"Abogados de Lesiones por Quemaduras en Florida | Meldon Law","twitter_description":"Los abogados de lesiones por quemaduras de la Florida en Meldon Law entienden el costo emocional y f\u00edsico que sufren las v\u00edctimas de quemaduras, p\u00f3ngase en contacto con nuestra firma hoy.","twitter_image":"https:\/\/www.meldonlaw.com\/wp-content\/uploads\/2024\/07\/Florida-Burn-Injury-Lawyer.jpg","twitter_misc":{"Tiempo de lectura":"5 minutos"},"schema":{"@context":"https:\/\/schema.org","@graph":[{"@type":"WebPage","@id":"https:\/\/www.meldonlaw.com\/es\/florida\/abogado-lesiones-catastroficas\/quemaduras\/","url":"https:\/\/www.meldonlaw.com\/es\/florida\/abogado-lesiones-catastroficas\/quemaduras\/","name":"Abogados de Lesiones por Quemaduras en Florida | Meldon Law","isPartOf":{"@id":"https:\/\/www.meldonlaw.com\/es\/#website"},"primaryImageOfPage":{"@id":"https:\/\/www.meldonlaw.com\/es\/florida\/abogado-lesiones-catastroficas\/quemaduras\/#primaryimage"},"image":{"@id":"https:\/\/www.meldonlaw.com\/es\/florida\/abogado-lesiones-catastroficas\/quemaduras\/#primaryimage"},"thumbnailUrl":"https:\/\/www.meldonlaw.com\/wp-content\/uploads\/2024\/07\/Florida-Burn-Injury-Lawyer.jpg","datePublished":"2021-07-30T22:39:29+00:00","dateModified":"2025-12-09T13:22:39+00:00","description":"Los abogados de lesiones por quemaduras de la Florida en Meldon Law entienden el costo emocional y f\u00edsico que sufren las v\u00edctimas de quemaduras, p\u00f3ngase en contacto con nuestra firma hoy.","breadcrumb":{"@id":"https:\/\/www.meldonlaw.com\/es\/florida\/abogado-lesiones-catastroficas\/quemaduras\/#breadcrumb"},"inLanguage":"es","potentialAction":[{"@type":"ReadAction","target":["https:\/\/www.meldonlaw.com\/es\/florida\/abogado-lesiones-catastroficas\/quemaduras\/"]}]},{"@type":"ImageObject","inLanguage":"es","@id":"https:\/\/www.meldonlaw.com\/es\/florida\/abogado-lesiones-catastroficas\/quemaduras\/#primaryimage","url":"https:\/\/www.meldonlaw.com\/wp-content\/uploads\/2024\/07\/Florida-Burn-Injury-Lawyer.jpg","contentUrl":"https:\/\/www.meldonlaw.com\/wp-content\/uploads\/2024\/07\/Florida-Burn-Injury-Lawyer.jpg","width":1280,"height":720,"caption":"Florida Burn Injury Lawyer"},{"@type":"BreadcrumbList","@id":"https:\/\/www.meldonlaw.com\/es\/florida\/abogado-lesiones-catastroficas\/quemaduras\/#breadcrumb","itemListElement":[{"@type":"ListItem","position":1,"name":"Home","item":"https:\/\/www.meldonlaw.com\/es\/"},{"@type":"ListItem","position":2,"name":"Abogados de Lesiones Personales de Florida","item":"https:\/\/www.meldonlaw.com\/es\/florida\/"},{"@type":"ListItem","position":3,"name":"Abogados de Lesiones Catastr\u00f3ficas de Florida","item":"https:\/\/www.meldonlaw.com\/es\/florida\/abogado-lesiones-catastroficas\/"},{"@type":"ListItem","position":4,"name":"Abogados de Lesiones por Quemaduras en Florida"}]},{"@type":"WebSite","@id":"https:\/\/www.meldonlaw.com\/es\/#website","url":"https:\/\/www.meldonlaw.com\/es\/","name":"Meldon Law","description":"","potentialAction":[{"@type":"SearchAction","target":{"@type":"EntryPoint","urlTemplate":"https:\/\/www.meldonlaw.com\/es\/?s={search_term_string}"},"query-input":{"@type":"PropertyValueSpecification","valueRequired":true,"valueName":"search_term_string"}}],"inLanguage":"es"}]}},"_links":{"self":[{"href":"https:\/\/www.meldonlaw.com\/es\/wp-json\/wp\/v2\/pages\/21473","targetHints":{"allow":["GET"]}}],"collection":[{"href":"https:\/\/www.meldonlaw.com\/es\/wp-json\/wp\/v2\/pages"}],"about":[{"href":"https:\/\/www.meldonlaw.com\/es\/wp-json\/wp\/v2\/types\/page"}],"author":[{"embeddable":true,"href":"https:\/\/www.meldonlaw.com\/es\/wp-json\/wp\/v2\/users\/1"}],"replies":[{"embeddable":true,"href":"https:\/\/www.meldonlaw.com\/es\/wp-json\/wp\/v2\/comments?post=21473"}],"version-history":[{"count":0,"href":"https:\/\/www.meldonlaw.com\/es\/wp-json\/wp\/v2\/pages\/21473\/revisions"}],"up":[{"embeddable":true,"href":"https:\/\/www.meldonlaw.com\/es\/wp-json\/wp\/v2\/pages\/21381"}],"wp:featuredmedia":[{"embeddable":true,"href":"https:\/\/www.meldonlaw.com\/es\/wp-json\/wp\/v2\/media\/21474"}],"wp:attachment":[{"href":"https:\/\/www.meldonlaw.com\/es\/wp-json\/wp\/v2\/media?parent=21473"}],"curies":[{"name":"wp","href":"https:\/\/api.w.org\/{rel}","templated":true}]}}