{"id":21468,"date":"2021-07-30T15:39:30","date_gmt":"2021-07-30T22:39:30","guid":{"rendered":"https:\/\/www.meldonlaw.com\/florida\/abogado-accidentes-auto\/rear-end\/"},"modified":"2025-12-09T05:14:38","modified_gmt":"2025-12-09T13:14:38","slug":"colision-trasera","status":"publish","type":"page","link":"https:\/\/www.meldonlaw.com\/es\/florida\/abogado-accidentes-auto\/colision-trasera\/","title":{"rendered":"Abogados de Colisi\u00f3n Trasera en Florida"},"content":{"rendered":"<div id=\"ez-toc-container\" class=\"ez-toc-v2_0_76 counter-hierarchy ez-toc-counter ez-toc-grey ez-toc-container-direction\">\n<div class=\"ez-toc-title-container\">\n<p class=\"ez-toc-title\" style=\"cursor:inherit\">Tabla de Contenidos<\/p>\n<span class=\"ez-toc-title-toggle\"><a href=\"#\" class=\"ez-toc-pull-right ez-toc-btn ez-toc-btn-xs ez-toc-btn-default ez-toc-toggle\" aria-label=\"Alternar tabla de contenidos\"><span class=\"ez-toc-js-icon-con\"><span class=\"\"><span class=\"eztoc-hide\" style=\"display:none;\">Toggle<\/span><span class=\"ez-toc-icon-toggle-span\"><svg style=\"fill: #999;color:#999\" xmlns=\"http:\/\/www.w3.org\/2000\/svg\" class=\"list-377408\" width=\"20px\" height=\"20px\" viewBox=\"0 0 24 24\" fill=\"none\"><path d=\"M6 6H4v2h2V6zm14 0H8v2h12V6zM4 11h2v2H4v-2zm16 0H8v2h12v-2zM4 16h2v2H4v-2zm16 0H8v2h12v-2z\" fill=\"currentColor\"><\/path><\/svg><svg style=\"fill: #999;color:#999\" class=\"arrow-unsorted-368013\" xmlns=\"http:\/\/www.w3.org\/2000\/svg\" width=\"10px\" height=\"10px\" viewBox=\"0 0 24 24\" version=\"1.2\" baseProfile=\"tiny\"><path d=\"M18.2 9.3l-6.2-6.3-6.2 6.3c-.2.2-.3.4-.3.7s.1.5.3.7c.2.2.4.3.7.3h11c.3 0 .5-.1.7-.3.2-.2.3-.5.3-.7s-.1-.5-.3-.7zM5.8 14.7l6.2 6.3 6.2-6.3c.2-.2.3-.5.3-.7s-.1-.5-.3-.7c-.2-.2-.4-.3-.7-.3h-11c-.3 0-.5.1-.7.3-.2.2-.3.5-.3.7s.1.5.3.7z\"\/><\/svg><\/span><\/span><\/span><\/a><\/span><\/div>\n<nav><ul class='ez-toc-list ez-toc-list-level-1 eztoc-toggle-hide-by-default' ><li class='ez-toc-page-1 ez-toc-heading-level-2'><a class=\"ez-toc-link ez-toc-heading-1\" href=\"https:\/\/www.meldonlaw.com\/es\/florida\/abogado-accidentes-auto\/colision-trasera\/#Abogados_Especializados_en_Lesiones_de_Florida_que_Ayudan_con_Estos_Choques_Comunes_Aunque_Destructivos\" >Abogados Especializados en Lesiones de Florida que Ayudan con Estos Choques Comunes Aunque Destructivos<\/a><\/li><li class='ez-toc-page-1 ez-toc-heading-level-2'><a class=\"ez-toc-link ez-toc-heading-2\" href=\"https:\/\/www.meldonlaw.com\/es\/florida\/abogado-accidentes-auto\/colision-trasera\/#Ayuda_Legal_Para_Recuperar_los_Danos_que_se_Le_Adeudan_Despues_de_un_Accidente\" >Ayuda Legal Para Recuperar los Da\u00f1os que se Le Adeudan Despu\u00e9s de un Accidente<\/a><\/li><li class='ez-toc-page-1 ez-toc-heading-level-2'><a class=\"ez-toc-link ez-toc-heading-3\" href=\"https:\/\/www.meldonlaw.com\/es\/florida\/abogado-accidentes-auto\/colision-trasera\/#%C2%BFCuales_son_las_Causas_Mas_Comunes_de_Colisiones_Traseras_en_Florida\" >\u00bfCu\u00e1les son las Causas M\u00e1s Comunes de Colisiones Traseras en Florida?<\/a><\/li><li class='ez-toc-page-1 ez-toc-heading-level-2'><a class=\"ez-toc-link ez-toc-heading-4\" href=\"https:\/\/www.meldonlaw.com\/es\/florida\/abogado-accidentes-auto\/colision-trasera\/#%C2%BFComo_Puede_Probar_que_el_Otro_Conductor_Tuvo_la_Culpa\" >\u00bfC\u00f3mo Puede Probar que el Otro Conductor Tuvo la Culpa?<\/a><\/li><li class='ez-toc-page-1 ez-toc-heading-level-2'><a class=\"ez-toc-link ez-toc-heading-5\" href=\"https:\/\/www.meldonlaw.com\/es\/florida\/abogado-accidentes-auto\/colision-trasera\/#Comuniquese_con_un_Abogado_Poco_Despues_de_un_Accidente_Para_Asegurarse_de_que_se_Conserven_Todas_las_Pruebas\" >Comun\u00edquese con un Abogado Poco Despu\u00e9s de un Accidente Para Asegurarse de que se Conserven Todas las Pruebas<\/a><\/li><li class='ez-toc-page-1 ez-toc-heading-level-2'><a class=\"ez-toc-link ez-toc-heading-6\" href=\"https:\/\/www.meldonlaw.com\/es\/florida\/abogado-accidentes-auto\/colision-trasera\/#%C2%BFQue_Tipo_de_Lesiones_son_Mas_Comunes_Despues_de_un_Choque_por_Alcance\" >\u00bfQu\u00e9 Tipo de Lesiones son M\u00e1s Comunes Despu\u00e9s de un Choque por Alcance?<\/a><\/li><li class='ez-toc-page-1 ez-toc-heading-level-2'><a class=\"ez-toc-link ez-toc-heading-7\" href=\"https:\/\/www.meldonlaw.com\/es\/florida\/abogado-accidentes-auto\/colision-trasera\/#Obtenga_Ayuda_Para_Obtener_los_Danos_que_Le_Deben_Despues_de_un_Choque_Trasero_en_Florida\" >Obtenga Ayuda Para Obtener los Da\u00f1os que Le Deben Despu\u00e9s de un Choque Trasero en Florida<\/a><\/li><\/ul><\/nav><\/div>\n<h2><span class=\"ez-toc-section\" id=\"Abogados_Especializados_en_Lesiones_de_Florida_que_Ayudan_con_Estos_Choques_Comunes_Aunque_Destructivos\"><\/span>Abogados Especializados en Lesiones de Florida que Ayudan con Estos Choques Comunes Aunque Destructivos<span class=\"ez-toc-section-end\"><\/span><\/h2>\n<p>Casi cualquiera que haya estado conduciendo durante algunos a\u00f1os se ha visto involucrado en una colisi\u00f3n por alcance. Solo se necesita un momento para desviar la mirada de la carretera para perder la noci\u00f3n de la velocidad a la que se mueve el tr\u00e1fico y, si es demasiado tarde para mirar hacia arriba, chocar contra el autom\u00f3vil que est\u00e1 frente a usted y que se detuvo. Los accidentes por detr\u00e1s son una de las formas m\u00e1s comunes de accidentes automovil\u00edsticos, pero eso no significa que no puedan causar lesiones graves a las personas involucradas. Muchas v\u00edctimas de colisiones traseras en Florida sufren dolorosas lesiones en el cuello y la espalda durante a\u00f1os despu\u00e9s de un accidente. Estas v\u00edctimas merecen una compensaci\u00f3n para cubrir los costos de la atenci\u00f3n m\u00e9dica continua y su dolor y sufrimiento.<\/p>\n<h2><span class=\"ez-toc-section\" id=\"Ayuda_Legal_Para_Recuperar_los_Danos_que_se_Le_Adeudan_Despues_de_un_Accidente\"><\/span>Ayuda Legal Para Recuperar los Da\u00f1os que se Le Adeudan Despu\u00e9s de un Accidente<span class=\"ez-toc-section-end\"><\/span><\/h2>\n<p>En las oficinas de Florida de Meldon Law, estamos comprometidos a tratar cada uno de los casos de nuestros clientes con cuidado y respeto. Nos aseguramos de que todas las v\u00edctimas de accidentes que atendemos reciban el beneficio de nuestra atenci\u00f3n y experiencia completas. Sabemos cu\u00e1nto ha sufrido como resultado de su grave choque trasero y queremos que obtenga el dinero que se merece para compensar sus gastos m\u00e9dicos, salarios perdidos y dolor y sufrimiento. Comun\u00edquese con Meldon Law para una consulta sin costo despu\u00e9s de una\u00a0<strong>colisi\u00f3n trasera en Florida<\/strong>.<\/p>\n<h2><span class=\"ez-toc-section\" id=\"%C2%BFCuales_son_las_Causas_Mas_Comunes_de_Colisiones_Traseras_en_Florida\"><\/span>\u00bfCu\u00e1les son las Causas M\u00e1s Comunes de Colisiones Traseras en Florida?<span class=\"ez-toc-section-end\"><\/span><\/h2>\n<ul>\n<li>Conducci\u00f3n distra\u00edda<\/li>\n<li>No verificar los puntos ciegos al cambiar de carril<\/li>\n<li>No monitorear los patrones de tr\u00e1fico en la carretera.<\/li>\n<li>Seguir demasiado de cerca<\/li>\n<li>Viajar a una velocidad peligrosa<\/li>\n<\/ul>\n<h2><span class=\"ez-toc-section\" id=\"%C2%BFComo_Puede_Probar_que_el_Otro_Conductor_Tuvo_la_Culpa\"><\/span>\u00bfC\u00f3mo Puede Probar que el Otro Conductor Tuvo la Culpa?<span class=\"ez-toc-section-end\"><\/span><\/h2>\n<ul>\n<li><strong>Im\u00e1genes de vigilancia<\/strong>: a menudo hay c\u00e1maras en las intersecciones de tr\u00e1fico o cerca de ellas, como las de los cajeros autom\u00e1ticos o instaladas como parte del control de tr\u00e1fico. Si las im\u00e1genes de una de estas c\u00e1maras capturaron su accidente, esa evidencia de video puede brindar un apoyo muy \u00fatil para su afirmaci\u00f3n de que el accidente no fue culpa suya.<\/li>\n<li><strong>Relatos de testigos presenciales<\/strong>: las personas paradas en la acera o en autom\u00f3viles cercanos pueden servir como testigos que respalden su reclamo por da\u00f1os y perjuicios despu\u00e9s de un accidente por la parte trasera. En algunos casos, es posible que hayan sido testigos de lo que caus\u00f3 que el conductor culpable golpeara su autom\u00f3vil, como cuando el conductor us\u00f3 su tel\u00e9fono en los momentos previos a la colisi\u00f3n.<\/li>\n<li><strong>Expertos en reconstrucci\u00f3n de accidentes<\/strong>: despu\u00e9s de un accidente, un experto capacitado puede construir una reproducci\u00f3n precisa del accidente en forma de simulaci\u00f3n por computadora. El experto utilizar\u00e1 pruebas como el da\u00f1o a cada autom\u00f3vil, las marcas de patinaje de los neum\u00e1ticos en la carretera en el lugar del accidente, la posici\u00f3n de los veh\u00edculos despu\u00e9s de la colisi\u00f3n y la informaci\u00f3n contenida en los registradores de datos de eventos de los veh\u00edculos (caja negra) para representar lo que sucedi\u00f3 en un accidente.<\/li>\n<\/ul>\n<h2><span class=\"ez-toc-section\" id=\"Comuniquese_con_un_Abogado_Poco_Despues_de_un_Accidente_Para_Asegurarse_de_que_se_Conserven_Todas_las_Pruebas\"><\/span>Comun\u00edquese con un Abogado Poco Despu\u00e9s de un Accidente Para Asegurarse de que se Conserven Todas las Pruebas<span class=\"ez-toc-section-end\"><\/span><\/h2>\n<p>Una buena raz\u00f3n para ponerse en contacto con un abogado lo antes posible despu\u00e9s de un accidente es asegurarse de que su abogado pueda comenzar a reunir pruebas de inmediato. Por ejemplo, documentar la escena del accidente y el estado de ambos veh\u00edculos inmediatamente despu\u00e9s del choque es clave para probar la intensidad de la colisi\u00f3n y el da\u00f1o resultante. Si no tom\u00f3 buenas fotos en el lugar del accidente, es posible que su abogado deba tomar nuevas fotos antes de que se eliminen todas las pruebas del accidente o se reparen los veh\u00edculos. Otra forma de evidencia urgente que debe recopilarse r\u00e1pidamente es el video de vigilancia. Las im\u00e1genes de las c\u00e1maras de seguridad a menudo se borran o se graban poco tiempo despu\u00e9s de que se capturan. Un abogado puede enviar una citaci\u00f3n solicitando estas im\u00e1genes tan pronto como sea posible despu\u00e9s de un accidente. Del mismo modo, los testigos oculares ser\u00e1n cada vez m\u00e1s dif\u00edciles de localizar cuanto m\u00e1s tiempo ocurra el accidente. Los recuerdos de estos testigos de su accidente tambi\u00e9n pueden desvanecerse r\u00e1pidamente. Los abogados expertos en lesiones personales de Florida de Meldon Law conf\u00edan en sus d\u00e9cadas de experiencia para localizar y entrevistar a estos testigos r\u00e1pidamente despu\u00e9s de un accidente para asegurarse de que no se pierdan pruebas valiosas.<\/p>\n<h2><span class=\"ez-toc-section\" id=\"%C2%BFQue_Tipo_de_Lesiones_son_Mas_Comunes_Despues_de_un_Choque_por_Alcance\"><\/span>\u00bfQu\u00e9 Tipo de Lesiones son M\u00e1s Comunes Despu\u00e9s de un Choque por Alcance?<span class=\"ez-toc-section-end\"><\/span><\/h2>\n<p>Las colisiones traseras, incluso cuando se viaja a baja velocidad, pueden causar da\u00f1os graves a los conductores de los veh\u00edculos impactados. Las lesiones com\u00fanmente asociadas con las colisiones traseras incluyen:<\/p>\n<ul>\n<li><strong>Lesiones de espalda<\/strong>: muchas v\u00edctimas de colisiones traseras sufren compresi\u00f3n de la columna o dislocaci\u00f3n de los discos espinales.<\/li>\n<li><strong>Lesiones en el cuello<\/strong>: muchas v\u00edctimas de accidentes por alcance experimentan un latigazo como resultado de sus choques por alcance.<\/li>\n<li><strong>Lesiones en la cabeza y la cara<\/strong>: algunas v\u00edctimas de colisiones traseras pueden tener sus cabezas golpeadas contra el volante o el tablero durante un choque, causando fracturas de nariz u otras contusiones en la cara, o incluso un traumatismo leve, lesi\u00f3n cerebral o conmoci\u00f3n cerebral.<\/li>\n<\/ul>\n<h2><span class=\"ez-toc-section\" id=\"Obtenga_Ayuda_Para_Obtener_los_Danos_que_Le_Deben_Despues_de_un_Choque_Trasero_en_Florida\"><\/span>Obtenga Ayuda Para Obtener los Da\u00f1os que Le Deben Despu\u00e9s de un Choque Trasero en Florida<span class=\"ez-toc-section-end\"><\/span><\/h2>\n<p>Si ha resultado lesionado en una colisi\u00f3n por alcance, averig\u00fce c\u00f3mo obtener la compensaci\u00f3n que se merece poni\u00e9ndose en contacto con los dedicados y eficaces abogados de lesiones personales de Florida en Meldon Law. Llame al 888-453-4006 desde cualquier lugar de Florida para comenzar con una consulta gratuita sobre su caso.<\/p>\n            \n            <div class='shareThisWrapper ' style=\"text-align:center!important;\">\n                <a target='_blank' href=\"https:\/\/www.facebook.com\/sharer\/sharer.php?u=https%3A%2F%2Fwww.meldonlaw.com%2Fes%2Fflorida%2Fabogado-accidentes-auto%2Fcolision-trasera%2F\">\n                    <img loading=\"lazy\" decoding=\"async\" src=\"\/wp-content\/themes\/meldon-law\/img\/social-media-icons\/facebook-icon.png\" alt=\"Share on Facebook\" width=\"30\" height=\"30\">\n                <\/a>\n                <a target='_blank' href=\"https:\/\/twitter.com\/intent\/tweet?url=https%3A%2F%2Fwww.meldonlaw.com%2Fes%2Fflorida%2Fabogado-accidentes-auto%2Fcolision-trasera%2F&text=Abogados+de+Colisi%C3%B3n+Trasera+en+Florida\">\n                    <img loading=\"lazy\" decoding=\"async\" src=\"\/wp-content\/themes\/meldon-law\/img\/social-media-icons\/x-icon.png\" alt=\"Tweet this\" width=\"30\" height=\"30\">\n                <\/a>\n                <a target='_blank' href=\"https:\/\/www.linkedin.com\/shareArticle?mini=true&url=https%3A%2F%2Fwww.meldonlaw.com%2Fes%2Fflorida%2Fabogado-accidentes-auto%2Fcolision-trasera%2F&title=Abogados+de+Colisi%C3%B3n+Trasera+en+Florida\">\n                    <img loading=\"lazy\" decoding=\"async\" src=\"\/wp-content\/themes\/meldon-law\/img\/social-media-icons\/linkedin-icon.png\" alt=\"Share on LinkedIn\" width=\"30\" height=\"30\">\n                <\/a>\n                <a target='_blank' href=\"https:\/\/pinterest.com\/pin\/create\/button\/?url=https%3A%2F%2Fwww.meldonlaw.com%2Fes%2Fflorida%2Fabogado-accidentes-auto%2Fcolision-trasera%2F&media=&description=Abogados+de+Colisi%C3%B3n+Trasera+en+Florida\">\n                    <img loading=\"lazy\" decoding=\"async\" src=\"\/wp-content\/themes\/meldon-law\/img\/social-media-icons\/pinterest-icon.png\" alt=\"Pin on Pinterest\" width=\"30\" height=\"30\">\n                <\/a>\n                <a target='_blank' href=\"https:\/\/instagram.com\">\n                    <img loading=\"lazy\" decoding=\"async\" src=\"\/wp-content\/themes\/meldon-law\/img\/social-media-icons\/instagram-icon.png\" alt=\"Visit our Instagram\" width=\"30\" height=\"30\">\n                <\/a>\n            <\/div>","protected":false},"excerpt":{"rendered":"<p>Abogados Especializados en Lesiones de Florida que Ayudan con Estos Choques Comunes Aunque Destructivos Casi cualquiera que haya estado conduciendo durante algunos a\u00f1os se ha visto involucrado en una colisi\u00f3n por alcance. Solo se necesita un momento para desviar la mirada de la carretera para perder la noci\u00f3n de la velocidad a la que&#8230; <a class=\"moretag\"\n href=\"https:\/\/www.meldonlaw.com\/es\/florida\/abogado-accidentes-auto\/colision-trasera\/\">Read More<\/a><\/p>\n","protected":false},"author":1,"featured_media":0,"parent":21379,"menu_order":356,"comment_status":"closed","ping_status":"closed","template":"","meta":{"_acf_changed":false,"inline_featured_image":false,"footnotes":""},"class_list":["post-21468","page","type-page","status-publish","hentry"],"acf":[],"yoast_head":"<!-- This site is optimized with the Yoast SEO plugin v25.2 - https:\/\/yoast.com\/wordpress\/plugins\/seo\/ -->\n<title>Abogados de Colisi\u00f3n Trasera en Florida | Meldon Law<\/title>\n<meta name=\"description\" content=\"Los abogados de lesiones personales de la Florida en Meldon Law ayudan a las v\u00edctimas de accidentes automovil\u00edsticos a recuperar la compensaci\u00f3n por colisiones traseras causadas por conductores distra\u00eddos.\" \/>\n<meta name=\"robots\" content=\"index, follow, max-snippet:-1, max-image-preview:large, max-video-preview:-1\" \/>\n<link rel=\"canonical\" href=\"https:\/\/www.meldonlaw.com\/es\/florida\/abogado-accidentes-auto\/colision-trasera\/\" \/>\n<meta name=\"twitter:card\" content=\"summary_large_image\" \/>\n<meta name=\"twitter:title\" content=\"Abogados de Colisi\u00f3n Trasera en Florida | Meldon Law\" \/>\n<meta name=\"twitter:description\" content=\"Los abogados de lesiones personales de la Florida en Meldon Law ayudan a las v\u00edctimas de accidentes automovil\u00edsticos a recuperar la compensaci\u00f3n por colisiones traseras causadas por conductores distra\u00eddos.\" \/>\n<meta name=\"twitter:label1\" content=\"Tiempo de lectura\" \/>\n\t<meta name=\"twitter:data1\" content=\"5 minutos\" \/>\n<!-- \/ Yoast SEO plugin. -->","yoast_head_json":{"title":"Abogados de Colisi\u00f3n Trasera en Florida | Meldon Law","description":"Los abogados de lesiones personales de la Florida en Meldon Law ayudan a las v\u00edctimas de accidentes automovil\u00edsticos a recuperar la compensaci\u00f3n por colisiones traseras causadas por conductores distra\u00eddos.","robots":{"index":"index","follow":"follow","max-snippet":"max-snippet:-1","max-image-preview":"max-image-preview:large","max-video-preview":"max-video-preview:-1"},"canonical":"https:\/\/www.meldonlaw.com\/es\/florida\/abogado-accidentes-auto\/colision-trasera\/","twitter_card":"summary_large_image","twitter_title":"Abogados de Colisi\u00f3n Trasera en Florida | Meldon Law","twitter_description":"Los abogados de lesiones personales de la Florida en Meldon Law ayudan a las v\u00edctimas de accidentes automovil\u00edsticos a recuperar la compensaci\u00f3n por colisiones traseras causadas por conductores distra\u00eddos.","twitter_misc":{"Tiempo de lectura":"5 minutos"},"schema":{"@context":"https:\/\/schema.org","@graph":[{"@type":"WebPage","@id":"https:\/\/www.meldonlaw.com\/es\/florida\/abogado-accidentes-auto\/colision-trasera\/","url":"https:\/\/www.meldonlaw.com\/es\/florida\/abogado-accidentes-auto\/colision-trasera\/","name":"Abogados de Colisi\u00f3n Trasera en Florida | Meldon Law","isPartOf":{"@id":"https:\/\/www.meldonlaw.com\/es\/#website"},"datePublished":"2021-07-30T22:39:30+00:00","dateModified":"2025-12-09T13:14:38+00:00","description":"Los abogados de lesiones personales de la Florida en Meldon Law ayudan a las v\u00edctimas de accidentes automovil\u00edsticos a recuperar la compensaci\u00f3n por colisiones traseras causadas por conductores distra\u00eddos.","breadcrumb":{"@id":"https:\/\/www.meldonlaw.com\/es\/florida\/abogado-accidentes-auto\/colision-trasera\/#breadcrumb"},"inLanguage":"es","potentialAction":[{"@type":"ReadAction","target":["https:\/\/www.meldonlaw.com\/es\/florida\/abogado-accidentes-auto\/colision-trasera\/"]}]},{"@type":"BreadcrumbList","@id":"https:\/\/www.meldonlaw.com\/es\/florida\/abogado-accidentes-auto\/colision-trasera\/#breadcrumb","itemListElement":[{"@type":"ListItem","position":1,"name":"Home","item":"https:\/\/www.meldonlaw.com\/es\/"},{"@type":"ListItem","position":2,"name":"Abogados de Lesiones Personales de Florida","item":"https:\/\/www.meldonlaw.com\/es\/florida\/"},{"@type":"ListItem","position":3,"name":"Abogados de Accidentes Automovil\u00edsticos en Florida","item":"https:\/\/www.meldonlaw.com\/es\/florida\/abogado-accidentes-auto\/"},{"@type":"ListItem","position":4,"name":"Abogados de Colisi\u00f3n Trasera en Florida"}]},{"@type":"WebSite","@id":"https:\/\/www.meldonlaw.com\/es\/#website","url":"https:\/\/www.meldonlaw.com\/es\/","name":"Meldon Law","description":"","potentialAction":[{"@type":"SearchAction","target":{"@type":"EntryPoint","urlTemplate":"https:\/\/www.meldonlaw.com\/es\/?s={search_term_string}"},"query-input":{"@type":"PropertyValueSpecification","valueRequired":true,"valueName":"search_term_string"}}],"inLanguage":"es"}]}},"_links":{"self":[{"href":"https:\/\/www.meldonlaw.com\/es\/wp-json\/wp\/v2\/pages\/21468","targetHints":{"allow":["GET"]}}],"collection":[{"href":"https:\/\/www.meldonlaw.com\/es\/wp-json\/wp\/v2\/pages"}],"about":[{"href":"https:\/\/www.meldonlaw.com\/es\/wp-json\/wp\/v2\/types\/page"}],"author":[{"embeddable":true,"href":"https:\/\/www.meldonlaw.com\/es\/wp-json\/wp\/v2\/users\/1"}],"replies":[{"embeddable":true,"href":"https:\/\/www.meldonlaw.com\/es\/wp-json\/wp\/v2\/comments?post=21468"}],"version-history":[{"count":0,"href":"https:\/\/www.meldonlaw.com\/es\/wp-json\/wp\/v2\/pages\/21468\/revisions"}],"up":[{"embeddable":true,"href":"https:\/\/www.meldonlaw.com\/es\/wp-json\/wp\/v2\/pages\/21379"}],"wp:attachment":[{"href":"https:\/\/www.meldonlaw.com\/es\/wp-json\/wp\/v2\/media?parent=21468"}],"curies":[{"name":"wp","href":"https:\/\/api.w.org\/{rel}","templated":true}]}}