{"id":21421,"date":"2019-05-15T18:04:55","date_gmt":"2019-05-16T01:04:55","guid":{"rendered":"https:\/\/www.meldonlaw.com\/miembro\/tg-clark\/"},"modified":"2025-12-08T04:13:24","modified_gmt":"2025-12-08T12:13:24","slug":"tg-clark","status":"publish","type":"page","link":"https:\/\/www.meldonlaw.com\/es\/miembro\/tg-clark\/","title":{"rendered":"TG Clark"},"content":{"rendered":"<h1>TG Clark<\/h1>\n<p data-start=\"115\" data-end=\"1101\">El 18 de junio de 2012, nuestra oficina perdi\u00f3 a una de nuestras compa\u00f1eras de trabajo y amigas m\u00e1s queridas despu\u00e9s de una valiente batalla contra el c\u00e1ncer. T.G. Clark dej\u00f3 este mundo tal como vivi\u00f3 su vida: con valent\u00eda y una sonrisa en el rostro. Durante m\u00e1s de 12 a\u00f1os, la voz amable de T.G. fue lo primero que escuchaban nuestros clientes cuando llamaban a la oficina. Siempre recordaba cada voz y trataba a todas las personas que llamaban o visitaban la oficina con amabilidad y respeto. T.G. era una persona excepcional y \u00fanica, con una calidez y una simpat\u00eda que se reflejaban en su rostro y estaban arraigadas en su alma. Aunque ya no est\u00e1 f\u00edsicamente con nosotros, su esp\u00edritu y nuestros recuerdos de ella siempre estar\u00e1n presentes. T.G. ten\u00eda muchos amigos y admiradores de todos los \u00e1mbitos de la vida. Su partida dej\u00f3 una tristeza y un vac\u00edo que solo el tiempo podr\u00e1 sanar. T.G. Clark fue verdaderamente \u201c\u00fanica en un mill\u00f3n\u201d y nuestra oficina nunca ser\u00e1 la misma sin ella.<\/p>\n<p data-start=\"1103\" data-end=\"1364\">\u201cHe sido recepcionista y asistente legal en Jeffrey Meldon and Associates durante 10 a\u00f1os. En general, contesto los tel\u00e9fonos, recibo a los clientes, ayudo a Abbie en el Departamento de Derecho Penal y preparo carpetas y archivos para los clientes y la oficina.<\/p>\n<p data-start=\"1366\" data-end=\"1591\">Lo que m\u00e1s me gusta de mi trabajo es que me gusta estar ocupada y tener mucho que hacer. Aqu\u00ed, cada d\u00eda es diferente: conozco nuevos clientes y ayudo a los clientes habituales; cada d\u00eda trae nuevos desaf\u00edos y nunca me aburro.<\/p>\n<p data-start=\"1593\" data-end=\"1729\">Antes de venir a Jeffrey Meldon and Associates trabaj\u00e9 en la Oficina del Fiscal del Estado como asistente administrativa durante 8 a\u00f1os.<\/p>\n<p data-start=\"1731\" data-end=\"1806\">Vivo en Alachua, Florida, donde nac\u00ed y crec\u00ed.\u201d<br data-start=\"1777\" data-end=\"1780\" \/>\u2014 TG Clark, agosto de 2008<\/p>\n<p data-start=\"1808\" data-end=\"2206\"><em><strong>\u201cLa primera impresi\u00f3n deja una impresi\u00f3n duradera, y esa es una de las razones por las que TG es un recurso tan valioso para nuestro equipo. TG siempre contribuye a crear una experiencia positiva para todos los que llaman o visitan nuestra oficina. Es amable, atenta y servicial, y desempe\u00f1a un papel fundamental para que nuestros clientes se sientan bienvenidos y como en casa.\u201d<\/strong><\/em><br data-start=\"2187\" data-end=\"2190\" \/><em><strong>\u2014 Jeffrey Meldon<\/strong><\/em><\/p>\n            \n            <div class='shareThisWrapper ' style=\"text-align:center!important;\">\n                <a target='_blank' href=\"https:\/\/www.facebook.com\/sharer\/sharer.php?u=https%3A%2F%2Fwww.meldonlaw.com%2Fes%2Fmiembro%2Ftg-clark%2F\">\n                    <img loading=\"lazy\" decoding=\"async\" src=\"\/wp-content\/themes\/meldon-law\/img\/social-media-icons\/facebook-icon.png\" alt=\"Share on Facebook\" width=\"30\" height=\"30\">\n                <\/a>\n                <a target='_blank' href=\"https:\/\/twitter.com\/intent\/tweet?url=https%3A%2F%2Fwww.meldonlaw.com%2Fes%2Fmiembro%2Ftg-clark%2F&text=TG+Clark\">\n                    <img loading=\"lazy\" decoding=\"async\" src=\"\/wp-content\/themes\/meldon-law\/img\/social-media-icons\/x-icon.png\" alt=\"Tweet this\" width=\"30\" height=\"30\">\n                <\/a>\n                <a target='_blank' href=\"https:\/\/www.linkedin.com\/shareArticle?mini=true&url=https%3A%2F%2Fwww.meldonlaw.com%2Fes%2Fmiembro%2Ftg-clark%2F&title=TG+Clark\">\n                    <img loading=\"lazy\" decoding=\"async\" src=\"\/wp-content\/themes\/meldon-law\/img\/social-media-icons\/linkedin-icon.png\" alt=\"Share on LinkedIn\" width=\"30\" height=\"30\">\n                <\/a>\n                <a target='_blank' href=\"https:\/\/pinterest.com\/pin\/create\/button\/?url=https%3A%2F%2Fwww.meldonlaw.com%2Fes%2Fmiembro%2Ftg-clark%2F&media=&description=TG+Clark\">\n                    <img loading=\"lazy\" decoding=\"async\" src=\"\/wp-content\/themes\/meldon-law\/img\/social-media-icons\/pinterest-icon.png\" alt=\"Pin on Pinterest\" width=\"30\" height=\"30\">\n                <\/a>\n                <a target='_blank' href=\"https:\/\/instagram.com\">\n                    <img loading=\"lazy\" decoding=\"async\" src=\"\/wp-content\/themes\/meldon-law\/img\/social-media-icons\/instagram-icon.png\" alt=\"Visit our Instagram\" width=\"30\" height=\"30\">\n                <\/a>\n            <\/div>","protected":false},"excerpt":{"rendered":"<p>TG Clark El 18 de junio de 2012, nuestra oficina perdi\u00f3 a una de nuestras compa\u00f1eras de trabajo y amigas m\u00e1s queridas despu\u00e9s de una valiente batalla contra el c\u00e1ncer. T.G. Clark dej\u00f3 este mundo tal como vivi\u00f3 su vida: con valent\u00eda y una sonrisa en el rostro. Durante m\u00e1s de 12 a\u00f1os, la&#8230; <a class=\"moretag\"\n href=\"https:\/\/www.meldonlaw.com\/es\/miembro\/tg-clark\/\">Read More<\/a><\/p>\n","protected":false},"author":1,"featured_media":0,"parent":21357,"menu_order":22,"comment_status":"closed","ping_status":"closed","template":"","meta":{"_acf_changed":false,"inline_featured_image":false,"footnotes":""},"class_list":["post-21421","page","type-page","status-publish","hentry"],"acf":[],"yoast_head":"<!-- This site is optimized with the Yoast SEO plugin v25.2 - https:\/\/yoast.com\/wordpress\/plugins\/seo\/ -->\n<title>TG Clark | Meldon Law<\/title>\n<meta name=\"description\" content=\"El 18 de junio de 2012, nuestra oficina perdi\u00f3 a una de nuestras compa\u00f1eras y amigas m\u00e1s queridas tras una valiente batalla contra el c\u00e1ncer. T.G. Clark dej\u00f3 este mundo tal como vivi\u00f3 su vida, con valent\u00eda y una sonrisa en el rostro. Durante m\u00e1s de 12 a\u00f1os, la voz cari\u00f1osa de T.G. sol\u00eda ser lo primero que...\" \/>\n<meta name=\"robots\" content=\"index, follow, max-snippet:-1, max-image-preview:large, max-video-preview:-1\" \/>\n<link rel=\"canonical\" href=\"https:\/\/www.meldonlaw.com\/es\/miembro\/tg-clark\/\" \/>\n<meta name=\"twitter:card\" content=\"summary_large_image\" \/>\n<meta name=\"twitter:title\" content=\"TG Clark | Meldon Law\" \/>\n<meta name=\"twitter:description\" content=\"El 18 de junio de 2012, nuestra oficina perdi\u00f3 a una de nuestras compa\u00f1eras y amigas m\u00e1s queridas tras una valiente batalla contra el c\u00e1ncer. T.G. Clark dej\u00f3 este mundo tal como vivi\u00f3 su vida, con valent\u00eda y una sonrisa en el rostro. Durante m\u00e1s de 12 a\u00f1os, la voz cari\u00f1osa de T.G. sol\u00eda ser lo primero que...\" \/>\n<meta name=\"twitter:label1\" content=\"Tiempo de lectura\" \/>\n\t<meta name=\"twitter:data1\" content=\"2 minutos\" \/>\n<!-- \/ Yoast SEO plugin. -->","yoast_head_json":{"title":"TG Clark | Meldon Law","description":"El 18 de junio de 2012, nuestra oficina perdi\u00f3 a una de nuestras compa\u00f1eras y amigas m\u00e1s queridas tras una valiente batalla contra el c\u00e1ncer. T.G. Clark dej\u00f3 este mundo tal como vivi\u00f3 su vida, con valent\u00eda y una sonrisa en el rostro. Durante m\u00e1s de 12 a\u00f1os, la voz cari\u00f1osa de T.G. sol\u00eda ser lo primero que...","robots":{"index":"index","follow":"follow","max-snippet":"max-snippet:-1","max-image-preview":"max-image-preview:large","max-video-preview":"max-video-preview:-1"},"canonical":"https:\/\/www.meldonlaw.com\/es\/miembro\/tg-clark\/","twitter_card":"summary_large_image","twitter_title":"TG Clark | Meldon Law","twitter_description":"El 18 de junio de 2012, nuestra oficina perdi\u00f3 a una de nuestras compa\u00f1eras y amigas m\u00e1s queridas tras una valiente batalla contra el c\u00e1ncer. T.G. Clark dej\u00f3 este mundo tal como vivi\u00f3 su vida, con valent\u00eda y una sonrisa en el rostro. Durante m\u00e1s de 12 a\u00f1os, la voz cari\u00f1osa de T.G. sol\u00eda ser lo primero que...","twitter_misc":{"Tiempo de lectura":"2 minutos"},"schema":{"@context":"https:\/\/schema.org","@graph":[{"@type":"WebPage","@id":"https:\/\/www.meldonlaw.com\/es\/miembro\/tg-clark\/","url":"https:\/\/www.meldonlaw.com\/es\/miembro\/tg-clark\/","name":"TG Clark | Meldon Law","isPartOf":{"@id":"https:\/\/www.meldonlaw.com\/es\/#website"},"datePublished":"2019-05-16T01:04:55+00:00","dateModified":"2025-12-08T12:13:24+00:00","description":"El 18 de junio de 2012, nuestra oficina perdi\u00f3 a una de nuestras compa\u00f1eras y amigas m\u00e1s queridas tras una valiente batalla contra el c\u00e1ncer. T.G. Clark dej\u00f3 este mundo tal como vivi\u00f3 su vida, con valent\u00eda y una sonrisa en el rostro. Durante m\u00e1s de 12 a\u00f1os, la voz cari\u00f1osa de T.G. sol\u00eda ser lo primero que...","breadcrumb":{"@id":"https:\/\/www.meldonlaw.com\/es\/miembro\/tg-clark\/#breadcrumb"},"inLanguage":"es","potentialAction":[{"@type":"ReadAction","target":["https:\/\/www.meldonlaw.com\/es\/miembro\/tg-clark\/"]}]},{"@type":"BreadcrumbList","@id":"https:\/\/www.meldonlaw.com\/es\/miembro\/tg-clark\/#breadcrumb","itemListElement":[{"@type":"ListItem","position":1,"name":"Home","item":"https:\/\/www.meldonlaw.com\/es\/"},{"@type":"ListItem","position":2,"name":"Nuestro Equipo","item":"https:\/\/www.meldonlaw.com\/es\/miembro\/"},{"@type":"ListItem","position":3,"name":"TG Clark"}]},{"@type":"WebSite","@id":"https:\/\/www.meldonlaw.com\/es\/#website","url":"https:\/\/www.meldonlaw.com\/es\/","name":"Meldon Law","description":"","potentialAction":[{"@type":"SearchAction","target":{"@type":"EntryPoint","urlTemplate":"https:\/\/www.meldonlaw.com\/es\/?s={search_term_string}"},"query-input":{"@type":"PropertyValueSpecification","valueRequired":true,"valueName":"search_term_string"}}],"inLanguage":"es"}]}},"_links":{"self":[{"href":"https:\/\/www.meldonlaw.com\/es\/wp-json\/wp\/v2\/pages\/21421","targetHints":{"allow":["GET"]}}],"collection":[{"href":"https:\/\/www.meldonlaw.com\/es\/wp-json\/wp\/v2\/pages"}],"about":[{"href":"https:\/\/www.meldonlaw.com\/es\/wp-json\/wp\/v2\/types\/page"}],"author":[{"embeddable":true,"href":"https:\/\/www.meldonlaw.com\/es\/wp-json\/wp\/v2\/users\/1"}],"replies":[{"embeddable":true,"href":"https:\/\/www.meldonlaw.com\/es\/wp-json\/wp\/v2\/comments?post=21421"}],"version-history":[{"count":0,"href":"https:\/\/www.meldonlaw.com\/es\/wp-json\/wp\/v2\/pages\/21421\/revisions"}],"up":[{"embeddable":true,"href":"https:\/\/www.meldonlaw.com\/es\/wp-json\/wp\/v2\/pages\/21357"}],"wp:attachment":[{"href":"https:\/\/www.meldonlaw.com\/es\/wp-json\/wp\/v2\/media?parent=21421"}],"curies":[{"name":"wp","href":"https:\/\/api.w.org\/{rel}","templated":true}]}}