{"id":21420,"date":"2025-10-08T14:25:36","date_gmt":"2025-10-08T21:25:36","guid":{"rendered":"https:\/\/www.meldonlaw.com\/miembro\/olga-sinnreich\/"},"modified":"2025-12-08T04:12:14","modified_gmt":"2025-12-08T12:12:14","slug":"olga-sinnreich","status":"publish","type":"page","link":"https:\/\/www.meldonlaw.com\/es\/miembro\/olga-sinnreich\/","title":{"rendered":"Olga Sinnreich"},"content":{"rendered":"<h1>Olga Sinnreich<\/h1>\n<p data-start=\"107\" data-end=\"432\">Olga Sinnreich aporta m\u00e1s de una d\u00e9cada de experiencia en marketing, desarrollo empresarial y estrategia de marca a Meldon Law. Graduada con un MBA de la Universidad de Florida, Olga ha construido su carrera ayudando a organizaciones a crecer mediante visi\u00f3n estrat\u00e9gica, ejecuci\u00f3n creativa y s\u00f3lidas conexiones comunitarias.<\/p>\n<p data-start=\"434\" data-end=\"1064\">Antes de unirse a Meldon Law, Olga fue cofundadora y Directora de Marketing de una innovadora empresa emergente de productos de cuidado personal, donde lider\u00f3 el desarrollo de productos, la investigaci\u00f3n de mercado y la estrategia de marca. Tambi\u00e9n fund\u00f3 <em data-start=\"689\" data-end=\"703\">The Underdog<\/em>, una agencia de marketing dedicada a ayudar a empresas y organizaciones sin fines de lucro a expandir su alcance a trav\u00e9s de estrategias de crecimiento personalizadas, campa\u00f1as digitales e iniciativas de recaudaci\u00f3n de fondos. En los inicios de su carrera, Olga adquiri\u00f3 experiencia financiera y operativa como Analista Financiera en la Universidad de Florida.<\/p>\n<p data-start=\"1066\" data-end=\"1425\">Su trayectoria profesional refleja su pasi\u00f3n por convertir ideas en impacto\u2014ya sea lanzando nuevos productos, construyendo marcas desde cero, o estableciendo alianzas que fortalecen a la comunidad. En Meldon Law, aplica esa misma energ\u00eda y experiencia para avanzar la misi\u00f3n del bufete de luchar por los clientes y retribuir a las comunidades en toda Florida.<\/p>\n<p data-start=\"1427\" data-end=\"1567\">Fuera del trabajo, Olga participa activamente en la comunidad de Gainesville y disfruta conectar a las personas con causas que les importan.<\/p>\n            \n            <div class='shareThisWrapper ' style=\"text-align:center!important;\">\n                <a target='_blank' href=\"https:\/\/www.facebook.com\/sharer\/sharer.php?u=https%3A%2F%2Fwww.meldonlaw.com%2Fes%2Fmiembro%2Folga-sinnreich%2F\">\n                    <img loading=\"lazy\" decoding=\"async\" src=\"\/wp-content\/themes\/meldon-law\/img\/social-media-icons\/facebook-icon.png\" alt=\"Share on Facebook\" width=\"30\" height=\"30\">\n                <\/a>\n                <a target='_blank' href=\"https:\/\/twitter.com\/intent\/tweet?url=https%3A%2F%2Fwww.meldonlaw.com%2Fes%2Fmiembro%2Folga-sinnreich%2F&text=Olga+Sinnreich\">\n                    <img loading=\"lazy\" decoding=\"async\" src=\"\/wp-content\/themes\/meldon-law\/img\/social-media-icons\/x-icon.png\" alt=\"Tweet this\" width=\"30\" height=\"30\">\n                <\/a>\n                <a target='_blank' href=\"https:\/\/www.linkedin.com\/shareArticle?mini=true&url=https%3A%2F%2Fwww.meldonlaw.com%2Fes%2Fmiembro%2Folga-sinnreich%2F&title=Olga+Sinnreich\">\n                    <img loading=\"lazy\" decoding=\"async\" src=\"\/wp-content\/themes\/meldon-law\/img\/social-media-icons\/linkedin-icon.png\" alt=\"Share on LinkedIn\" width=\"30\" height=\"30\">\n                <\/a>\n                <a target='_blank' href=\"https:\/\/pinterest.com\/pin\/create\/button\/?url=https%3A%2F%2Fwww.meldonlaw.com%2Fes%2Fmiembro%2Folga-sinnreich%2F&media=&description=Olga+Sinnreich\">\n                    <img loading=\"lazy\" decoding=\"async\" src=\"\/wp-content\/themes\/meldon-law\/img\/social-media-icons\/pinterest-icon.png\" alt=\"Pin on Pinterest\" width=\"30\" height=\"30\">\n                <\/a>\n                <a target='_blank' href=\"https:\/\/instagram.com\">\n                    <img loading=\"lazy\" decoding=\"async\" src=\"\/wp-content\/themes\/meldon-law\/img\/social-media-icons\/instagram-icon.png\" alt=\"Visit our Instagram\" width=\"30\" height=\"30\">\n                <\/a>\n            <\/div>","protected":false},"excerpt":{"rendered":"<p>Olga Sinnreich Olga Sinnreich aporta m\u00e1s de una d\u00e9cada de experiencia en marketing, desarrollo empresarial y estrategia de marca a Meldon Law. Graduada con un MBA de la Universidad de Florida, Olga ha construido su carrera ayudando a organizaciones a crecer mediante visi\u00f3n estrat\u00e9gica, ejecuci\u00f3n creativa y s\u00f3lidas conexiones comunitarias. Antes de unirse a&#8230; <a class=\"moretag\"\n href=\"https:\/\/www.meldonlaw.com\/es\/miembro\/olga-sinnreich\/\">Read More<\/a><\/p>\n","protected":false},"author":128,"featured_media":0,"parent":21357,"menu_order":0,"comment_status":"closed","ping_status":"closed","template":"","meta":{"_acf_changed":false,"inline_featured_image":false,"footnotes":""},"class_list":["post-21420","page","type-page","status-publish","hentry"],"acf":[],"yoast_head":"<!-- This site is optimized with the Yoast SEO plugin v25.2 - https:\/\/yoast.com\/wordpress\/plugins\/seo\/ -->\n<title>Olga Sinnreich | Meldon Law<\/title>\n<meta name=\"description\" content=\"Conozca a Olga Sinnreich, abogada con amplia experiencia en Meldon Law. Descubra su experiencia en lesiones personales y accidentes de tr\u00e1fico, y su dedicaci\u00f3n para ayudar a sus clientes a obtener la compensaci\u00f3n que merecen.\" \/>\n<meta name=\"robots\" content=\"index, follow, max-snippet:-1, max-image-preview:large, max-video-preview:-1\" \/>\n<link rel=\"canonical\" href=\"https:\/\/www.meldonlaw.com\/es\/miembro\/olga-sinnreich\/\" \/>\n<meta name=\"twitter:card\" content=\"summary_large_image\" \/>\n<meta name=\"twitter:title\" content=\"Olga Sinnreich | Meldon Law\" \/>\n<meta name=\"twitter:description\" content=\"Conozca a Olga Sinnreich, abogada con amplia experiencia en Meldon Law. Descubra su experiencia en lesiones personales y accidentes de tr\u00e1fico, y su dedicaci\u00f3n para ayudar a sus clientes a obtener la compensaci\u00f3n que merecen.\" \/>\n<meta name=\"twitter:label1\" content=\"Tiempo de lectura\" \/>\n\t<meta name=\"twitter:data1\" content=\"1 minuto\" \/>\n<!-- \/ Yoast SEO plugin. -->","yoast_head_json":{"title":"Olga Sinnreich | Meldon Law","description":"Conozca a Olga Sinnreich, abogada con amplia experiencia en Meldon Law. Descubra su experiencia en lesiones personales y accidentes de tr\u00e1fico, y su dedicaci\u00f3n para ayudar a sus clientes a obtener la compensaci\u00f3n que merecen.","robots":{"index":"index","follow":"follow","max-snippet":"max-snippet:-1","max-image-preview":"max-image-preview:large","max-video-preview":"max-video-preview:-1"},"canonical":"https:\/\/www.meldonlaw.com\/es\/miembro\/olga-sinnreich\/","twitter_card":"summary_large_image","twitter_title":"Olga Sinnreich | Meldon Law","twitter_description":"Conozca a Olga Sinnreich, abogada con amplia experiencia en Meldon Law. Descubra su experiencia en lesiones personales y accidentes de tr\u00e1fico, y su dedicaci\u00f3n para ayudar a sus clientes a obtener la compensaci\u00f3n que merecen.","twitter_misc":{"Tiempo de lectura":"1 minuto"},"schema":{"@context":"https:\/\/schema.org","@graph":[{"@type":"WebPage","@id":"https:\/\/www.meldonlaw.com\/es\/miembro\/olga-sinnreich\/","url":"https:\/\/www.meldonlaw.com\/es\/miembro\/olga-sinnreich\/","name":"Olga Sinnreich | Meldon Law","isPartOf":{"@id":"https:\/\/www.meldonlaw.com\/es\/#website"},"datePublished":"2025-10-08T21:25:36+00:00","dateModified":"2025-12-08T12:12:14+00:00","description":"Conozca a Olga Sinnreich, abogada con amplia experiencia en Meldon Law. Descubra su experiencia en lesiones personales y accidentes de tr\u00e1fico, y su dedicaci\u00f3n para ayudar a sus clientes a obtener la compensaci\u00f3n que merecen.","breadcrumb":{"@id":"https:\/\/www.meldonlaw.com\/es\/miembro\/olga-sinnreich\/#breadcrumb"},"inLanguage":"es","potentialAction":[{"@type":"ReadAction","target":["https:\/\/www.meldonlaw.com\/es\/miembro\/olga-sinnreich\/"]}]},{"@type":"BreadcrumbList","@id":"https:\/\/www.meldonlaw.com\/es\/miembro\/olga-sinnreich\/#breadcrumb","itemListElement":[{"@type":"ListItem","position":1,"name":"Home","item":"https:\/\/www.meldonlaw.com\/es\/"},{"@type":"ListItem","position":2,"name":"Nuestro Equipo","item":"https:\/\/www.meldonlaw.com\/es\/miembro\/"},{"@type":"ListItem","position":3,"name":"Olga Sinnreich"}]},{"@type":"WebSite","@id":"https:\/\/www.meldonlaw.com\/es\/#website","url":"https:\/\/www.meldonlaw.com\/es\/","name":"Meldon Law","description":"","potentialAction":[{"@type":"SearchAction","target":{"@type":"EntryPoint","urlTemplate":"https:\/\/www.meldonlaw.com\/es\/?s={search_term_string}"},"query-input":{"@type":"PropertyValueSpecification","valueRequired":true,"valueName":"search_term_string"}}],"inLanguage":"es"}]}},"_links":{"self":[{"href":"https:\/\/www.meldonlaw.com\/es\/wp-json\/wp\/v2\/pages\/21420","targetHints":{"allow":["GET"]}}],"collection":[{"href":"https:\/\/www.meldonlaw.com\/es\/wp-json\/wp\/v2\/pages"}],"about":[{"href":"https:\/\/www.meldonlaw.com\/es\/wp-json\/wp\/v2\/types\/page"}],"author":[{"embeddable":true,"href":"https:\/\/www.meldonlaw.com\/es\/wp-json\/wp\/v2\/users\/128"}],"replies":[{"embeddable":true,"href":"https:\/\/www.meldonlaw.com\/es\/wp-json\/wp\/v2\/comments?post=21420"}],"version-history":[{"count":0,"href":"https:\/\/www.meldonlaw.com\/es\/wp-json\/wp\/v2\/pages\/21420\/revisions"}],"up":[{"embeddable":true,"href":"https:\/\/www.meldonlaw.com\/es\/wp-json\/wp\/v2\/pages\/21357"}],"wp:attachment":[{"href":"https:\/\/www.meldonlaw.com\/es\/wp-json\/wp\/v2\/media?parent=21420"}],"curies":[{"name":"wp","href":"https:\/\/api.w.org\/{rel}","templated":true}]}}