{"id":21418,"date":"2025-02-25T12:22:00","date_gmt":"2025-02-25T20:22:00","guid":{"rendered":"https:\/\/www.meldonlaw.com\/miembro\/kalyner-gil\/"},"modified":"2025-12-08T04:10:11","modified_gmt":"2025-12-08T12:10:11","slug":"kalyner-gil","status":"publish","type":"page","link":"https:\/\/www.meldonlaw.com\/es\/miembro\/kalyner-gil\/","title":{"rendered":"Kalyner Gil"},"content":{"rendered":"<h1>Kalyner Gil<\/h1>\n<p data-start=\"112\" data-end=\"515\">Como Especialista de Admisiones en Meldon Law, Kalyner \u2014tambi\u00e9n conocida como Kaly\u2014 es el primer punto de contacto para las personas que buscan asistencia legal, ayud\u00e1ndolas a navegar las etapas iniciales de su caso. Con un profundo entendimiento de los procesos legales y un enfoque compasivo, se asegura de que cada cliente se sienta escuchado, apoyado e informado durante todo el proceso de admisi\u00f3n.<\/p>\n<p data-start=\"517\" data-end=\"916\">Antes de unirse a Meldon Law, Kalyner trabaj\u00f3 durante 11 a\u00f1os en el \u00e1rea de Derecho de Familia, donde perfeccion\u00f3 sus habilidades para escuchar atentamente, hacer las preguntas adecuadas y empatizar con clientes en situaciones dif\u00edciles. Kalyner prospera en un entorno enfocado en el cliente y siente pasi\u00f3n por ayudar a las personas a superar situaciones legales desafiantes con mayor tranquilidad.<\/p>\n<p data-start=\"918\" data-end=\"1133\">Fuera del trabajo, Kalyner disfruta de una variedad de pasatiempos que la mantienen creativa y activa, como proyectos de bricolaje, patinaje, organizaci\u00f3n de eventos y explorar nuevos lugares a trav\u00e9s de los viajes.<\/p>\n            \n            <div class='shareThisWrapper ' style=\"text-align:center!important;\">\n                <a target='_blank' href=\"https:\/\/www.facebook.com\/sharer\/sharer.php?u=https%3A%2F%2Fwww.meldonlaw.com%2Fes%2Fmiembro%2Fkalyner-gil%2F\">\n                    <img loading=\"lazy\" decoding=\"async\" src=\"\/wp-content\/themes\/meldon-law\/img\/social-media-icons\/facebook-icon.png\" alt=\"Share on Facebook\" width=\"30\" height=\"30\">\n                <\/a>\n                <a target='_blank' href=\"https:\/\/twitter.com\/intent\/tweet?url=https%3A%2F%2Fwww.meldonlaw.com%2Fes%2Fmiembro%2Fkalyner-gil%2F&text=Kalyner+Gil\">\n                    <img loading=\"lazy\" decoding=\"async\" src=\"\/wp-content\/themes\/meldon-law\/img\/social-media-icons\/x-icon.png\" alt=\"Tweet this\" width=\"30\" height=\"30\">\n                <\/a>\n                <a target='_blank' href=\"https:\/\/www.linkedin.com\/shareArticle?mini=true&url=https%3A%2F%2Fwww.meldonlaw.com%2Fes%2Fmiembro%2Fkalyner-gil%2F&title=Kalyner+Gil\">\n                    <img loading=\"lazy\" decoding=\"async\" src=\"\/wp-content\/themes\/meldon-law\/img\/social-media-icons\/linkedin-icon.png\" alt=\"Share on LinkedIn\" width=\"30\" height=\"30\">\n                <\/a>\n                <a target='_blank' href=\"https:\/\/pinterest.com\/pin\/create\/button\/?url=https%3A%2F%2Fwww.meldonlaw.com%2Fes%2Fmiembro%2Fkalyner-gil%2F&media=&description=Kalyner+Gil\">\n                    <img loading=\"lazy\" decoding=\"async\" src=\"\/wp-content\/themes\/meldon-law\/img\/social-media-icons\/pinterest-icon.png\" alt=\"Pin on Pinterest\" width=\"30\" height=\"30\">\n                <\/a>\n                <a target='_blank' href=\"https:\/\/instagram.com\">\n                    <img loading=\"lazy\" decoding=\"async\" src=\"\/wp-content\/themes\/meldon-law\/img\/social-media-icons\/instagram-icon.png\" alt=\"Visit our Instagram\" width=\"30\" height=\"30\">\n                <\/a>\n            <\/div>","protected":false},"excerpt":{"rendered":"<p>Kalyner Gil Como Especialista de Admisiones en Meldon Law, Kalyner \u2014tambi\u00e9n conocida como Kaly\u2014 es el primer punto de contacto para las personas que buscan asistencia legal, ayud\u00e1ndolas a navegar las etapas iniciales de su caso. Con un profundo entendimiento de los procesos legales y un enfoque compasivo, se asegura de que cada cliente&#8230; <a class=\"moretag\"\n href=\"https:\/\/www.meldonlaw.com\/es\/miembro\/kalyner-gil\/\">Read More<\/a><\/p>\n","protected":false},"author":128,"featured_media":0,"parent":21357,"menu_order":0,"comment_status":"closed","ping_status":"closed","template":"","meta":{"_acf_changed":false,"inline_featured_image":false,"footnotes":""},"class_list":["post-21418","page","type-page","status-publish","hentry"],"acf":[],"yoast_head":"<!-- This site is optimized with the Yoast SEO plugin v25.2 - https:\/\/yoast.com\/wordpress\/plugins\/seo\/ -->\n<title>Kalyner Gil | Meldon Law<\/title>\n<meta name=\"description\" content=\"Conozca a Kalyner Gil, abogada de Meldon Law. Descubra su trayectoria profesional y su compromiso con la atenci\u00f3n eficaz a sus clientes.\" \/>\n<meta name=\"robots\" content=\"index, follow, max-snippet:-1, max-image-preview:large, max-video-preview:-1\" \/>\n<link rel=\"canonical\" href=\"https:\/\/www.meldonlaw.com\/es\/miembro\/kalyner-gil\/\" \/>\n<meta name=\"twitter:card\" content=\"summary_large_image\" \/>\n<meta name=\"twitter:title\" content=\"Kalyner Gil | Meldon Law\" \/>\n<meta name=\"twitter:description\" content=\"Conozca a Kalyner Gil, abogada de Meldon Law. Descubra su trayectoria profesional y su compromiso con la atenci\u00f3n eficaz a sus clientes.\" \/>\n<meta name=\"twitter:label1\" content=\"Tiempo de lectura\" \/>\n\t<meta name=\"twitter:data1\" content=\"1 minuto\" \/>\n<!-- \/ Yoast SEO plugin. -->","yoast_head_json":{"title":"Kalyner Gil | Meldon Law","description":"Conozca a Kalyner Gil, abogada de Meldon Law. Descubra su trayectoria profesional y su compromiso con la atenci\u00f3n eficaz a sus clientes.","robots":{"index":"index","follow":"follow","max-snippet":"max-snippet:-1","max-image-preview":"max-image-preview:large","max-video-preview":"max-video-preview:-1"},"canonical":"https:\/\/www.meldonlaw.com\/es\/miembro\/kalyner-gil\/","twitter_card":"summary_large_image","twitter_title":"Kalyner Gil | Meldon Law","twitter_description":"Conozca a Kalyner Gil, abogada de Meldon Law. Descubra su trayectoria profesional y su compromiso con la atenci\u00f3n eficaz a sus clientes.","twitter_misc":{"Tiempo de lectura":"1 minuto"},"schema":{"@context":"https:\/\/schema.org","@graph":[{"@type":"WebPage","@id":"https:\/\/www.meldonlaw.com\/es\/miembro\/kalyner-gil\/","url":"https:\/\/www.meldonlaw.com\/es\/miembro\/kalyner-gil\/","name":"Kalyner Gil | Meldon Law","isPartOf":{"@id":"https:\/\/www.meldonlaw.com\/es\/#website"},"datePublished":"2025-02-25T20:22:00+00:00","dateModified":"2025-12-08T12:10:11+00:00","description":"Conozca a Kalyner Gil, abogada de Meldon Law. Descubra su trayectoria profesional y su compromiso con la atenci\u00f3n eficaz a sus clientes.","breadcrumb":{"@id":"https:\/\/www.meldonlaw.com\/es\/miembro\/kalyner-gil\/#breadcrumb"},"inLanguage":"es","potentialAction":[{"@type":"ReadAction","target":["https:\/\/www.meldonlaw.com\/es\/miembro\/kalyner-gil\/"]}]},{"@type":"BreadcrumbList","@id":"https:\/\/www.meldonlaw.com\/es\/miembro\/kalyner-gil\/#breadcrumb","itemListElement":[{"@type":"ListItem","position":1,"name":"Home","item":"https:\/\/www.meldonlaw.com\/es\/"},{"@type":"ListItem","position":2,"name":"Nuestro Equipo","item":"https:\/\/www.meldonlaw.com\/es\/miembro\/"},{"@type":"ListItem","position":3,"name":"Kalyner Gil"}]},{"@type":"WebSite","@id":"https:\/\/www.meldonlaw.com\/es\/#website","url":"https:\/\/www.meldonlaw.com\/es\/","name":"Meldon Law","description":"","potentialAction":[{"@type":"SearchAction","target":{"@type":"EntryPoint","urlTemplate":"https:\/\/www.meldonlaw.com\/es\/?s={search_term_string}"},"query-input":{"@type":"PropertyValueSpecification","valueRequired":true,"valueName":"search_term_string"}}],"inLanguage":"es"}]}},"_links":{"self":[{"href":"https:\/\/www.meldonlaw.com\/es\/wp-json\/wp\/v2\/pages\/21418","targetHints":{"allow":["GET"]}}],"collection":[{"href":"https:\/\/www.meldonlaw.com\/es\/wp-json\/wp\/v2\/pages"}],"about":[{"href":"https:\/\/www.meldonlaw.com\/es\/wp-json\/wp\/v2\/types\/page"}],"author":[{"embeddable":true,"href":"https:\/\/www.meldonlaw.com\/es\/wp-json\/wp\/v2\/users\/128"}],"replies":[{"embeddable":true,"href":"https:\/\/www.meldonlaw.com\/es\/wp-json\/wp\/v2\/comments?post=21418"}],"version-history":[{"count":0,"href":"https:\/\/www.meldonlaw.com\/es\/wp-json\/wp\/v2\/pages\/21418\/revisions"}],"up":[{"embeddable":true,"href":"https:\/\/www.meldonlaw.com\/es\/wp-json\/wp\/v2\/pages\/21357"}],"wp:attachment":[{"href":"https:\/\/www.meldonlaw.com\/es\/wp-json\/wp\/v2\/media?parent=21418"}],"curies":[{"name":"wp","href":"https:\/\/api.w.org\/{rel}","templated":true}]}}