{"id":21416,"date":"2025-05-23T01:15:32","date_gmt":"2025-05-23T08:15:32","guid":{"rendered":"https:\/\/www.meldonlaw.com\/miembro\/carolyn-mckittrick\/"},"modified":"2026-01-20T10:01:36","modified_gmt":"2026-01-20T18:01:36","slug":"carolyn-mckittrick","status":"publish","type":"page","link":"https:\/\/www.meldonlaw.com\/es\/miembro\/carolyn-mckittrick\/","title":{"rendered":"Carolyn McKittrick"},"content":{"rendered":"<h1>Carolyn McKittrick<\/h1>\n<p data-start=\"55\" data-end=\"657\">Carolyn es una Asistente Legal Registrada en Florida y forma parte del equipo de Litigios. Es graduada de la Universidad de Florida y tiene m\u00e1s de 25 a\u00f1os de experiencia en el campo legal. La mayor parte de su experiencia es en derecho penal, con algunos a\u00f1os de experiencia en facturaci\u00f3n m\u00e9dica de lesiones personales en UF Health Shands. Est\u00e1 entusiasmada por profundizar en el campo de lesiones personales aqu\u00ed en Meldon Law. Su motivaci\u00f3n es ayudar a los dem\u00e1s y brindar apoyo tanto a sus compa\u00f1eros de equipo como a los clientes. Disfruta colaborar con otros para crear resultados significativos.<\/p>\n<p data-start=\"659\" data-end=\"860\">Cuando no est\u00e1 trabajando, se le puede encontrar pasando tiempo al aire libre, viendo a su hija competir y levantar pesas con el Gator Weightlifting Club, y tomando siestas con su mejor compa\u00f1era, Dot.<\/p>\n            \n            <div class='shareThisWrapper ' style=\"text-align:center!important;\">\n                <a target='_blank' href=\"https:\/\/www.facebook.com\/sharer\/sharer.php?u=https%3A%2F%2Fwww.meldonlaw.com%2Fes%2Fmiembro%2Fcarolyn-mckittrick%2F\">\n                    <img loading=\"lazy\" decoding=\"async\" src=\"\/wp-content\/themes\/meldon-law\/img\/social-media-icons\/facebook-icon.png\" alt=\"Share on Facebook\" width=\"30\" height=\"30\">\n                <\/a>\n                <a target='_blank' href=\"https:\/\/twitter.com\/intent\/tweet?url=https%3A%2F%2Fwww.meldonlaw.com%2Fes%2Fmiembro%2Fcarolyn-mckittrick%2F&text=Carolyn+McKittrick\">\n                    <img loading=\"lazy\" decoding=\"async\" src=\"\/wp-content\/themes\/meldon-law\/img\/social-media-icons\/x-icon.png\" alt=\"Tweet this\" width=\"30\" height=\"30\">\n                <\/a>\n                <a target='_blank' href=\"https:\/\/www.linkedin.com\/shareArticle?mini=true&url=https%3A%2F%2Fwww.meldonlaw.com%2Fes%2Fmiembro%2Fcarolyn-mckittrick%2F&title=Carolyn+McKittrick\">\n                    <img loading=\"lazy\" decoding=\"async\" src=\"\/wp-content\/themes\/meldon-law\/img\/social-media-icons\/linkedin-icon.png\" alt=\"Share on LinkedIn\" width=\"30\" height=\"30\">\n                <\/a>\n                <a target='_blank' href=\"https:\/\/pinterest.com\/pin\/create\/button\/?url=https%3A%2F%2Fwww.meldonlaw.com%2Fes%2Fmiembro%2Fcarolyn-mckittrick%2F&media=&description=Carolyn+McKittrick\">\n                    <img loading=\"lazy\" decoding=\"async\" src=\"\/wp-content\/themes\/meldon-law\/img\/social-media-icons\/pinterest-icon.png\" alt=\"Pin on Pinterest\" width=\"30\" height=\"30\">\n                <\/a>\n                <a target='_blank' href=\"https:\/\/instagram.com\">\n                    <img loading=\"lazy\" decoding=\"async\" src=\"\/wp-content\/themes\/meldon-law\/img\/social-media-icons\/instagram-icon.png\" alt=\"Visit our Instagram\" width=\"30\" height=\"30\">\n                <\/a>\n            <\/div>","protected":false},"excerpt":{"rendered":"<p>Carolyn McKittrick Carolyn es una Asistente Legal Registrada en Florida y forma parte del equipo de Litigios. Es graduada de la Universidad de Florida y tiene m\u00e1s de 25 a\u00f1os de experiencia en el campo legal. La mayor parte de su experiencia es en derecho penal, con algunos a\u00f1os de experiencia en facturaci\u00f3n m\u00e9dica&#8230; <a class=\"moretag\"\n href=\"https:\/\/www.meldonlaw.com\/es\/miembro\/carolyn-mckittrick\/\">Read More<\/a><\/p>\n","protected":false},"author":128,"featured_media":0,"parent":21357,"menu_order":19,"comment_status":"closed","ping_status":"closed","template":"","meta":{"_acf_changed":false,"inline_featured_image":false,"footnotes":""},"class_list":["post-21416","page","type-page","status-publish","hentry"],"acf":[],"yoast_head":"<!-- This site is optimized with the Yoast SEO plugin v25.2 - https:\/\/yoast.com\/wordpress\/plugins\/seo\/ -->\n<title>Carolyn McKittrick | Meldon Law<\/title>\n<meta name=\"description\" content=\"Carolyn es asistente legal registrada en Florida y forma parte del Equipo de Litigios. Es graduada de la Universidad de Florida y cuenta con m\u00e1s de 25 a\u00f1os de experiencia en el \u00e1mbito legal.\" \/>\n<meta name=\"robots\" content=\"index, follow, max-snippet:-1, max-image-preview:large, max-video-preview:-1\" \/>\n<link rel=\"canonical\" href=\"https:\/\/www.meldonlaw.com\/es\/miembro\/carolyn-mckittrick\/\" \/>\n<meta name=\"twitter:card\" content=\"summary_large_image\" \/>\n<meta name=\"twitter:title\" content=\"Carolyn McKittrick | Meldon Law\" \/>\n<meta name=\"twitter:description\" content=\"Carolyn es asistente legal registrada en Florida y forma parte del Equipo de Litigios. Es graduada de la Universidad de Florida y cuenta con m\u00e1s de 25 a\u00f1os de experiencia en el \u00e1mbito legal.\" \/>\n<meta name=\"twitter:label1\" content=\"Tiempo de lectura\" \/>\n\t<meta name=\"twitter:data1\" content=\"1 minuto\" \/>\n<!-- \/ Yoast SEO plugin. -->","yoast_head_json":{"title":"Carolyn McKittrick | Meldon Law","description":"Carolyn es asistente legal registrada en Florida y forma parte del Equipo de Litigios. Es graduada de la Universidad de Florida y cuenta con m\u00e1s de 25 a\u00f1os de experiencia en el \u00e1mbito legal.","robots":{"index":"index","follow":"follow","max-snippet":"max-snippet:-1","max-image-preview":"max-image-preview:large","max-video-preview":"max-video-preview:-1"},"canonical":"https:\/\/www.meldonlaw.com\/es\/miembro\/carolyn-mckittrick\/","twitter_card":"summary_large_image","twitter_title":"Carolyn McKittrick | Meldon Law","twitter_description":"Carolyn es asistente legal registrada en Florida y forma parte del Equipo de Litigios. Es graduada de la Universidad de Florida y cuenta con m\u00e1s de 25 a\u00f1os de experiencia en el \u00e1mbito legal.","twitter_misc":{"Tiempo de lectura":"1 minuto"},"schema":{"@context":"https:\/\/schema.org","@graph":[{"@type":"WebPage","@id":"https:\/\/www.meldonlaw.com\/es\/miembro\/carolyn-mckittrick\/","url":"https:\/\/www.meldonlaw.com\/es\/miembro\/carolyn-mckittrick\/","name":"Carolyn McKittrick | Meldon Law","isPartOf":{"@id":"https:\/\/www.meldonlaw.com\/es\/#website"},"datePublished":"2025-05-23T08:15:32+00:00","dateModified":"2026-01-20T18:01:36+00:00","description":"Carolyn es asistente legal registrada en Florida y forma parte del Equipo de Litigios. Es graduada de la Universidad de Florida y cuenta con m\u00e1s de 25 a\u00f1os de experiencia en el \u00e1mbito legal.","breadcrumb":{"@id":"https:\/\/www.meldonlaw.com\/es\/miembro\/carolyn-mckittrick\/#breadcrumb"},"inLanguage":"es","potentialAction":[{"@type":"ReadAction","target":["https:\/\/www.meldonlaw.com\/es\/miembro\/carolyn-mckittrick\/"]}]},{"@type":"BreadcrumbList","@id":"https:\/\/www.meldonlaw.com\/es\/miembro\/carolyn-mckittrick\/#breadcrumb","itemListElement":[{"@type":"ListItem","position":1,"name":"Home","item":"https:\/\/www.meldonlaw.com\/es\/"},{"@type":"ListItem","position":2,"name":"Nuestro Equipo","item":"https:\/\/www.meldonlaw.com\/es\/miembro\/"},{"@type":"ListItem","position":3,"name":"Carolyn McKittrick"}]},{"@type":"WebSite","@id":"https:\/\/www.meldonlaw.com\/es\/#website","url":"https:\/\/www.meldonlaw.com\/es\/","name":"Meldon Law","description":"","potentialAction":[{"@type":"SearchAction","target":{"@type":"EntryPoint","urlTemplate":"https:\/\/www.meldonlaw.com\/es\/?s={search_term_string}"},"query-input":{"@type":"PropertyValueSpecification","valueRequired":true,"valueName":"search_term_string"}}],"inLanguage":"es"}]}},"_links":{"self":[{"href":"https:\/\/www.meldonlaw.com\/es\/wp-json\/wp\/v2\/pages\/21416","targetHints":{"allow":["GET"]}}],"collection":[{"href":"https:\/\/www.meldonlaw.com\/es\/wp-json\/wp\/v2\/pages"}],"about":[{"href":"https:\/\/www.meldonlaw.com\/es\/wp-json\/wp\/v2\/types\/page"}],"author":[{"embeddable":true,"href":"https:\/\/www.meldonlaw.com\/es\/wp-json\/wp\/v2\/users\/128"}],"replies":[{"embeddable":true,"href":"https:\/\/www.meldonlaw.com\/es\/wp-json\/wp\/v2\/comments?post=21416"}],"version-history":[{"count":0,"href":"https:\/\/www.meldonlaw.com\/es\/wp-json\/wp\/v2\/pages\/21416\/revisions"}],"up":[{"embeddable":true,"href":"https:\/\/www.meldonlaw.com\/es\/wp-json\/wp\/v2\/pages\/21357"}],"wp:attachment":[{"href":"https:\/\/www.meldonlaw.com\/es\/wp-json\/wp\/v2\/media?parent=21416"}],"curies":[{"name":"wp","href":"https:\/\/api.w.org\/{rel}","templated":true}]}}