{"id":21405,"date":"2019-05-15T18:00:56","date_gmt":"2019-05-16T01:00:56","guid":{"rendered":"https:\/\/www.meldonlaw.com\/miembro\/abbie-knight\/"},"modified":"2025-12-08T03:53:00","modified_gmt":"2025-12-08T11:53:00","slug":"abbie-knight","status":"publish","type":"page","link":"https:\/\/www.meldonlaw.com\/es\/miembro\/abbie-knight\/","title":{"rendered":"Abbie Knight"},"content":{"rendered":"<h1>Abbie Knight<\/h1>\n\t\t<div class=\"youtube-embed-cont\">\n\t\t\t<iframe src=\"https:\/\/www.youtube.com\/embed\/N5Qukmoi35g?rel=0\" frameborder=\"0\" allow=\"accelerometer; autoplay; encrypted-media; gyroscope; picture-in-picture\" webkitallowfullscreen mozallowfullscreen allowfullscreen><\/iframe>\n\t\t<\/div>\n<p data-start=\"93\" data-end=\"628\">Con m\u00e1s de <strong data-start=\"104\" data-end=\"151\">45 a\u00f1os de experiencia como Asistente Legal<\/strong> en la comunidad de Gainesville, Abbie es la persona de referencia en el Departamento Penal cuando surgen situaciones dif\u00edciles. Ella realmente se preocupa por nuestros clientes y se esfuerza por ayudarlos a obtener el mejor resultado posible en sus casos, asegur\u00e1ndose de que su situaci\u00f3n tenga el menor impacto en sus vidas. Abbie entiende que cuando alguien necesita servicios legales, atraviesa un momento estresante, y trabaja para aliviar sus ansiedades y preocupaciones.<\/p>\n<p data-start=\"630\" data-end=\"921\">Entre sus intereses personales se encuentran la pesca de vieiras en Steinhatchee, FL, y pasar tiempo en la playa con su familia en Daytona Beach o Vero Beach, donde naci\u00f3 y creci\u00f3. Tambi\u00e9n disfruta ver episodios de Law and Order, pel\u00edculas de misterio y, lo m\u00e1s importante, The Walking Dead.<\/p>\n<p data-start=\"923\" data-end=\"1416\"><em><strong data-start=\"923\" data-end=\"1416\">\u201cEl conocimiento incomparable de Abbie sobre el funcionamiento interno del Tribunal y el DMV es invaluable para el Equipo y para ganar un caso de DUI. Si quieres asegurarte de que algo se haga bien, Abbie es la persona indicada. Abbie ha trabajado en m\u00e1s casos de DUI\/Criminal que cualquier otra asistente legal en Gainesville. Durante m\u00e1s de 30 a\u00f1os, Abbie y su experiencia invaluable y vasto conocimiento del sistema legal han sido una parte integral de mi \u00e9xito a lo largo de los a\u00f1os.\u201d<\/strong><\/em><\/p>\n            \n            <div class='shareThisWrapper ' style=\"text-align:center!important;\">\n                <a target='_blank' href=\"https:\/\/www.facebook.com\/sharer\/sharer.php?u=https%3A%2F%2Fwww.meldonlaw.com%2Fes%2Fmiembro%2Fabbie-knight%2F\">\n                    <img loading=\"lazy\" decoding=\"async\" src=\"\/wp-content\/themes\/meldon-law\/img\/social-media-icons\/facebook-icon.png\" alt=\"Share on Facebook\" width=\"30\" height=\"30\">\n                <\/a>\n                <a target='_blank' href=\"https:\/\/twitter.com\/intent\/tweet?url=https%3A%2F%2Fwww.meldonlaw.com%2Fes%2Fmiembro%2Fabbie-knight%2F&text=Abbie+Knight\">\n                    <img loading=\"lazy\" decoding=\"async\" src=\"\/wp-content\/themes\/meldon-law\/img\/social-media-icons\/x-icon.png\" alt=\"Tweet this\" width=\"30\" height=\"30\">\n                <\/a>\n                <a target='_blank' href=\"https:\/\/www.linkedin.com\/shareArticle?mini=true&url=https%3A%2F%2Fwww.meldonlaw.com%2Fes%2Fmiembro%2Fabbie-knight%2F&title=Abbie+Knight\">\n                    <img loading=\"lazy\" decoding=\"async\" src=\"\/wp-content\/themes\/meldon-law\/img\/social-media-icons\/linkedin-icon.png\" alt=\"Share on LinkedIn\" width=\"30\" height=\"30\">\n                <\/a>\n                <a target='_blank' href=\"https:\/\/pinterest.com\/pin\/create\/button\/?url=https%3A%2F%2Fwww.meldonlaw.com%2Fes%2Fmiembro%2Fabbie-knight%2F&media=&description=Abbie+Knight\">\n                    <img loading=\"lazy\" decoding=\"async\" src=\"\/wp-content\/themes\/meldon-law\/img\/social-media-icons\/pinterest-icon.png\" alt=\"Pin on Pinterest\" width=\"30\" height=\"30\">\n                <\/a>\n                <a target='_blank' href=\"https:\/\/instagram.com\">\n                    <img loading=\"lazy\" decoding=\"async\" src=\"\/wp-content\/themes\/meldon-law\/img\/social-media-icons\/instagram-icon.png\" alt=\"Visit our Instagram\" width=\"30\" height=\"30\">\n                <\/a>\n            <\/div>","protected":false},"excerpt":{"rendered":"<p>Abbie Knight Con m\u00e1s de 45 a\u00f1os de experiencia como Asistente Legal en la comunidad de Gainesville, Abbie es la persona de referencia en el Departamento Penal cuando surgen situaciones dif\u00edciles. Ella realmente se preocupa por nuestros clientes y se esfuerza por ayudarlos a obtener el mejor resultado posible en sus casos, asegur\u00e1ndose de&#8230; <a class=\"moretag\"\n href=\"https:\/\/www.meldonlaw.com\/es\/miembro\/abbie-knight\/\">Read More<\/a><\/p>\n","protected":false},"author":1,"featured_media":0,"parent":21357,"menu_order":1,"comment_status":"closed","ping_status":"closed","template":"","meta":{"_acf_changed":false,"inline_featured_image":false,"footnotes":""},"class_list":["post-21405","page","type-page","status-publish","hentry"],"acf":[],"yoast_head":"<!-- This site is optimized with the Yoast SEO plugin v25.2 - https:\/\/yoast.com\/wordpress\/plugins\/seo\/ -->\n<title>Abbie Knight | Meldon Law<\/title>\n<meta name=\"description\" content=\"Con m\u00e1s de 45 a\u00f1os de experiencia como Asistente Legal en la comunidad de Gainesville, realmente se preocupa por nuestros clientes y se esfuerza por ayudarlos a obtener el mejor resultado posible en sus casos.\" \/>\n<meta name=\"robots\" content=\"index, follow, max-snippet:-1, max-image-preview:large, max-video-preview:-1\" \/>\n<link rel=\"canonical\" href=\"https:\/\/www.meldonlaw.com\/es\/miembro\/abbie-knight\/\" \/>\n<meta name=\"twitter:card\" content=\"summary_large_image\" \/>\n<meta name=\"twitter:title\" content=\"Abbie Knight | Meldon Law\" \/>\n<meta name=\"twitter:description\" content=\"Con m\u00e1s de 45 a\u00f1os de experiencia como Asistente Legal en la comunidad de Gainesville, realmente se preocupa por nuestros clientes y se esfuerza por ayudarlos a obtener el mejor resultado posible en sus casos.\" \/>\n<meta name=\"twitter:label1\" content=\"Tiempo de lectura\" \/>\n\t<meta name=\"twitter:data1\" content=\"1 minuto\" \/>\n<!-- \/ Yoast SEO plugin. -->","yoast_head_json":{"title":"Abbie Knight | Meldon Law","description":"Con m\u00e1s de 45 a\u00f1os de experiencia como Asistente Legal en la comunidad de Gainesville, realmente se preocupa por nuestros clientes y se esfuerza por ayudarlos a obtener el mejor resultado posible en sus casos.","robots":{"index":"index","follow":"follow","max-snippet":"max-snippet:-1","max-image-preview":"max-image-preview:large","max-video-preview":"max-video-preview:-1"},"canonical":"https:\/\/www.meldonlaw.com\/es\/miembro\/abbie-knight\/","twitter_card":"summary_large_image","twitter_title":"Abbie Knight | Meldon Law","twitter_description":"Con m\u00e1s de 45 a\u00f1os de experiencia como Asistente Legal en la comunidad de Gainesville, realmente se preocupa por nuestros clientes y se esfuerza por ayudarlos a obtener el mejor resultado posible en sus casos.","twitter_misc":{"Tiempo de lectura":"1 minuto"},"schema":{"@context":"https:\/\/schema.org","@graph":[{"@type":"WebPage","@id":"https:\/\/www.meldonlaw.com\/es\/miembro\/abbie-knight\/","url":"https:\/\/www.meldonlaw.com\/es\/miembro\/abbie-knight\/","name":"Abbie Knight | Meldon Law","isPartOf":{"@id":"https:\/\/www.meldonlaw.com\/es\/#website"},"datePublished":"2019-05-16T01:00:56+00:00","dateModified":"2025-12-08T11:53:00+00:00","description":"Con m\u00e1s de 45 a\u00f1os de experiencia como Asistente Legal en la comunidad de Gainesville, realmente se preocupa por nuestros clientes y se esfuerza por ayudarlos a obtener el mejor resultado posible en sus casos.","breadcrumb":{"@id":"https:\/\/www.meldonlaw.com\/es\/miembro\/abbie-knight\/#breadcrumb"},"inLanguage":"es","potentialAction":[{"@type":"ReadAction","target":["https:\/\/www.meldonlaw.com\/es\/miembro\/abbie-knight\/"]}]},{"@type":"BreadcrumbList","@id":"https:\/\/www.meldonlaw.com\/es\/miembro\/abbie-knight\/#breadcrumb","itemListElement":[{"@type":"ListItem","position":1,"name":"Home","item":"https:\/\/www.meldonlaw.com\/es\/"},{"@type":"ListItem","position":2,"name":"Nuestro Equipo","item":"https:\/\/www.meldonlaw.com\/es\/miembro\/"},{"@type":"ListItem","position":3,"name":"Abbie Knight"}]},{"@type":"WebSite","@id":"https:\/\/www.meldonlaw.com\/es\/#website","url":"https:\/\/www.meldonlaw.com\/es\/","name":"Meldon Law","description":"","potentialAction":[{"@type":"SearchAction","target":{"@type":"EntryPoint","urlTemplate":"https:\/\/www.meldonlaw.com\/es\/?s={search_term_string}"},"query-input":{"@type":"PropertyValueSpecification","valueRequired":true,"valueName":"search_term_string"}}],"inLanguage":"es"}]}},"_links":{"self":[{"href":"https:\/\/www.meldonlaw.com\/es\/wp-json\/wp\/v2\/pages\/21405","targetHints":{"allow":["GET"]}}],"collection":[{"href":"https:\/\/www.meldonlaw.com\/es\/wp-json\/wp\/v2\/pages"}],"about":[{"href":"https:\/\/www.meldonlaw.com\/es\/wp-json\/wp\/v2\/types\/page"}],"author":[{"embeddable":true,"href":"https:\/\/www.meldonlaw.com\/es\/wp-json\/wp\/v2\/users\/1"}],"replies":[{"embeddable":true,"href":"https:\/\/www.meldonlaw.com\/es\/wp-json\/wp\/v2\/comments?post=21405"}],"version-history":[{"count":0,"href":"https:\/\/www.meldonlaw.com\/es\/wp-json\/wp\/v2\/pages\/21405\/revisions"}],"up":[{"embeddable":true,"href":"https:\/\/www.meldonlaw.com\/es\/wp-json\/wp\/v2\/pages\/21357"}],"wp:attachment":[{"href":"https:\/\/www.meldonlaw.com\/es\/wp-json\/wp\/v2\/media?parent=21405"}],"curies":[{"name":"wp","href":"https:\/\/api.w.org\/{rel}","templated":true}]}}