{"id":21404,"date":"2019-05-15T17:41:37","date_gmt":"2019-05-16T00:41:37","guid":{"rendered":"https:\/\/www.meldonlaw.com\/miembro\/jessica-thomason\/"},"modified":"2025-12-08T03:43:13","modified_gmt":"2025-12-08T11:43:13","slug":"jessica-thomason","status":"publish","type":"page","link":"https:\/\/www.meldonlaw.com\/es\/miembro\/jessica-thomason\/","title":{"rendered":"Jessica Thomason"},"content":{"rendered":"<div class=\"accordion accordion-icon meet-icon active\">\n<h1>Jessica Thomason<\/h1>\n<\/div>\n<div class=\"panel\">\n<p data-start=\"111\" data-end=\"1145\">Como actual <strong data-start=\"123\" data-end=\"171\">Gerente de Casos de Lesiones Personales (PI)<\/strong> y antigua <strong data-start=\"182\" data-end=\"231\">Especialista en Demandas de PI durante 6 a\u00f1os<\/strong>, Jessica se ha centrado en crear una comunicaci\u00f3n s\u00f3lida y de apoyo con los clientes, lo que resulta en la redacci\u00f3n de narrativas convincentes y paquetes de demanda elaborados de manera creativa y cuidadosa para las compa\u00f1\u00edas de seguros receptoras. Jessica obtuvo su <strong data-start=\"500\" data-end=\"528\">maestr\u00eda en Criminolog\u00eda<\/strong> de la Universidad del Sur de Florida en 2003 y su <strong data-start=\"579\" data-end=\"629\">licenciatura en Desarrollo de Recursos Humanos<\/strong> de la Universidad de Florida en 2001. Utiliza su diversa trayectoria \u2014que incluye m\u00e1s de diez a\u00f1os de trabajo en la industria del seguro automotriz como Ajustadora de Reclamos de Campo y Gerente de Reclamos de Campo en Jacksonville, Florida\u2014 cuando conversa con clientes, abogados, proveedores m\u00e9dicos y ajustadores de reclamos, transmitiendo la historia individual de cada cliente de una manera impactante y significativa para ayudarlos a recibir la mayor compensaci\u00f3n posible por sus casos de lesiones personales.<\/p>\n<p data-start=\"1147\" data-end=\"1686\">Fuera de la oficina, Jessica dedica su tiempo a actividades al aire libre, como flotar por el r\u00edo Ichetucknee, acampar, hacer senderismo, pescar y visitar el parque para perros con su novio y sus dos canes, Roxy y Axel. Tambi\u00e9n co-cr\u00eda dos tortugas sulcatas que, anticipa, vivir\u00e1n mucho m\u00e1s que ella. Asimismo, disfruta aprender sobre jardiner\u00eda y viajar. Jessica ha visitado casi todos los estados de los Estados Unidos y varios pa\u00edses alrededor del mundo, y expresa su deseo de retomar los viajes en un futuro, cuando sea seguro hacerlo.<\/p>\n<\/div>\n<div class=\"accordion accordion-icon degrees-icon\">\n<h3>Education<\/h3>\n<\/div>\n<div class=\"panel\">\n<ul>\n<li>\n<p data-start=\"1688\" data-end=\"1728\">Maestr\u00eda en Criminolog\u00eda<\/p>\n<\/li>\n<\/ul>\n<\/div>\n            \n            <div class='shareThisWrapper ' style=\"text-align:center!important;\">\n                <a target='_blank' href=\"https:\/\/www.facebook.com\/sharer\/sharer.php?u=https%3A%2F%2Fwww.meldonlaw.com%2Fes%2Fmiembro%2Fjessica-thomason%2F\">\n                    <img loading=\"lazy\" decoding=\"async\" src=\"\/wp-content\/themes\/meldon-law\/img\/social-media-icons\/facebook-icon.png\" alt=\"Share on Facebook\" width=\"30\" height=\"30\">\n                <\/a>\n                <a target='_blank' href=\"https:\/\/twitter.com\/intent\/tweet?url=https%3A%2F%2Fwww.meldonlaw.com%2Fes%2Fmiembro%2Fjessica-thomason%2F&text=Jessica+Thomason\">\n                    <img loading=\"lazy\" decoding=\"async\" src=\"\/wp-content\/themes\/meldon-law\/img\/social-media-icons\/x-icon.png\" alt=\"Tweet this\" width=\"30\" height=\"30\">\n                <\/a>\n                <a target='_blank' href=\"https:\/\/www.linkedin.com\/shareArticle?mini=true&url=https%3A%2F%2Fwww.meldonlaw.com%2Fes%2Fmiembro%2Fjessica-thomason%2F&title=Jessica+Thomason\">\n                    <img loading=\"lazy\" decoding=\"async\" src=\"\/wp-content\/themes\/meldon-law\/img\/social-media-icons\/linkedin-icon.png\" alt=\"Share on LinkedIn\" width=\"30\" height=\"30\">\n                <\/a>\n                <a target='_blank' href=\"https:\/\/pinterest.com\/pin\/create\/button\/?url=https%3A%2F%2Fwww.meldonlaw.com%2Fes%2Fmiembro%2Fjessica-thomason%2F&media=&description=Jessica+Thomason\">\n                    <img loading=\"lazy\" decoding=\"async\" src=\"\/wp-content\/themes\/meldon-law\/img\/social-media-icons\/pinterest-icon.png\" alt=\"Pin on Pinterest\" width=\"30\" height=\"30\">\n                <\/a>\n                <a target='_blank' href=\"https:\/\/instagram.com\">\n                    <img loading=\"lazy\" decoding=\"async\" src=\"\/wp-content\/themes\/meldon-law\/img\/social-media-icons\/instagram-icon.png\" alt=\"Visit our Instagram\" width=\"30\" height=\"30\">\n                <\/a>\n            <\/div>","protected":false},"excerpt":{"rendered":"<p>Jessica Thomason Como actual Gerente de Casos de Lesiones Personales (PI) y antigua Especialista en Demandas de PI durante 6 a\u00f1os, Jessica se ha centrado en crear una comunicaci\u00f3n s\u00f3lida y de apoyo con los clientes, lo que resulta en la redacci\u00f3n de narrativas convincentes y paquetes de demanda elaborados de manera creativa y&#8230; <a class=\"moretag\"\n href=\"https:\/\/www.meldonlaw.com\/es\/miembro\/jessica-thomason\/\">Read More<\/a><\/p>\n","protected":false},"author":1,"featured_media":0,"parent":21357,"menu_order":14,"comment_status":"closed","ping_status":"closed","template":"","meta":{"_acf_changed":false,"inline_featured_image":false,"footnotes":""},"class_list":["post-21404","page","type-page","status-publish","hentry"],"acf":[],"yoast_head":"<!-- This site is optimized with the Yoast SEO plugin v25.2 - https:\/\/yoast.com\/wordpress\/plugins\/seo\/ -->\n<title>Jessica Thomason | Meldon Law<\/title>\n<meta name=\"description\" content=\"Actualmente soy asistente legal en el departamento de lesiones personales. Antes de unirme al equipo de Meldon, trabaj\u00e9 en la industria del seguro de autom\u00f3viles como ajustadora de campo y gerente de reclamos en Jacksonville durante diez a\u00f1os.\" \/>\n<meta name=\"robots\" content=\"index, follow, max-snippet:-1, max-image-preview:large, max-video-preview:-1\" \/>\n<link rel=\"canonical\" href=\"https:\/\/www.meldonlaw.com\/es\/miembro\/jessica-thomason\/\" \/>\n<meta name=\"twitter:card\" content=\"summary_large_image\" \/>\n<meta name=\"twitter:title\" content=\"Jessica Thomason | Meldon Law\" \/>\n<meta name=\"twitter:description\" content=\"Actualmente soy asistente legal en el departamento de lesiones personales. Antes de unirme al equipo de Meldon, trabaj\u00e9 en la industria del seguro de autom\u00f3viles como ajustadora de campo y gerente de reclamos en Jacksonville durante diez a\u00f1os.\" \/>\n<meta name=\"twitter:label1\" content=\"Tiempo de lectura\" \/>\n\t<meta name=\"twitter:data1\" content=\"2 minutos\" \/>\n<!-- \/ Yoast SEO plugin. -->","yoast_head_json":{"title":"Jessica Thomason | Meldon Law","description":"Actualmente soy asistente legal en el departamento de lesiones personales. Antes de unirme al equipo de Meldon, trabaj\u00e9 en la industria del seguro de autom\u00f3viles como ajustadora de campo y gerente de reclamos en Jacksonville durante diez a\u00f1os.","robots":{"index":"index","follow":"follow","max-snippet":"max-snippet:-1","max-image-preview":"max-image-preview:large","max-video-preview":"max-video-preview:-1"},"canonical":"https:\/\/www.meldonlaw.com\/es\/miembro\/jessica-thomason\/","twitter_card":"summary_large_image","twitter_title":"Jessica Thomason | Meldon Law","twitter_description":"Actualmente soy asistente legal en el departamento de lesiones personales. Antes de unirme al equipo de Meldon, trabaj\u00e9 en la industria del seguro de autom\u00f3viles como ajustadora de campo y gerente de reclamos en Jacksonville durante diez a\u00f1os.","twitter_misc":{"Tiempo de lectura":"2 minutos"},"schema":{"@context":"https:\/\/schema.org","@graph":[{"@type":"WebPage","@id":"https:\/\/www.meldonlaw.com\/es\/miembro\/jessica-thomason\/","url":"https:\/\/www.meldonlaw.com\/es\/miembro\/jessica-thomason\/","name":"Jessica Thomason | Meldon Law","isPartOf":{"@id":"https:\/\/www.meldonlaw.com\/es\/#website"},"datePublished":"2019-05-16T00:41:37+00:00","dateModified":"2025-12-08T11:43:13+00:00","description":"Actualmente soy asistente legal en el departamento de lesiones personales. Antes de unirme al equipo de Meldon, trabaj\u00e9 en la industria del seguro de autom\u00f3viles como ajustadora de campo y gerente de reclamos en Jacksonville durante diez a\u00f1os.","breadcrumb":{"@id":"https:\/\/www.meldonlaw.com\/es\/miembro\/jessica-thomason\/#breadcrumb"},"inLanguage":"es","potentialAction":[{"@type":"ReadAction","target":["https:\/\/www.meldonlaw.com\/es\/miembro\/jessica-thomason\/"]}]},{"@type":"BreadcrumbList","@id":"https:\/\/www.meldonlaw.com\/es\/miembro\/jessica-thomason\/#breadcrumb","itemListElement":[{"@type":"ListItem","position":1,"name":"Home","item":"https:\/\/www.meldonlaw.com\/es\/"},{"@type":"ListItem","position":2,"name":"Nuestro Equipo","item":"https:\/\/www.meldonlaw.com\/es\/miembro\/"},{"@type":"ListItem","position":3,"name":"Jessica Thomason"}]},{"@type":"WebSite","@id":"https:\/\/www.meldonlaw.com\/es\/#website","url":"https:\/\/www.meldonlaw.com\/es\/","name":"Meldon Law","description":"","potentialAction":[{"@type":"SearchAction","target":{"@type":"EntryPoint","urlTemplate":"https:\/\/www.meldonlaw.com\/es\/?s={search_term_string}"},"query-input":{"@type":"PropertyValueSpecification","valueRequired":true,"valueName":"search_term_string"}}],"inLanguage":"es"}]}},"_links":{"self":[{"href":"https:\/\/www.meldonlaw.com\/es\/wp-json\/wp\/v2\/pages\/21404","targetHints":{"allow":["GET"]}}],"collection":[{"href":"https:\/\/www.meldonlaw.com\/es\/wp-json\/wp\/v2\/pages"}],"about":[{"href":"https:\/\/www.meldonlaw.com\/es\/wp-json\/wp\/v2\/types\/page"}],"author":[{"embeddable":true,"href":"https:\/\/www.meldonlaw.com\/es\/wp-json\/wp\/v2\/users\/1"}],"replies":[{"embeddable":true,"href":"https:\/\/www.meldonlaw.com\/es\/wp-json\/wp\/v2\/comments?post=21404"}],"version-history":[{"count":0,"href":"https:\/\/www.meldonlaw.com\/es\/wp-json\/wp\/v2\/pages\/21404\/revisions"}],"up":[{"embeddable":true,"href":"https:\/\/www.meldonlaw.com\/es\/wp-json\/wp\/v2\/pages\/21357"}],"wp:attachment":[{"href":"https:\/\/www.meldonlaw.com\/es\/wp-json\/wp\/v2\/media?parent=21404"}],"curies":[{"name":"wp","href":"https:\/\/api.w.org\/{rel}","templated":true}]}}