{"id":21402,"date":"2024-10-31T05:20:17","date_gmt":"2024-10-31T12:20:17","guid":{"rendered":"https:\/\/www.meldonlaw.com\/miembro\/eira-brooks\/"},"modified":"2025-12-08T03:31:52","modified_gmt":"2025-12-08T11:31:52","slug":"eira-brooks","status":"publish","type":"page","link":"https:\/\/www.meldonlaw.com\/es\/miembro\/eira-brooks\/","title":{"rendered":"Eira Brooks"},"content":{"rendered":"<h1><b>Eira Brooks<\/b><\/h1>\n<p data-start=\"88\" data-end=\"595\">Con varios a\u00f1os de experiencia en roles administrativos en firmas de arquitectura y contratistas mec\u00e1nicos, Eira tiene una gran pasi\u00f3n por el trabajo administrativo y un marcado entusiasmo por los n\u00fameros. Eira prospera en entornos colaborativos y disfruta encontrar soluciones a los desaf\u00edos. Centrada en ayudar tanto a clientes actuales como potenciales, Eira se asegura de que se conecten con los recursos adecuados y est\u00e1 comprometida con su satisfacci\u00f3n con nuestros servicios en cada paso del proceso.<\/p>\n            \n            <div class='shareThisWrapper ' style=\"text-align:center!important;\">\n                <a target='_blank' href=\"https:\/\/www.facebook.com\/sharer\/sharer.php?u=https%3A%2F%2Fwww.meldonlaw.com%2Fes%2Fmiembro%2Feira-brooks%2F\">\n                    <img loading=\"lazy\" decoding=\"async\" src=\"\/wp-content\/themes\/meldon-law\/img\/social-media-icons\/facebook-icon.png\" alt=\"Share on Facebook\" width=\"30\" height=\"30\">\n                <\/a>\n                <a target='_blank' href=\"https:\/\/twitter.com\/intent\/tweet?url=https%3A%2F%2Fwww.meldonlaw.com%2Fes%2Fmiembro%2Feira-brooks%2F&text=Eira+Brooks\">\n                    <img loading=\"lazy\" decoding=\"async\" src=\"\/wp-content\/themes\/meldon-law\/img\/social-media-icons\/x-icon.png\" alt=\"Tweet this\" width=\"30\" height=\"30\">\n                <\/a>\n                <a target='_blank' href=\"https:\/\/www.linkedin.com\/shareArticle?mini=true&url=https%3A%2F%2Fwww.meldonlaw.com%2Fes%2Fmiembro%2Feira-brooks%2F&title=Eira+Brooks\">\n                    <img loading=\"lazy\" decoding=\"async\" src=\"\/wp-content\/themes\/meldon-law\/img\/social-media-icons\/linkedin-icon.png\" alt=\"Share on LinkedIn\" width=\"30\" height=\"30\">\n                <\/a>\n                <a target='_blank' href=\"https:\/\/pinterest.com\/pin\/create\/button\/?url=https%3A%2F%2Fwww.meldonlaw.com%2Fes%2Fmiembro%2Feira-brooks%2F&media=&description=Eira+Brooks\">\n                    <img loading=\"lazy\" decoding=\"async\" src=\"\/wp-content\/themes\/meldon-law\/img\/social-media-icons\/pinterest-icon.png\" alt=\"Pin on Pinterest\" width=\"30\" height=\"30\">\n                <\/a>\n                <a target='_blank' href=\"https:\/\/instagram.com\">\n                    <img loading=\"lazy\" decoding=\"async\" src=\"\/wp-content\/themes\/meldon-law\/img\/social-media-icons\/instagram-icon.png\" alt=\"Visit our Instagram\" width=\"30\" height=\"30\">\n                <\/a>\n            <\/div>","protected":false},"excerpt":{"rendered":"<p>Eira Brooks Con varios a\u00f1os de experiencia en roles administrativos en firmas de arquitectura y contratistas mec\u00e1nicos, Eira tiene una gran pasi\u00f3n por el trabajo administrativo y un marcado entusiasmo por los n\u00fameros. Eira prospera en entornos colaborativos y disfruta encontrar soluciones a los desaf\u00edos. Centrada en ayudar tanto a clientes actuales como potenciales,&#8230; <a class=\"moretag\"\n href=\"https:\/\/www.meldonlaw.com\/es\/miembro\/eira-brooks\/\">Read More<\/a><\/p>\n","protected":false},"author":128,"featured_media":0,"parent":21357,"menu_order":19,"comment_status":"closed","ping_status":"closed","template":"","meta":{"_acf_changed":false,"inline_featured_image":false,"footnotes":""},"class_list":["post-21402","page","type-page","status-publish","hentry"],"acf":[],"yoast_head":"<!-- This site is optimized with the Yoast SEO plugin v25.2 - https:\/\/yoast.com\/wordpress\/plugins\/seo\/ -->\n<title>Eira Brooks | Meldon Law<\/title>\n<meta name=\"description\" content=\"Descubra los antecedentes, la experiencia legal y la dedicaci\u00f3n de Eira Brooks al servicio de los clientes en Florida.\" \/>\n<meta name=\"robots\" content=\"index, follow, max-snippet:-1, max-image-preview:large, max-video-preview:-1\" \/>\n<link rel=\"canonical\" href=\"https:\/\/www.meldonlaw.com\/es\/miembro\/eira-brooks\/\" \/>\n<meta name=\"twitter:card\" content=\"summary_large_image\" \/>\n<meta name=\"twitter:title\" content=\"Eira Brooks | Meldon Law\" \/>\n<meta name=\"twitter:description\" content=\"Descubra los antecedentes, la experiencia legal y la dedicaci\u00f3n de Eira Brooks al servicio de los clientes en Florida.\" \/>\n<meta name=\"twitter:label1\" content=\"Tiempo de lectura\" \/>\n\t<meta name=\"twitter:data1\" content=\"1 minuto\" \/>\n<!-- \/ Yoast SEO plugin. -->","yoast_head_json":{"title":"Eira Brooks | Meldon Law","description":"Descubra los antecedentes, la experiencia legal y la dedicaci\u00f3n de Eira Brooks al servicio de los clientes en Florida.","robots":{"index":"index","follow":"follow","max-snippet":"max-snippet:-1","max-image-preview":"max-image-preview:large","max-video-preview":"max-video-preview:-1"},"canonical":"https:\/\/www.meldonlaw.com\/es\/miembro\/eira-brooks\/","twitter_card":"summary_large_image","twitter_title":"Eira Brooks | Meldon Law","twitter_description":"Descubra los antecedentes, la experiencia legal y la dedicaci\u00f3n de Eira Brooks al servicio de los clientes en Florida.","twitter_misc":{"Tiempo de lectura":"1 minuto"},"schema":{"@context":"https:\/\/schema.org","@graph":[{"@type":"WebPage","@id":"https:\/\/www.meldonlaw.com\/es\/miembro\/eira-brooks\/","url":"https:\/\/www.meldonlaw.com\/es\/miembro\/eira-brooks\/","name":"Eira Brooks | Meldon Law","isPartOf":{"@id":"https:\/\/www.meldonlaw.com\/es\/#website"},"datePublished":"2024-10-31T12:20:17+00:00","dateModified":"2025-12-08T11:31:52+00:00","description":"Descubra los antecedentes, la experiencia legal y la dedicaci\u00f3n de Eira Brooks al servicio de los clientes en Florida.","breadcrumb":{"@id":"https:\/\/www.meldonlaw.com\/es\/miembro\/eira-brooks\/#breadcrumb"},"inLanguage":"es","potentialAction":[{"@type":"ReadAction","target":["https:\/\/www.meldonlaw.com\/es\/miembro\/eira-brooks\/"]}]},{"@type":"BreadcrumbList","@id":"https:\/\/www.meldonlaw.com\/es\/miembro\/eira-brooks\/#breadcrumb","itemListElement":[{"@type":"ListItem","position":1,"name":"Home","item":"https:\/\/www.meldonlaw.com\/es\/"},{"@type":"ListItem","position":2,"name":"Nuestro Equipo","item":"https:\/\/www.meldonlaw.com\/es\/miembro\/"},{"@type":"ListItem","position":3,"name":"Eira Brooks"}]},{"@type":"WebSite","@id":"https:\/\/www.meldonlaw.com\/es\/#website","url":"https:\/\/www.meldonlaw.com\/es\/","name":"Meldon Law","description":"","potentialAction":[{"@type":"SearchAction","target":{"@type":"EntryPoint","urlTemplate":"https:\/\/www.meldonlaw.com\/es\/?s={search_term_string}"},"query-input":{"@type":"PropertyValueSpecification","valueRequired":true,"valueName":"search_term_string"}}],"inLanguage":"es"}]}},"_links":{"self":[{"href":"https:\/\/www.meldonlaw.com\/es\/wp-json\/wp\/v2\/pages\/21402","targetHints":{"allow":["GET"]}}],"collection":[{"href":"https:\/\/www.meldonlaw.com\/es\/wp-json\/wp\/v2\/pages"}],"about":[{"href":"https:\/\/www.meldonlaw.com\/es\/wp-json\/wp\/v2\/types\/page"}],"author":[{"embeddable":true,"href":"https:\/\/www.meldonlaw.com\/es\/wp-json\/wp\/v2\/users\/128"}],"replies":[{"embeddable":true,"href":"https:\/\/www.meldonlaw.com\/es\/wp-json\/wp\/v2\/comments?post=21402"}],"version-history":[{"count":0,"href":"https:\/\/www.meldonlaw.com\/es\/wp-json\/wp\/v2\/pages\/21402\/revisions"}],"up":[{"embeddable":true,"href":"https:\/\/www.meldonlaw.com\/es\/wp-json\/wp\/v2\/pages\/21357"}],"wp:attachment":[{"href":"https:\/\/www.meldonlaw.com\/es\/wp-json\/wp\/v2\/media?parent=21402"}],"curies":[{"name":"wp","href":"https:\/\/api.w.org\/{rel}","templated":true}]}}