{"id":21399,"date":"2019-05-15T17:46:53","date_gmt":"2019-05-16T00:46:53","guid":{"rendered":"https:\/\/www.meldonlaw.com\/miembro\/barbara-caswell\/"},"modified":"2025-12-08T02:49:23","modified_gmt":"2025-12-08T10:49:23","slug":"barbara-caswell","status":"publish","type":"page","link":"https:\/\/www.meldonlaw.com\/es\/miembro\/barbara-caswell\/","title":{"rendered":"Barbara Caswell"},"content":{"rendered":"<h1>Barbara Caswell<\/h1>\n<p data-start=\"251\" data-end=\"768\">Comenc\u00e9 a trabajar para Jeffrey Meldon en abril de 2005 y me encanta mi trabajo y mi familia laboral. Trabajo detr\u00e1s de escena en nuestra oficina, pero veo las relaciones que se forman entre los administradores de casos y los clientes, y estoy muy orgullosa de eso. Me hace sentir muy bien cuando obtenemos un buen acuerdo para nuestros clientes y tengo la oportunidad de escribirles su cheque de compensaci\u00f3n. S\u00e9 que no elimina su dolor y sufrimiento, pero tambi\u00e9n s\u00e9 que les ayudar\u00e1 a seguir adelante con sus vidas.<\/p>\n<p data-start=\"770\" data-end=\"940\">En mi tiempo libre, disfruto pasar tiempo con mi familia y mis amigos. Tengo dos perros, Champ y Riley, y un gato llamado Indy, que tambi\u00e9n me mantienen bastante ocupada.<\/p>\n<p data-start=\"942\" data-end=\"1183\"><em><strong data-start=\"942\" data-end=\"1183\">\u201cBarbara mantiene a m\u00ed y a la Oficina funcionando sin problemas. Es detallista, organizada, dedicada y est\u00e1 al tanto de todos los asuntos financieros de la oficina. Estoy agradecido por su servicio impecable hacia m\u00ed y hacia mi oficina.\u201d<\/strong><\/em><\/p>\n            \n            <div class='shareThisWrapper ' style=\"text-align:center!important;\">\n                <a target='_blank' href=\"https:\/\/www.facebook.com\/sharer\/sharer.php?u=https%3A%2F%2Fwww.meldonlaw.com%2Fes%2Fmiembro%2Fbarbara-caswell%2F\">\n                    <img loading=\"lazy\" decoding=\"async\" src=\"\/wp-content\/themes\/meldon-law\/img\/social-media-icons\/facebook-icon.png\" alt=\"Share on Facebook\" width=\"30\" height=\"30\">\n                <\/a>\n                <a target='_blank' href=\"https:\/\/twitter.com\/intent\/tweet?url=https%3A%2F%2Fwww.meldonlaw.com%2Fes%2Fmiembro%2Fbarbara-caswell%2F&text=Barbara+Caswell\">\n                    <img loading=\"lazy\" decoding=\"async\" src=\"\/wp-content\/themes\/meldon-law\/img\/social-media-icons\/x-icon.png\" alt=\"Tweet this\" width=\"30\" height=\"30\">\n                <\/a>\n                <a target='_blank' href=\"https:\/\/www.linkedin.com\/shareArticle?mini=true&url=https%3A%2F%2Fwww.meldonlaw.com%2Fes%2Fmiembro%2Fbarbara-caswell%2F&title=Barbara+Caswell\">\n                    <img loading=\"lazy\" decoding=\"async\" src=\"\/wp-content\/themes\/meldon-law\/img\/social-media-icons\/linkedin-icon.png\" alt=\"Share on LinkedIn\" width=\"30\" height=\"30\">\n                <\/a>\n                <a target='_blank' href=\"https:\/\/pinterest.com\/pin\/create\/button\/?url=https%3A%2F%2Fwww.meldonlaw.com%2Fes%2Fmiembro%2Fbarbara-caswell%2F&media=&description=Barbara+Caswell\">\n                    <img loading=\"lazy\" decoding=\"async\" src=\"\/wp-content\/themes\/meldon-law\/img\/social-media-icons\/pinterest-icon.png\" alt=\"Pin on Pinterest\" width=\"30\" height=\"30\">\n                <\/a>\n                <a target='_blank' href=\"https:\/\/instagram.com\">\n                    <img loading=\"lazy\" decoding=\"async\" src=\"\/wp-content\/themes\/meldon-law\/img\/social-media-icons\/instagram-icon.png\" alt=\"Visit our Instagram\" width=\"30\" height=\"30\">\n                <\/a>\n            <\/div>","protected":false},"excerpt":{"rendered":"<p>Barbara Caswell Comenc\u00e9 a trabajar para Jeffrey Meldon en abril de 2005 y me encanta mi trabajo y mi familia laboral. Trabajo detr\u00e1s de escena en nuestra oficina, pero veo las relaciones que se forman entre los administradores de casos y los clientes, y estoy muy orgullosa de eso. Me hace sentir muy bien&#8230; <a class=\"moretag\"\n href=\"https:\/\/www.meldonlaw.com\/es\/miembro\/barbara-caswell\/\">Read More<\/a><\/p>\n","protected":false},"author":1,"featured_media":0,"parent":21357,"menu_order":5,"comment_status":"closed","ping_status":"closed","template":"","meta":{"_acf_changed":false,"inline_featured_image":false,"footnotes":""},"class_list":["post-21399","page","type-page","status-publish","hentry"],"acf":[],"yoast_head":"<!-- This site is optimized with the Yoast SEO plugin v25.2 - https:\/\/yoast.com\/wordpress\/plugins\/seo\/ -->\n<title>Barbara Caswell | Meldon Law<\/title>\n<meta name=\"description\" content=\"\u00a1Hola! Mi nombre es Barbara Caswell y soy la Directora de Finanzas en Meldon Law. Comenc\u00e9 a trabajar con Jeffrey en abril de 2005 y me encanta mi trabajo y mi familia laboral.\" \/>\n<meta name=\"robots\" content=\"index, follow, max-snippet:-1, max-image-preview:large, max-video-preview:-1\" \/>\n<link rel=\"canonical\" href=\"https:\/\/www.meldonlaw.com\/es\/miembro\/barbara-caswell\/\" \/>\n<meta name=\"twitter:card\" content=\"summary_large_image\" \/>\n<meta name=\"twitter:title\" content=\"Barbara Caswell | Meldon Law\" \/>\n<meta name=\"twitter:description\" content=\"\u00a1Hola! Mi nombre es Barbara Caswell y soy la Directora de Finanzas en Meldon Law. Comenc\u00e9 a trabajar con Jeffrey en abril de 2005 y me encanta mi trabajo y mi familia laboral.\" \/>\n<meta name=\"twitter:label1\" content=\"Tiempo de lectura\" \/>\n\t<meta name=\"twitter:data1\" content=\"1 minuto\" \/>\n<!-- \/ Yoast SEO plugin. -->","yoast_head_json":{"title":"Barbara Caswell | Meldon Law","description":"\u00a1Hola! Mi nombre es Barbara Caswell y soy la Directora de Finanzas en Meldon Law. Comenc\u00e9 a trabajar con Jeffrey en abril de 2005 y me encanta mi trabajo y mi familia laboral.","robots":{"index":"index","follow":"follow","max-snippet":"max-snippet:-1","max-image-preview":"max-image-preview:large","max-video-preview":"max-video-preview:-1"},"canonical":"https:\/\/www.meldonlaw.com\/es\/miembro\/barbara-caswell\/","twitter_card":"summary_large_image","twitter_title":"Barbara Caswell | Meldon Law","twitter_description":"\u00a1Hola! Mi nombre es Barbara Caswell y soy la Directora de Finanzas en Meldon Law. Comenc\u00e9 a trabajar con Jeffrey en abril de 2005 y me encanta mi trabajo y mi familia laboral.","twitter_misc":{"Tiempo de lectura":"1 minuto"},"schema":{"@context":"https:\/\/schema.org","@graph":[{"@type":"WebPage","@id":"https:\/\/www.meldonlaw.com\/es\/miembro\/barbara-caswell\/","url":"https:\/\/www.meldonlaw.com\/es\/miembro\/barbara-caswell\/","name":"Barbara Caswell | Meldon Law","isPartOf":{"@id":"https:\/\/www.meldonlaw.com\/es\/#website"},"datePublished":"2019-05-16T00:46:53+00:00","dateModified":"2025-12-08T10:49:23+00:00","description":"\u00a1Hola! Mi nombre es Barbara Caswell y soy la Directora de Finanzas en Meldon Law. Comenc\u00e9 a trabajar con Jeffrey en abril de 2005 y me encanta mi trabajo y mi familia laboral.","breadcrumb":{"@id":"https:\/\/www.meldonlaw.com\/es\/miembro\/barbara-caswell\/#breadcrumb"},"inLanguage":"es","potentialAction":[{"@type":"ReadAction","target":["https:\/\/www.meldonlaw.com\/es\/miembro\/barbara-caswell\/"]}]},{"@type":"BreadcrumbList","@id":"https:\/\/www.meldonlaw.com\/es\/miembro\/barbara-caswell\/#breadcrumb","itemListElement":[{"@type":"ListItem","position":1,"name":"Home","item":"https:\/\/www.meldonlaw.com\/es\/"},{"@type":"ListItem","position":2,"name":"Nuestro Equipo","item":"https:\/\/www.meldonlaw.com\/es\/miembro\/"},{"@type":"ListItem","position":3,"name":"Barbara Caswell"}]},{"@type":"WebSite","@id":"https:\/\/www.meldonlaw.com\/es\/#website","url":"https:\/\/www.meldonlaw.com\/es\/","name":"Meldon Law","description":"","potentialAction":[{"@type":"SearchAction","target":{"@type":"EntryPoint","urlTemplate":"https:\/\/www.meldonlaw.com\/es\/?s={search_term_string}"},"query-input":{"@type":"PropertyValueSpecification","valueRequired":true,"valueName":"search_term_string"}}],"inLanguage":"es"}]}},"_links":{"self":[{"href":"https:\/\/www.meldonlaw.com\/es\/wp-json\/wp\/v2\/pages\/21399","targetHints":{"allow":["GET"]}}],"collection":[{"href":"https:\/\/www.meldonlaw.com\/es\/wp-json\/wp\/v2\/pages"}],"about":[{"href":"https:\/\/www.meldonlaw.com\/es\/wp-json\/wp\/v2\/types\/page"}],"author":[{"embeddable":true,"href":"https:\/\/www.meldonlaw.com\/es\/wp-json\/wp\/v2\/users\/1"}],"replies":[{"embeddable":true,"href":"https:\/\/www.meldonlaw.com\/es\/wp-json\/wp\/v2\/comments?post=21399"}],"version-history":[{"count":0,"href":"https:\/\/www.meldonlaw.com\/es\/wp-json\/wp\/v2\/pages\/21399\/revisions"}],"up":[{"embeddable":true,"href":"https:\/\/www.meldonlaw.com\/es\/wp-json\/wp\/v2\/pages\/21357"}],"wp:attachment":[{"href":"https:\/\/www.meldonlaw.com\/es\/wp-json\/wp\/v2\/media?parent=21399"}],"curies":[{"name":"wp","href":"https:\/\/api.w.org\/{rel}","templated":true}]}}