{"id":21391,"date":"2020-11-25T01:45:04","date_gmt":"2020-11-25T09:45:04","guid":{"rendered":"https:\/\/www.meldonlaw.com\/florida\/slip-and-fall-lawyer\/"},"modified":"2025-12-08T03:03:15","modified_gmt":"2025-12-08T11:03:15","slug":"abogado-resbalon-y-caida","status":"publish","type":"page","link":"https:\/\/www.meldonlaw.com\/es\/florida\/abogado-resbalon-y-caida\/","title":{"rendered":"Abogados de Resbalones y Ca\u00eddas en Florida"},"content":{"rendered":"<div id=\"ez-toc-container\" class=\"ez-toc-v2_0_76 counter-hierarchy ez-toc-counter ez-toc-grey ez-toc-container-direction\">\n<div class=\"ez-toc-title-container\">\n<p class=\"ez-toc-title\" style=\"cursor:inherit\">Tabla de Contenidos<\/p>\n<span class=\"ez-toc-title-toggle\"><a href=\"#\" class=\"ez-toc-pull-right ez-toc-btn ez-toc-btn-xs ez-toc-btn-default ez-toc-toggle\" aria-label=\"Alternar tabla de contenidos\"><span class=\"ez-toc-js-icon-con\"><span class=\"\"><span class=\"eztoc-hide\" style=\"display:none;\">Toggle<\/span><span class=\"ez-toc-icon-toggle-span\"><svg style=\"fill: #999;color:#999\" xmlns=\"http:\/\/www.w3.org\/2000\/svg\" class=\"list-377408\" width=\"20px\" height=\"20px\" viewBox=\"0 0 24 24\" fill=\"none\"><path d=\"M6 6H4v2h2V6zm14 0H8v2h12V6zM4 11h2v2H4v-2zm16 0H8v2h12v-2zM4 16h2v2H4v-2zm16 0H8v2h12v-2z\" fill=\"currentColor\"><\/path><\/svg><svg style=\"fill: #999;color:#999\" class=\"arrow-unsorted-368013\" xmlns=\"http:\/\/www.w3.org\/2000\/svg\" width=\"10px\" height=\"10px\" viewBox=\"0 0 24 24\" version=\"1.2\" baseProfile=\"tiny\"><path d=\"M18.2 9.3l-6.2-6.3-6.2 6.3c-.2.2-.3.4-.3.7s.1.5.3.7c.2.2.4.3.7.3h11c.3 0 .5-.1.7-.3.2-.2.3-.5.3-.7s-.1-.5-.3-.7zM5.8 14.7l6.2 6.3 6.2-6.3c.2-.2.3-.5.3-.7s-.1-.5-.3-.7c-.2-.2-.4-.3-.7-.3h-11c-.3 0-.5.1-.7.3-.2.2-.3.5-.3.7s.1.5.3.7z\"\/><\/svg><\/span><\/span><\/span><\/a><\/span><\/div>\n<nav><ul class='ez-toc-list ez-toc-list-level-1 eztoc-toggle-hide-by-default' ><li class='ez-toc-page-1 ez-toc-heading-level-2'><a class=\"ez-toc-link ez-toc-heading-1\" href=\"https:\/\/www.meldonlaw.com\/es\/florida\/abogado-resbalon-y-caida\/#Protegiendo_a_las_Victimas_de_Accidentes_de_Resbalones_y_Caidas_en_Florida\" >Protegiendo a las V\u00edctimas de Accidentes de Resbalones y Ca\u00eddas en Florida<\/a><\/li><li class='ez-toc-page-1 ez-toc-heading-level-2'><a class=\"ez-toc-link ez-toc-heading-2\" href=\"https:\/\/www.meldonlaw.com\/es\/florida\/abogado-resbalon-y-caida\/#Causas_Comunes_de_Accidentes_por_Resbalones_y_Caidas\" >Causas Comunes de Accidentes por Resbalones y Ca\u00eddas<\/a><\/li><li class='ez-toc-page-1 ez-toc-heading-level-2'><a class=\"ez-toc-link ez-toc-heading-3\" href=\"https:\/\/www.meldonlaw.com\/es\/florida\/abogado-resbalon-y-caida\/#Tipos_de_Posibles_Lesiones\" >Tipos de Posibles Lesiones<\/a><\/li><li class='ez-toc-page-1 ez-toc-heading-level-2'><a class=\"ez-toc-link ez-toc-heading-4\" href=\"https:\/\/www.meldonlaw.com\/es\/florida\/abogado-resbalon-y-caida\/#Meldon_Law_Esta_Aqui_Para_Ayudar\" >Meldon Law Est\u00e1 Aqu\u00ed Para Ayudar<\/a><\/li><\/ul><\/nav><\/div>\n<h2><span class=\"ez-toc-section\" id=\"Protegiendo_a_las_Victimas_de_Accidentes_de_Resbalones_y_Caidas_en_Florida\"><\/span>Protegiendo a las V\u00edctimas de Accidentes de Resbalones y Ca\u00eddas en Florida<span class=\"ez-toc-section-end\"><\/span><\/h2>\n<p>Un accidente de resbal\u00f3n y ca\u00edda ocurre r\u00e1pidamente, pero resulta en lo que pueden ser lesiones de por vida para usted o sus seres queridos. El repentino sobresalto de perder el equilibrio y golpear una superficie dura no le deja tiempo para prevenir el impacto, y caerse en un estacionamiento mal iluminado o tropezar con un cable puede resultar en una lesi\u00f3n que altere su vida. Si usted ha sufrido lesiones graves por un accidente de resbal\u00f3n y ca\u00edda debido a la negligencia de otra persona, p\u00f3ngase en contacto con los\u00a0<strong>abogados de resbalones y ca\u00eddas de la Florida<\/strong>\u00a0en Meldon Law tan pronto como sea posible.<\/p>\n<h2><span class=\"ez-toc-section\" id=\"Causas_Comunes_de_Accidentes_por_Resbalones_y_Caidas\"><\/span>Causas Comunes de Accidentes por Resbalones y Ca\u00eddas<span class=\"ez-toc-section-end\"><\/span><\/h2>\n<p>Nadie espera que una visita al centro comercial se convierta en algo tr\u00e1gico debido a una mancha h\u00fameda en el suelo o a un mal funcionamiento de las escaleras mec\u00e1nicas. Lo que esperan los clientes de los centros comerciales es que los propietarios se aseguren de que su propiedad es segura. Desgraciadamente, muchos negocios y due\u00f1os de propiedades descuidan la mejora de los riesgos de seguridad, ya sea por el gasto, la pereza o el descuido general de la propiedad.<\/p>\n<p>Las causas m\u00e1s comunes de los accidentes por resbalones y ca\u00eddas incluyen:<\/p>\n<ul>\n<li>Pisos mojados<\/li>\n<li>Escaleras sin pasamanos<\/li>\n<li>Cables que cruzan el suelo<\/li>\n<li>Iluminaci\u00f3n interior o exterior inadecuada<\/li>\n<li>Alfombra rasgada<\/li>\n<\/ul>\n<p>Experimentar un resbal\u00f3n y una ca\u00edda puede dejarle aturdido y confundido. Si es posible, tome fotograf\u00edas y recopile la informaci\u00f3n de contacto de los testigos. Si sus lesiones se lo impiden, pida a un testigo que le ayude. Tener la conciencia para recopilar esta informaci\u00f3n es crucial para una reclamaci\u00f3n exitosa. Un accidente de resbal\u00f3n y ca\u00edda puede hacer que la vida, tal y como la conoc\u00eda, se detenga inmediatamente. Sus planes se sustituyen ahora por la preocupaci\u00f3n y el estr\u00e9s por las facturas m\u00e9dicas y los salarios perdidos. Nadie deber\u00eda tener que preocuparse por los costos de bolsillo debido a la negligencia de otra persona. No hable con el propietario, por muy amable que parezca en ese momento. Busque atenci\u00f3n m\u00e9dica inmediata, luego obtenga los servicios de nuestros abogados expertos en lesiones personales de Meldon Law que est\u00e1n familiarizados con la ley de Florida lo antes posible.<\/p>\n<h2><span class=\"ez-toc-section\" id=\"Tipos_de_Posibles_Lesiones\"><\/span>Tipos de Posibles Lesiones<span class=\"ez-toc-section-end\"><\/span><\/h2>\n<p>Una ca\u00edda grave puede provocar lesiones repentinas y devastadoras. Muchas lesiones asociadas con una ca\u00edda requieren una recuperaci\u00f3n prolongada, lo que resulta en una extensa lista de gastos m\u00e9dicos. El impacto total de una ca\u00edda por los escalones o desde un suelo mojado puede dar lugar a una o m\u00e1s de las siguientes lesiones:<\/p>\n<ul>\n<li><strong>Lesi\u00f3n cerebral traum\u00e1tica<\/strong>\u00a0(TBI): seg\u00fan los Centros para el Control de Enfermedades (CDC), las ca\u00eddas son la principal causa de lesiones cerebrales traum\u00e1ticas. Un paciente con una LCT grave puede necesitar volver a aprender las habilidades b\u00e1sicas, mientras que otros requieren cuidados las 24 horas del d\u00eda, lo que hace necesario un centro de vida especializado. Este tipo de atenci\u00f3n es costoso, con costos promedio que oscilan entre $ 8,000 y $ 9,000 por mes.<\/li>\n<li><strong>Lesi\u00f3n de la m\u00e9dula espinal<\/strong>\u00a0(SCI): la m\u00e9dula espinal cumple una funci\u00f3n esencial en la comunicaci\u00f3n de mensajes con el cerebro. Cuando se da\u00f1a, los mensajes relativos al movimiento y la sensaci\u00f3n se interrumpen, lo que da parte a una movilidad limitada y a la par\u00e1lisis. Los costes asociados a una lesi\u00f3n medular pueden alcanzar f\u00e1cilmente millones de d\u00f3lares a lo largo de la vida del paciente.<\/li>\n<li><strong>Huesos rotos<\/strong>: Un accidente de resbal\u00f3n y ca\u00edda a menudo resulta en uno o m\u00e1s huesos rotos. Una rotura severa de un brazo o una pierna puede limitar su movilidad y hacer que las tareas diarias sean casi imposibles sin ayuda. Las futuras cirug\u00edas y la extensa terapia f\u00edsica hacen que el proceso de recuperaci\u00f3n sea largo y dif\u00edcil.<\/li>\n<li><strong>Lesiones de cuello y espalda<\/strong>: las lesiones de cuello y espalda son una posibilidad real durante una ca\u00edda. Las roturas de espalda y los esguinces de cuello son lesiones graves que pueden impedir que se recupere por completo, que vuelva a la carrera de la que disfrutaba antes del accidente o que realice las actividades que le gustaban antes del mismo.<\/li>\n<li><strong>Lesiones internas<\/strong>: las lesiones internas son especialmente peligrosas debido a que las se\u00f1ales de advertencia son escasas o nulas. Solo\u00a0un profesional de la medicina, con las pruebas adecuadas, puede diagnosticar lesiones como hemorragias internas o da\u00f1os en los \u00f3rganos. Este tipo de lesiones es la raz\u00f3n por la que es imperativo buscar atenci\u00f3n m\u00e9dica inmediatamente despu\u00e9s de una ca\u00edda, incluso si inicialmente se siente bien.<\/li>\n<\/ul>\n<p>Una lesi\u00f3n grave no le deja en condiciones de llevar su caso por su cuenta. Es mejor dejar a un profesional legal navegar por la ley estatal y negociar con las compa\u00f1\u00edas de seguros. Su futuro financiero es demasiado importante para dejarlo al azar. Si usted o un ser querido resultan gravemente heridos en un resbal\u00f3n y ca\u00edda debido a la negligencia de un propietario, p\u00f3ngase en contacto con Meldon Law tan pronto como sea posible.<\/p>\n<h2><span class=\"ez-toc-section\" id=\"Meldon_Law_Esta_Aqui_Para_Ayudar\"><\/span>Meldon Law Est\u00e1 Aqu\u00ed Para Ayudar<span class=\"ez-toc-section-end\"><\/span><\/h2>\n<p>A las compa\u00f1\u00edas de seguros les gusta resolver los casos r\u00e1pidamente. Los representantes de la empresa suelen presentar una oferta de liquidaci\u00f3n inicial poco despu\u00e9s de un accidente. Si bien estas ofertas iniciales pueden parecer grandes sumas, generalmente no son suficientes para cubrir las necesidades m\u00e9dicas futuras o la p\u00e9rdida de salarios futuros. Al hacer estas ofertas iniciales a la baja, la compa\u00f1\u00eda de seguros protege sus intereses ofreciendo el menor dinero posible. Para proteger sus mejores intereses, no hable con ninguna compa\u00f1\u00eda de seguros. En su lugar, comun\u00edquese con los abogados de resbalones y ca\u00eddas de Florida en Meldon Law para programar una evaluaci\u00f3n gratuita del caso. Si decidimos seguir adelante con su reclamaci\u00f3n, no llegaremos a un acuerdo hasta que hayamos conseguido una compensaci\u00f3n justa para usted. Cuando se trata de casos de lesiones personales, el tiempo no est\u00e1 de su lado. La ley estatal limita la cantidad de tiempo permitido para perseguir una demanda por lesiones personales. Debido al alcance del trabajo involucrado en entrevistar a testigos y recolectar evidencia, es esencial consultar con un abogado de inmediato.\u00a0<strong>Cuanto antes trabajemos para usted, m\u00e1s cerca estar\u00e1 de recibir una compensaci\u00f3n.<\/strong><\/p>\n            \n            <div class='shareThisWrapper ' style=\"text-align:center!important;\">\n                <a target='_blank' href=\"https:\/\/www.facebook.com\/sharer\/sharer.php?u=https%3A%2F%2Fwww.meldonlaw.com%2Fes%2Fflorida%2Fabogado-resbalon-y-caida%2F\">\n                    <img loading=\"lazy\" decoding=\"async\" src=\"\/wp-content\/themes\/meldon-law\/img\/social-media-icons\/facebook-icon.png\" alt=\"Share on Facebook\" width=\"30\" height=\"30\">\n                <\/a>\n                <a target='_blank' href=\"https:\/\/twitter.com\/intent\/tweet?url=https%3A%2F%2Fwww.meldonlaw.com%2Fes%2Fflorida%2Fabogado-resbalon-y-caida%2F&text=Abogados+de+Resbalones+y+Ca%C3%ADdas+en+Florida\">\n                    <img loading=\"lazy\" decoding=\"async\" src=\"\/wp-content\/themes\/meldon-law\/img\/social-media-icons\/x-icon.png\" alt=\"Tweet this\" width=\"30\" height=\"30\">\n                <\/a>\n                <a target='_blank' href=\"https:\/\/www.linkedin.com\/shareArticle?mini=true&url=https%3A%2F%2Fwww.meldonlaw.com%2Fes%2Fflorida%2Fabogado-resbalon-y-caida%2F&title=Abogados+de+Resbalones+y+Ca%C3%ADdas+en+Florida\">\n                    <img loading=\"lazy\" decoding=\"async\" src=\"\/wp-content\/themes\/meldon-law\/img\/social-media-icons\/linkedin-icon.png\" alt=\"Share on LinkedIn\" width=\"30\" height=\"30\">\n                <\/a>\n                <a target='_blank' href=\"https:\/\/pinterest.com\/pin\/create\/button\/?url=https%3A%2F%2Fwww.meldonlaw.com%2Fes%2Fflorida%2Fabogado-resbalon-y-caida%2F&media=https%3A%2F%2Fwww.meldonlaw.com%2Fwp-content%2Fuploads%2F2024%2F05%2FFlorida-Slip-Fall-Lawyer-jpg.webp&description=Abogados+de+Resbalones+y+Ca%C3%ADdas+en+Florida\">\n                    <img loading=\"lazy\" decoding=\"async\" src=\"\/wp-content\/themes\/meldon-law\/img\/social-media-icons\/pinterest-icon.png\" alt=\"Pin on Pinterest\" width=\"30\" height=\"30\">\n                <\/a>\n                <a target='_blank' href=\"https:\/\/instagram.com\">\n                    <img loading=\"lazy\" decoding=\"async\" src=\"\/wp-content\/themes\/meldon-law\/img\/social-media-icons\/instagram-icon.png\" alt=\"Visit our Instagram\" width=\"30\" height=\"30\">\n                <\/a>\n            <\/div>","protected":false},"excerpt":{"rendered":"<p>Protegiendo a las V\u00edctimas de Accidentes de Resbalones y Ca\u00eddas en Florida Un accidente de resbal\u00f3n y ca\u00edda ocurre r\u00e1pidamente, pero resulta en lo que pueden ser lesiones de por vida para usted o sus seres queridos. El repentino sobresalto de perder el equilibrio y golpear una superficie dura no le deja tiempo para&#8230; <a class=\"moretag\"\n href=\"https:\/\/www.meldonlaw.com\/es\/florida\/abogado-resbalon-y-caida\/\">Read More<\/a><\/p>\n","protected":false},"author":1,"featured_media":21392,"parent":21344,"menu_order":10,"comment_status":"closed","ping_status":"closed","template":"","meta":{"_acf_changed":false,"inline_featured_image":false,"footnotes":""},"class_list":["post-21391","page","type-page","status-publish","has-post-thumbnail","hentry"],"acf":[],"yoast_head":"<!-- This site is optimized with the Yoast SEO plugin v25.2 - https:\/\/yoast.com\/wordpress\/plugins\/seo\/ -->\n<title>Abogado de Resbal\u00f3n y Ca\u00edda en Florida | Llame Hoy | Meldon Law<\/title>\n<meta name=\"description\" content=\"\u00bfResult\u00f3 lesionado en una ca\u00edda? Un Abogado de Resbal\u00f3n y Ca\u00edda en Florida puede ayudarle a buscar compensaci\u00f3n por gastos m\u00e9dicos y salarios perdidos. Llame hoy para una consulta gratuita.\" \/>\n<meta name=\"robots\" content=\"index, follow, max-snippet:-1, max-image-preview:large, max-video-preview:-1\" \/>\n<link rel=\"canonical\" href=\"https:\/\/www.meldonlaw.com\/es\/florida\/abogado-resbalon-y-caida\/\" \/>\n<meta name=\"twitter:card\" content=\"summary_large_image\" \/>\n<meta name=\"twitter:title\" content=\"Abogado de Resbal\u00f3n y Ca\u00edda en Florida | Llame Hoy | Meldon Law\" \/>\n<meta name=\"twitter:description\" content=\"\u00bfResult\u00f3 lesionado en una ca\u00edda? Un Abogado de Resbal\u00f3n y Ca\u00edda en Florida puede ayudarle a buscar compensaci\u00f3n por gastos m\u00e9dicos y salarios perdidos. Llame hoy para una consulta gratuita.\" \/>\n<meta name=\"twitter:image\" content=\"https:\/\/www.meldonlaw.com\/wp-content\/uploads\/2024\/05\/Florida-Slip-Fall-Lawyer-jpg.webp\" \/>\n<meta name=\"twitter:label1\" content=\"Tiempo de lectura\" \/>\n\t<meta name=\"twitter:data1\" content=\"5 minutos\" \/>\n<!-- \/ Yoast SEO plugin. -->","yoast_head_json":{"title":"Abogado de Resbal\u00f3n y Ca\u00edda en Florida | Llame Hoy | Meldon Law","description":"\u00bfResult\u00f3 lesionado en una ca\u00edda? Un Abogado de Resbal\u00f3n y Ca\u00edda en Florida puede ayudarle a buscar compensaci\u00f3n por gastos m\u00e9dicos y salarios perdidos. Llame hoy para una consulta gratuita.","robots":{"index":"index","follow":"follow","max-snippet":"max-snippet:-1","max-image-preview":"max-image-preview:large","max-video-preview":"max-video-preview:-1"},"canonical":"https:\/\/www.meldonlaw.com\/es\/florida\/abogado-resbalon-y-caida\/","twitter_card":"summary_large_image","twitter_title":"Abogado de Resbal\u00f3n y Ca\u00edda en Florida | Llame Hoy | Meldon Law","twitter_description":"\u00bfResult\u00f3 lesionado en una ca\u00edda? Un Abogado de Resbal\u00f3n y Ca\u00edda en Florida puede ayudarle a buscar compensaci\u00f3n por gastos m\u00e9dicos y salarios perdidos. Llame hoy para una consulta gratuita.","twitter_image":"https:\/\/www.meldonlaw.com\/wp-content\/uploads\/2024\/05\/Florida-Slip-Fall-Lawyer-jpg.webp","twitter_misc":{"Tiempo de lectura":"5 minutos"},"schema":{"@context":"https:\/\/schema.org","@graph":[{"@type":"WebPage","@id":"https:\/\/www.meldonlaw.com\/es\/florida\/abogado-resbalon-y-caida\/","url":"https:\/\/www.meldonlaw.com\/es\/florida\/abogado-resbalon-y-caida\/","name":"Abogado de Resbal\u00f3n y Ca\u00edda en Florida | Llame Hoy | Meldon Law","isPartOf":{"@id":"https:\/\/www.meldonlaw.com\/es\/#website"},"primaryImageOfPage":{"@id":"https:\/\/www.meldonlaw.com\/es\/florida\/abogado-resbalon-y-caida\/#primaryimage"},"image":{"@id":"https:\/\/www.meldonlaw.com\/es\/florida\/abogado-resbalon-y-caida\/#primaryimage"},"thumbnailUrl":"https:\/\/www.meldonlaw.com\/wp-content\/uploads\/2024\/05\/Florida-Slip-Fall-Lawyer-jpg.webp","datePublished":"2020-11-25T09:45:04+00:00","dateModified":"2025-12-08T11:03:15+00:00","description":"\u00bfResult\u00f3 lesionado en una ca\u00edda? Un Abogado de Resbal\u00f3n y Ca\u00edda en Florida puede ayudarle a buscar compensaci\u00f3n por gastos m\u00e9dicos y salarios perdidos. Llame hoy para una consulta gratuita.","breadcrumb":{"@id":"https:\/\/www.meldonlaw.com\/es\/florida\/abogado-resbalon-y-caida\/#breadcrumb"},"inLanguage":"es","potentialAction":[{"@type":"ReadAction","target":["https:\/\/www.meldonlaw.com\/es\/florida\/abogado-resbalon-y-caida\/"]}]},{"@type":"ImageObject","inLanguage":"es","@id":"https:\/\/www.meldonlaw.com\/es\/florida\/abogado-resbalon-y-caida\/#primaryimage","url":"https:\/\/www.meldonlaw.com\/wp-content\/uploads\/2024\/05\/Florida-Slip-Fall-Lawyer-jpg.webp","contentUrl":"https:\/\/www.meldonlaw.com\/wp-content\/uploads\/2024\/05\/Florida-Slip-Fall-Lawyer-jpg.webp","width":1280,"height":720,"caption":"Florida Slip & Fall Lawyer"},{"@type":"BreadcrumbList","@id":"https:\/\/www.meldonlaw.com\/es\/florida\/abogado-resbalon-y-caida\/#breadcrumb","itemListElement":[{"@type":"ListItem","position":1,"name":"Home","item":"https:\/\/www.meldonlaw.com\/es\/"},{"@type":"ListItem","position":2,"name":"Abogados de Lesiones Personales de Florida","item":"https:\/\/www.meldonlaw.com\/es\/florida\/"},{"@type":"ListItem","position":3,"name":"Abogados de Resbalones y Ca\u00eddas en Florida"}]},{"@type":"WebSite","@id":"https:\/\/www.meldonlaw.com\/es\/#website","url":"https:\/\/www.meldonlaw.com\/es\/","name":"Meldon Law","description":"","potentialAction":[{"@type":"SearchAction","target":{"@type":"EntryPoint","urlTemplate":"https:\/\/www.meldonlaw.com\/es\/?s={search_term_string}"},"query-input":{"@type":"PropertyValueSpecification","valueRequired":true,"valueName":"search_term_string"}}],"inLanguage":"es"}]}},"_links":{"self":[{"href":"https:\/\/www.meldonlaw.com\/es\/wp-json\/wp\/v2\/pages\/21391","targetHints":{"allow":["GET"]}}],"collection":[{"href":"https:\/\/www.meldonlaw.com\/es\/wp-json\/wp\/v2\/pages"}],"about":[{"href":"https:\/\/www.meldonlaw.com\/es\/wp-json\/wp\/v2\/types\/page"}],"author":[{"embeddable":true,"href":"https:\/\/www.meldonlaw.com\/es\/wp-json\/wp\/v2\/users\/1"}],"replies":[{"embeddable":true,"href":"https:\/\/www.meldonlaw.com\/es\/wp-json\/wp\/v2\/comments?post=21391"}],"version-history":[{"count":0,"href":"https:\/\/www.meldonlaw.com\/es\/wp-json\/wp\/v2\/pages\/21391\/revisions"}],"up":[{"embeddable":true,"href":"https:\/\/www.meldonlaw.com\/es\/wp-json\/wp\/v2\/pages\/21344"}],"wp:featuredmedia":[{"embeddable":true,"href":"https:\/\/www.meldonlaw.com\/es\/wp-json\/wp\/v2\/media\/21392"}],"wp:attachment":[{"href":"https:\/\/www.meldonlaw.com\/es\/wp-json\/wp\/v2\/media?parent=21391"}],"curies":[{"name":"wp","href":"https:\/\/api.w.org\/{rel}","templated":true}]}}