{"id":21390,"date":"2021-07-30T15:39:30","date_gmt":"2021-07-30T22:39:30","guid":{"rendered":"https:\/\/www.meldonlaw.com\/florida\/rideshare-accident-lawyer\/"},"modified":"2026-01-04T11:00:10","modified_gmt":"2026-01-04T19:00:10","slug":"abogado-accidentes-auto-viajes-compartidos","status":"publish","type":"page","link":"https:\/\/www.meldonlaw.com\/es\/florida\/abogado-accidentes-auto-viajes-compartidos\/","title":{"rendered":"Abogados de Accidentes de Viajes Compartidos en Florida"},"content":{"rendered":"<div id=\"ez-toc-container\" class=\"ez-toc-v2_0_76 counter-hierarchy ez-toc-counter ez-toc-grey ez-toc-container-direction\">\n<div class=\"ez-toc-title-container\">\n<p class=\"ez-toc-title\" style=\"cursor:inherit\">Tabla de Contenidos<\/p>\n<span class=\"ez-toc-title-toggle\"><a href=\"#\" class=\"ez-toc-pull-right ez-toc-btn ez-toc-btn-xs ez-toc-btn-default ez-toc-toggle\" aria-label=\"Alternar tabla de contenidos\"><span class=\"ez-toc-js-icon-con\"><span class=\"\"><span class=\"eztoc-hide\" style=\"display:none;\">Toggle<\/span><span class=\"ez-toc-icon-toggle-span\"><svg style=\"fill: #999;color:#999\" xmlns=\"http:\/\/www.w3.org\/2000\/svg\" class=\"list-377408\" width=\"20px\" height=\"20px\" viewBox=\"0 0 24 24\" fill=\"none\"><path d=\"M6 6H4v2h2V6zm14 0H8v2h12V6zM4 11h2v2H4v-2zm16 0H8v2h12v-2zM4 16h2v2H4v-2zm16 0H8v2h12v-2z\" fill=\"currentColor\"><\/path><\/svg><svg style=\"fill: #999;color:#999\" class=\"arrow-unsorted-368013\" xmlns=\"http:\/\/www.w3.org\/2000\/svg\" width=\"10px\" height=\"10px\" viewBox=\"0 0 24 24\" version=\"1.2\" baseProfile=\"tiny\"><path d=\"M18.2 9.3l-6.2-6.3-6.2 6.3c-.2.2-.3.4-.3.7s.1.5.3.7c.2.2.4.3.7.3h11c.3 0 .5-.1.7-.3.2-.2.3-.5.3-.7s-.1-.5-.3-.7zM5.8 14.7l6.2 6.3 6.2-6.3c.2-.2.3-.5.3-.7s-.1-.5-.3-.7c-.2-.2-.4-.3-.7-.3h-11c-.3 0-.5.1-.7.3-.2.2-.3.5-.3.7s.1.5.3.7z\"\/><\/svg><\/span><\/span><\/span><\/a><\/span><\/div>\n<nav><ul class='ez-toc-list ez-toc-list-level-1 eztoc-toggle-hide-by-default' ><li class='ez-toc-page-1 ez-toc-heading-level-2'><a class=\"ez-toc-link ez-toc-heading-1\" href=\"https:\/\/www.meldonlaw.com\/es\/florida\/abogado-accidentes-auto-viajes-compartidos\/#Obtener_una_Compensacion_Despues_de_un_Accidente_de_Viaje_Compartido_en_Florida_No_Siempre_es_Sencillo\" >Obtener una Compensaci\u00f3n Despu\u00e9s de un Accidente de Viaje Compartido en Florida No Siempre es Sencillo<\/a><\/li><li class='ez-toc-page-1 ez-toc-heading-level-2'><a class=\"ez-toc-link ez-toc-heading-2\" href=\"https:\/\/www.meldonlaw.com\/es\/florida\/abogado-accidentes-auto-viajes-compartidos\/#Abogados_de_Accidentes_de_Viajes_Compartidos_en_los_que_Puede_Confiar_Su_Caso\" >Abogados de Accidentes de Viajes Compartidos en los que Puede Confiar Su Caso<\/a><\/li><li class='ez-toc-page-1 ez-toc-heading-level-2'><a class=\"ez-toc-link ez-toc-heading-3\" href=\"https:\/\/www.meldonlaw.com\/es\/florida\/abogado-accidentes-auto-viajes-compartidos\/#%C2%BFQuien_Puede_Ser_Conductor_de_Uber_O_Lyft_en_Florida_y_Que_Tipo_de_Seguro_Debe_Tener\" >\u00bfQui\u00e9n Puede Ser Conductor de Uber O Lyft en Florida y Qu\u00e9 Tipo de Seguro Debe Tener?<\/a><\/li><li class='ez-toc-page-1 ez-toc-heading-level-2'><a class=\"ez-toc-link ez-toc-heading-4\" href=\"https:\/\/www.meldonlaw.com\/es\/florida\/abogado-accidentes-auto-viajes-compartidos\/#%C2%BFQue_Cobertura_de_Seguro_Esta_Disponible_Para_las_Victimas_de_Accidentes_de_Viajes_Compartidos\" >\u00bfQu\u00e9 Cobertura de Seguro Est\u00e1 Disponible Para las V\u00edctimas de Accidentes de Viajes Compartidos?<\/a><\/li><li class='ez-toc-page-1 ez-toc-heading-level-2'><a class=\"ez-toc-link ez-toc-heading-5\" href=\"https:\/\/www.meldonlaw.com\/es\/florida\/abogado-accidentes-auto-viajes-compartidos\/#Obtenga_Ayuda_Despues_de_un_Accidente_Automovilistico_de_Viaje_Compartido_en_Florida\" >Obtenga Ayuda Despu\u00e9s de un Accidente Automovil\u00edstico de Viaje Compartido en Florida<\/a><\/li><\/ul><\/nav><\/div>\n<p>Las empresas de viajes compartidos, como Lyft y Uber, se han convertido en algunas de las empresas m\u00e1s grandes del pa\u00eds y en un medio de transporte extremadamente popular. Sin embargo, Uber y Lyft han sido objeto de una buena cantidad de controversias, incluso sobre el tema de qui\u00e9n debe pagar cuando un conductor de Uber o Lyft se ve involucrado en un accidente.<\/p>\n<h2><span class=\"ez-toc-section\" id=\"Obtener_una_Compensacion_Despues_de_un_Accidente_de_Viaje_Compartido_en_Florida_No_Siempre_es_Sencillo\"><\/span>Obtener una Compensaci\u00f3n Despu\u00e9s de un Accidente de Viaje Compartido en Florida No Siempre es Sencillo<span class=\"ez-toc-section-end\"><\/span><\/h2>\n<p>Cuando ha estado involucrado en un accidente con un conductor de Lyft o Uber, ya sea como pasajero en un autom\u00f3vil de viaje compartido, otro conductor en la carretera o incluso un peat\u00f3n, obtener el dinero que se le debe no siempre es sencillo. La cantidad de beneficios de seguro disponibles para usted variar\u00e1 seg\u00fan el estado del conductor en el momento del accidente, lo que puede ser dif\u00edcil de demostrar. Adem\u00e1s, puede haber m\u00e1s de una aseguradora que sea responsable de sus lesiones despu\u00e9s del accidente, lo que agrega un factor de complicaci\u00f3n a la b\u00fasqueda de da\u00f1os.<\/p>\n<h2><span class=\"ez-toc-section\" id=\"Abogados_de_Accidentes_de_Viajes_Compartidos_en_los_que_Puede_Confiar_Su_Caso\"><\/span>Abogados de Accidentes de Viajes Compartidos en los que Puede Confiar Su Caso<span class=\"ez-toc-section-end\"><\/span><\/h2>\n<p>La naturaleza compleja de las reclamaciones despu\u00e9s de un accidente de viaje compartido hace que sea fundamental que hable con un abogado con experiencia en accidentes tan pronto como sea posible despu\u00e9s de un accidente. Los\u00a0<strong>abogados de accidentes de viajes compartidos en Florida<\/strong>\u00a0dedicados y listos para el juicio en Meldon Law tienen la experiencia que necesita cuando busca una compensaci\u00f3n por un accidente de viajes compartidos. Nuestros abogados han trabajado para aseguradoras. Sabemos c\u00f3mo obtener resultados al presentar un reclamo contra compa\u00f1\u00edas de seguros masivas y sus departamentos legales masivos. Comun\u00edquese con nuestro equipo de abogados de accidentes de Florida Uber y Lyft en Meldon Law para una consulta gratuita sobre c\u00f3mo podemos ayudarlo a obtener resultados.<\/p>\n<h2><span class=\"ez-toc-section\" id=\"%C2%BFQuien_Puede_Ser_Conductor_de_Uber_O_Lyft_en_Florida_y_Que_Tipo_de_Seguro_Debe_Tener\"><\/span>\u00bfQui\u00e9n Puede Ser Conductor de Uber O Lyft en Florida y Qu\u00e9 Tipo de Seguro Debe Tener?<span class=\"ez-toc-section-end\"><\/span><\/h2>\n<p>Uber y Lyft, as\u00ed como el estado de Florida, imponen l\u00edmites sobre qui\u00e9n puede ser conductor de una empresa de viajes compartidos. Tambi\u00e9n hay montos m\u00ednimos de cobertura de seguro para todos los veh\u00edculos que operan como carros de viaje compartido. La ley de Florida establece que todos los candidatos para puestos de conductores de viajes compartidos se someten a una verificaci\u00f3n de antecedentes al presentar la solicitud a las empresas, as\u00ed como cada tres a\u00f1os despu\u00e9s de ser aprobados para conducir. Si la verificaci\u00f3n de antecedentes revela alguno de los siguientes delitos, el candidato no podr\u00e1 ser conductor de Uber o Lyft:<\/p>\n<ul>\n<li>Condena por una infracci\u00f3n grave de conducci\u00f3n (abandonar la escena de un accidente, DUI, etc.) en los \u00faltimos cinco a\u00f1os<\/li>\n<li>Inclusi\u00f3n en el registro federal de delincuentes sexuales<\/li>\n<li>Condena por conducir con una licencia suspendida o revocada en los \u00faltimos tres a\u00f1os<\/li>\n<\/ul>\n<p>Adem\u00e1s, los conductores deben tener una licencia de conducir v\u00e1lida en los EE. UU., As\u00ed como un registro de veh\u00edculo v\u00e1lido. Uber y Lyft imponen requisitos adicionales para calificar como conductor, incluido que todos los conductores tengan al menos 21 a\u00f1os de edad y que tengan una licencia en los EE. UU. Durante al menos un a\u00f1o (o tres si son menores de 23, seg\u00fan Uber). Uber y Lyft tambi\u00e9n realizar\u00e1n sus propias verificaciones de los antecedentes de conducci\u00f3n de los conductores y rechazar\u00e1n a los candidatos con ciertas infracciones en sus registros. Todos los conductores de viajes compartidos de Florida, como cualquier conductor de Florida, deben tener un m\u00ednimo de $ 10,000 en cobertura de Protecci\u00f3n contra Lesiones Personales (PIP), as\u00ed como una cantidad igual de cobertura de responsabilidad por da\u00f1os a la propiedad. Sin embargo, cada conductor de viaje compartido debe tener una cobertura adicional que se activa cuando el conductor tiene su aplicaci\u00f3n de viaje compartido activada. Una vez que la aplicaci\u00f3n est\u00e1 encendida, pero antes de que el conductor lleve pasajeros, el conductor debe tener una p\u00f3liza que proporcione al menos $ 50,000 en cobertura de lesiones corporales por persona lesionada y $ 100,000 por accidente, as\u00ed como $ 25,000 en cobertura de responsabilidad por da\u00f1os a la propiedad por accidente. Esta forma de cobertura a menudo est\u00e1 disponible como un respaldo a una p\u00f3liza existente o como una p\u00f3liza separada, dependiendo del proveedor de seguros. Si bien algunos conductores intentan usar una p\u00f3liza de seguro personal para esta cobertura sin notificar a su aseguradora que est\u00e1n usando su veh\u00edculo para un prop\u00f3sito comercial, las aseguradoras pueden negar la cobertura o negarse a renovar una p\u00f3liza de seguro al enterarse de que el cliente era un conductor de viaje compartido.<\/p>\n<h2><span class=\"ez-toc-section\" id=\"%C2%BFQue_Cobertura_de_Seguro_Esta_Disponible_Para_las_Victimas_de_Accidentes_de_Viajes_Compartidos\"><\/span>\u00bfQu\u00e9 Cobertura de Seguro Est\u00e1 Disponible Para las V\u00edctimas de Accidentes de Viajes Compartidos?<span class=\"ez-toc-section-end\"><\/span><\/h2>\n<p>La cobertura de seguro disponible despu\u00e9s de un accidente con un conductor de Uber o Lyft depende de si la aplicaci\u00f3n del conductor estaba encendida o apagada, y si el conductor ten\u00eda (o pronto tendr\u00eda) un pasajero que paga en el momento del accidente.<\/p>\n<ul>\n<li>Si la\u00a0<strong>aplicaci\u00f3n de viaje compartido del conductor no estaba activada<\/strong>, se aplicar\u00e1 la cobertura de seguro personal del conductor. Esto podr\u00eda ser tan solo $ 10,000 en cobertura PIP y $ 10,000 en cobertura de da\u00f1os a la propiedad.<\/li>\n<li>Si la aplicaci\u00f3n de viaje compartido\u00a0<strong>del conductor estaba activada, pero no ten\u00eda un pasajero asignado<\/strong>, entonces la p\u00f3liza de $ 50,000 \/ $ 100,000 \/ $ 25,000 del conductor estar\u00eda disponible para compensar a las v\u00edctimas de accidentes.<\/li>\n<li>Si la\u00a0<strong>aplicaci\u00f3n de viaje compartido del conductor estaba encendida y se le hab\u00eda asignado un pasajero<\/strong>\u00a0(ya sea que el conductor estuviera en camino a recoger al pasajero o el pasajero estuviera en el veh\u00edculo), entonces la cobertura de seguro de la compa\u00f1\u00eda de viaje compartido aplicar al accidente, que proporciona un m\u00ednimo de $ 1 mill\u00f3n en cobertura por lesiones corporales y da\u00f1os a la propiedad.<\/li>\n<\/ul>\n<p>Si bien estas reglas hacen que la cobertura parezca clara, a menudo surgen factores de complicaci\u00f3n cuando las v\u00edctimas de accidentes de viajes compartidos presentan reclamos. En algunos casos, la cobertura de seguro de un conductor puede aplicarse adem\u00e1s de la cobertura de la compa\u00f1\u00eda de viajes compartidos. Si el conductor de Uber o Lyft argumenta que no tuvo la culpa del accidente, pero la v\u00edctima no est\u00e1 de acuerdo, esto agregar\u00e1 una complicaci\u00f3n adicional para obtener los beneficios. Finalmente, existe el problema de que las aseguradoras siempre buscar\u00e1n pagar lo menos posible en cualquier reclamo, dejando a las v\u00edctimas de accidentes peleando por los beneficios que se les deben.<\/p>\n<h2><span class=\"ez-toc-section\" id=\"Obtenga_Ayuda_Despues_de_un_Accidente_Automovilistico_de_Viaje_Compartido_en_Florida\"><\/span>Obtenga Ayuda Despu\u00e9s de un Accidente Automovil\u00edstico de Viaje Compartido en Florida<span class=\"ez-toc-section-end\"><\/span><\/h2>\n<p>No luche contra las aseguradoras solo. Obtenga ayuda de abogados experimentados en lesiones personales de Florida que entienden c\u00f3mo obtener resultados para sus clientes. Comun\u00edquese con los dedicados y decididos abogados de accidentes de viajes compartidos de Florida en Meldon Law para una consulta sobre su caso.<\/p>\n            \n            <div class='shareThisWrapper ' style=\"text-align:center!important;\">\n                <a target='_blank' href=\"https:\/\/www.facebook.com\/sharer\/sharer.php?u=https%3A%2F%2Fwww.meldonlaw.com%2Fes%2Fflorida%2Fabogado-accidentes-auto-viajes-compartidos%2F\">\n                    <img loading=\"lazy\" decoding=\"async\" src=\"\/wp-content\/themes\/meldon-law\/img\/social-media-icons\/facebook-icon.png\" alt=\"Share on Facebook\" width=\"30\" height=\"30\">\n                <\/a>\n                <a target='_blank' href=\"https:\/\/twitter.com\/intent\/tweet?url=https%3A%2F%2Fwww.meldonlaw.com%2Fes%2Fflorida%2Fabogado-accidentes-auto-viajes-compartidos%2F&text=Abogados+de+Accidentes+de+Viajes+Compartidos+en+Florida\">\n                    <img loading=\"lazy\" decoding=\"async\" src=\"\/wp-content\/themes\/meldon-law\/img\/social-media-icons\/x-icon.png\" alt=\"Tweet this\" width=\"30\" height=\"30\">\n                <\/a>\n                <a target='_blank' href=\"https:\/\/www.linkedin.com\/shareArticle?mini=true&url=https%3A%2F%2Fwww.meldonlaw.com%2Fes%2Fflorida%2Fabogado-accidentes-auto-viajes-compartidos%2F&title=Abogados+de+Accidentes+de+Viajes+Compartidos+en+Florida\">\n                    <img loading=\"lazy\" decoding=\"async\" src=\"\/wp-content\/themes\/meldon-law\/img\/social-media-icons\/linkedin-icon.png\" alt=\"Share on LinkedIn\" width=\"30\" height=\"30\">\n                <\/a>\n                <a target='_blank' href=\"https:\/\/pinterest.com\/pin\/create\/button\/?url=https%3A%2F%2Fwww.meldonlaw.com%2Fes%2Fflorida%2Fabogado-accidentes-auto-viajes-compartidos%2F&media=&description=Abogados+de+Accidentes+de+Viajes+Compartidos+en+Florida\">\n                    <img loading=\"lazy\" decoding=\"async\" src=\"\/wp-content\/themes\/meldon-law\/img\/social-media-icons\/pinterest-icon.png\" alt=\"Pin on Pinterest\" width=\"30\" height=\"30\">\n                <\/a>\n                <a target='_blank' href=\"https:\/\/instagram.com\">\n                    <img loading=\"lazy\" decoding=\"async\" src=\"\/wp-content\/themes\/meldon-law\/img\/social-media-icons\/instagram-icon.png\" alt=\"Visit our Instagram\" width=\"30\" height=\"30\">\n                <\/a>\n            <\/div>","protected":false},"excerpt":{"rendered":"<p>Las empresas de viajes compartidos, como Lyft y Uber, se han convertido en algunas de las empresas m\u00e1s grandes del pa\u00eds y en un medio de transporte extremadamente popular. Sin embargo, Uber y Lyft han sido objeto de una buena cantidad de controversias, incluso sobre el tema de qui\u00e9n debe pagar cuando un conductor&#8230; <a class=\"moretag\"\n href=\"https:\/\/www.meldonlaw.com\/es\/florida\/abogado-accidentes-auto-viajes-compartidos\/\">Read More<\/a><\/p>\n","protected":false},"author":1,"featured_media":0,"parent":21344,"menu_order":357,"comment_status":"closed","ping_status":"closed","template":"","meta":{"_acf_changed":false,"inline_featured_image":false,"footnotes":""},"class_list":["post-21390","page","type-page","status-publish","hentry"],"acf":[],"yoast_head":"<!-- This site is optimized with the Yoast SEO plugin v25.2 - https:\/\/yoast.com\/wordpress\/plugins\/seo\/ -->\n<title>Abogados de Viajes Compartidos en Florida | Meldon Law<\/title>\n<meta name=\"description\" content=\"Los accidentes de viajes compartidos pueden ser complejos. Un Abogado de Accidentes de Viajes Compartidos en Florida puede ayudarle a buscar compensaci\u00f3n y proteger sus derechos. Llame hoy para recibir ayuda.\" \/>\n<meta name=\"robots\" content=\"index, follow, max-snippet:-1, max-image-preview:large, max-video-preview:-1\" \/>\n<link rel=\"canonical\" href=\"https:\/\/www.meldonlaw.com\/es\/florida\/abogado-accidentes-auto-viajes-compartidos\/\" \/>\n<meta name=\"twitter:card\" content=\"summary_large_image\" \/>\n<meta name=\"twitter:title\" content=\"Abogados de Viajes Compartidos en Florida | Meldon Law\" \/>\n<meta name=\"twitter:description\" content=\"Los accidentes de viajes compartidos pueden ser complejos. Un Abogado de Accidentes de Viajes Compartidos en Florida puede ayudarle a buscar compensaci\u00f3n y proteger sus derechos. Llame hoy para recibir ayuda.\" \/>\n<meta name=\"twitter:label1\" content=\"Tiempo de lectura\" \/>\n\t<meta name=\"twitter:data1\" content=\"6 minutos\" \/>\n<!-- \/ Yoast SEO plugin. -->","yoast_head_json":{"title":"Abogados de Viajes Compartidos en Florida | Meldon Law","description":"Los accidentes de viajes compartidos pueden ser complejos. Un Abogado de Accidentes de Viajes Compartidos en Florida puede ayudarle a buscar compensaci\u00f3n y proteger sus derechos. Llame hoy para recibir ayuda.","robots":{"index":"index","follow":"follow","max-snippet":"max-snippet:-1","max-image-preview":"max-image-preview:large","max-video-preview":"max-video-preview:-1"},"canonical":"https:\/\/www.meldonlaw.com\/es\/florida\/abogado-accidentes-auto-viajes-compartidos\/","twitter_card":"summary_large_image","twitter_title":"Abogados de Viajes Compartidos en Florida | Meldon Law","twitter_description":"Los accidentes de viajes compartidos pueden ser complejos. Un Abogado de Accidentes de Viajes Compartidos en Florida puede ayudarle a buscar compensaci\u00f3n y proteger sus derechos. Llame hoy para recibir ayuda.","twitter_misc":{"Tiempo de lectura":"6 minutos"},"schema":{"@context":"https:\/\/schema.org","@graph":[{"@type":"WebPage","@id":"https:\/\/www.meldonlaw.com\/es\/florida\/abogado-accidentes-auto-viajes-compartidos\/","url":"https:\/\/www.meldonlaw.com\/es\/florida\/abogado-accidentes-auto-viajes-compartidos\/","name":"Abogados de Viajes Compartidos en Florida | Meldon Law","isPartOf":{"@id":"https:\/\/www.meldonlaw.com\/es\/#website"},"datePublished":"2021-07-30T22:39:30+00:00","dateModified":"2026-01-04T19:00:10+00:00","description":"Los accidentes de viajes compartidos pueden ser complejos. Un Abogado de Accidentes de Viajes Compartidos en Florida puede ayudarle a buscar compensaci\u00f3n y proteger sus derechos. Llame hoy para recibir ayuda.","breadcrumb":{"@id":"https:\/\/www.meldonlaw.com\/es\/florida\/abogado-accidentes-auto-viajes-compartidos\/#breadcrumb"},"inLanguage":"es","potentialAction":[{"@type":"ReadAction","target":["https:\/\/www.meldonlaw.com\/es\/florida\/abogado-accidentes-auto-viajes-compartidos\/"]}]},{"@type":"BreadcrumbList","@id":"https:\/\/www.meldonlaw.com\/es\/florida\/abogado-accidentes-auto-viajes-compartidos\/#breadcrumb","itemListElement":[{"@type":"ListItem","position":1,"name":"Home","item":"https:\/\/www.meldonlaw.com\/es\/"},{"@type":"ListItem","position":2,"name":"Abogados de Lesiones Personales de Florida","item":"https:\/\/www.meldonlaw.com\/es\/florida\/"},{"@type":"ListItem","position":3,"name":"Abogados de Accidentes de Viajes Compartidos en Florida"}]},{"@type":"WebSite","@id":"https:\/\/www.meldonlaw.com\/es\/#website","url":"https:\/\/www.meldonlaw.com\/es\/","name":"Meldon Law","description":"","potentialAction":[{"@type":"SearchAction","target":{"@type":"EntryPoint","urlTemplate":"https:\/\/www.meldonlaw.com\/es\/?s={search_term_string}"},"query-input":{"@type":"PropertyValueSpecification","valueRequired":true,"valueName":"search_term_string"}}],"inLanguage":"es"}]}},"_links":{"self":[{"href":"https:\/\/www.meldonlaw.com\/es\/wp-json\/wp\/v2\/pages\/21390","targetHints":{"allow":["GET"]}}],"collection":[{"href":"https:\/\/www.meldonlaw.com\/es\/wp-json\/wp\/v2\/pages"}],"about":[{"href":"https:\/\/www.meldonlaw.com\/es\/wp-json\/wp\/v2\/types\/page"}],"author":[{"embeddable":true,"href":"https:\/\/www.meldonlaw.com\/es\/wp-json\/wp\/v2\/users\/1"}],"replies":[{"embeddable":true,"href":"https:\/\/www.meldonlaw.com\/es\/wp-json\/wp\/v2\/comments?post=21390"}],"version-history":[{"count":0,"href":"https:\/\/www.meldonlaw.com\/es\/wp-json\/wp\/v2\/pages\/21390\/revisions"}],"up":[{"embeddable":true,"href":"https:\/\/www.meldonlaw.com\/es\/wp-json\/wp\/v2\/pages\/21344"}],"wp:attachment":[{"href":"https:\/\/www.meldonlaw.com\/es\/wp-json\/wp\/v2\/media?parent=21390"}],"curies":[{"name":"wp","href":"https:\/\/api.w.org\/{rel}","templated":true}]}}