{"id":21387,"date":"2021-07-30T15:39:30","date_gmt":"2021-07-30T22:39:30","guid":{"rendered":"https:\/\/www.meldonlaw.com\/florida\/pedestrian-accident-lawyer\/"},"modified":"2025-12-08T03:12:41","modified_gmt":"2025-12-08T11:12:41","slug":"abogado-accidentes-peaton","status":"publish","type":"page","link":"https:\/\/www.meldonlaw.com\/es\/florida\/abogado-accidentes-peaton\/","title":{"rendered":"Abogados de Accidentes de Peatones en Florida"},"content":{"rendered":"<div id=\"ez-toc-container\" class=\"ez-toc-v2_0_76 counter-hierarchy ez-toc-counter ez-toc-grey ez-toc-container-direction\">\n<div class=\"ez-toc-title-container\">\n<p class=\"ez-toc-title\" style=\"cursor:inherit\">Tabla de Contenidos<\/p>\n<span class=\"ez-toc-title-toggle\"><a href=\"#\" class=\"ez-toc-pull-right ez-toc-btn ez-toc-btn-xs ez-toc-btn-default ez-toc-toggle\" aria-label=\"Alternar tabla de contenidos\"><span class=\"ez-toc-js-icon-con\"><span class=\"\"><span class=\"eztoc-hide\" style=\"display:none;\">Toggle<\/span><span class=\"ez-toc-icon-toggle-span\"><svg style=\"fill: #999;color:#999\" xmlns=\"http:\/\/www.w3.org\/2000\/svg\" class=\"list-377408\" width=\"20px\" height=\"20px\" viewBox=\"0 0 24 24\" fill=\"none\"><path d=\"M6 6H4v2h2V6zm14 0H8v2h12V6zM4 11h2v2H4v-2zm16 0H8v2h12v-2zM4 16h2v2H4v-2zm16 0H8v2h12v-2z\" fill=\"currentColor\"><\/path><\/svg><svg style=\"fill: #999;color:#999\" class=\"arrow-unsorted-368013\" xmlns=\"http:\/\/www.w3.org\/2000\/svg\" width=\"10px\" height=\"10px\" viewBox=\"0 0 24 24\" version=\"1.2\" baseProfile=\"tiny\"><path d=\"M18.2 9.3l-6.2-6.3-6.2 6.3c-.2.2-.3.4-.3.7s.1.5.3.7c.2.2.4.3.7.3h11c.3 0 .5-.1.7-.3.2-.2.3-.5.3-.7s-.1-.5-.3-.7zM5.8 14.7l6.2 6.3 6.2-6.3c.2-.2.3-.5.3-.7s-.1-.5-.3-.7c-.2-.2-.4-.3-.7-.3h-11c-.3 0-.5.1-.7.3-.2.2-.3.5-.3.7s.1.5.3.7z\"\/><\/svg><\/span><\/span><\/span><\/a><\/span><\/div>\n<nav><ul class='ez-toc-list ez-toc-list-level-1 eztoc-toggle-hide-by-default' ><li class='ez-toc-page-1 ez-toc-heading-level-2'><a class=\"ez-toc-link ez-toc-heading-1\" href=\"https:\/\/www.meldonlaw.com\/es\/florida\/abogado-accidentes-peaton\/#Florida_es_Uno_de_los_Estados_Mas_Peligrosos_del_Pais_Para_los_Peatones\" >Florida es Uno de los Estados M\u00e1s Peligrosos del Pa\u00eds Para los Peatones.<\/a><\/li><li class='ez-toc-page-1 ez-toc-heading-level-2'><a class=\"ez-toc-link ez-toc-heading-2\" href=\"https:\/\/www.meldonlaw.com\/es\/florida\/abogado-accidentes-peaton\/#%C2%BFCuales_son_las_Razones_Mas_Comunes_de_Accidentes_de_Peatones\" >\u00bfCu\u00e1les son las Razones M\u00e1s Comunes de Accidentes de Peatones?<\/a><\/li><li class='ez-toc-page-1 ez-toc-heading-level-2'><a class=\"ez-toc-link ez-toc-heading-3\" href=\"https:\/\/www.meldonlaw.com\/es\/florida\/abogado-accidentes-peaton\/#Existe_Ayuda_Para_las_Victimas_de_Accidentes_de_Peatones_en_Florida\" >Existe Ayuda Para las V\u00edctimas de Accidentes de Peatones en Florida<\/a><\/li><\/ul><\/nav><\/div>\n<p>Los peatones son los usuarios m\u00e1s vulnerables de carreteras y aceras. Sin las paredes protectoras de un veh\u00edculo, o incluso sin los medios potenciales para escapar de un accidente provocado por una bicicleta, los peatones tienen poco para evitar lesiones graves causadas por autom\u00f3viles y camiones que se aproximan. Sin ning\u00fan escudo contra un accidente, los peatones corren el riesgo de sufrir lesiones devastadoras cuando son golpeados. Un accidente peatonal puede alterar el curso de la vida de una v\u00edctima. Las v\u00edctimas de accidentes de peatones en Florida a menudo quedan con una monta\u00f1a de deudas m\u00e9dicas. Despu\u00e9s de sufrir lesiones dolorosas como huesos rotos, laceraciones o lesiones cerebrales, es posible que no puedan regresar al trabajo que antes realizaban, a veces de forma permanente. Despu\u00e9s de un accidente de peatones en Florida, contratar a un abogado calificado en lesiones personales puede marcar la diferencia en la cantidad de da\u00f1os que se le otorgan por sus lesiones. En Meldon Law, hemos pasado d\u00e9cadas luchando por las v\u00edctimas de accidentes en Florida, y sabemos c\u00f3mo ganar. No espere para tomar medidas despu\u00e9s de un accidente. Comun\u00edquese con los\u00a0<strong>abogados con experiencia en accidentes de peatones en Florida<\/strong>\u00a0de Meldon Law para recibir una evaluaci\u00f3n gratuita de su reclamo.<\/p>\n<h2><span class=\"ez-toc-section\" id=\"Florida_es_Uno_de_los_Estados_Mas_Peligrosos_del_Pais_Para_los_Peatones\"><\/span>Florida es Uno de los Estados M\u00e1s Peligrosos del Pa\u00eds Para los Peatones.<span class=\"ez-toc-section-end\"><\/span><\/h2>\n<p>Florida tiene la dudosa distinci\u00f3n de ser uno de los lugares m\u00e1s peligrosos de Estados Unidos para los peatones. En m\u00faltiples encuestas, Florida ocup\u00f3 el primer lugar entre todos los estados en cuanto al n\u00famero de peatones muertos en accidentes de tr\u00e1fico. Tambi\u00e9n se descubri\u00f3 que Florida es uno de los cinco estados cuyos totales de muertes de peatones representaron el 47% de todas las muertes de peatones en el pa\u00eds. Nueve de las 13 \u00e1reas metropolitanas del pa\u00eds que tienen las tasas de mortalidad de peatones m\u00e1s altas se encuentran en Florida. Un a\u00f1o, una sola ciudad de Florida fue la ubicaci\u00f3n del 20% de las muertes de peatones en todo el pa\u00eds. En otras palabras, los peatones de Florida corren un grave riesgo de sufrir lesiones.<\/p>\n<h2><span class=\"ez-toc-section\" id=\"%C2%BFCuales_son_las_Razones_Mas_Comunes_de_Accidentes_de_Peatones\"><\/span>\u00bfCu\u00e1les son las Razones M\u00e1s Comunes de Accidentes de Peatones?<span class=\"ez-toc-section-end\"><\/span><\/h2>\n<p>\u00bfPor qu\u00e9 Florida experimenta tantas m\u00e1s muertes de peatones que otros estados? Las razones no est\u00e1n del todo claras en cuanto a por qu\u00e9 las carreteras de Florida son tan desproporcionadamente peligrosas para los peatones. Los expertos en seguridad han descubierto que las siguientes son algunas de las razones m\u00e1s comunes por las que los peatones se convierten en v\u00edctimas de accidentes automovil\u00edsticos:<\/p>\n<ul>\n<li><strong>Baja visibilidad<\/strong>: en general, m\u00e1s de la mitad de todos los accidentes de peatones ocurren de noche. Entre las muertes de peatones que ocurren de noche, una mayor proporci\u00f3n ocurre en carreteras sin iluminaci\u00f3n que en carreteras con alumbrado p\u00fablico. La mayor prevalencia de muertes nocturnas se debe en parte a la menor visibilidad, pero tambi\u00e9n es atribuible a la mayor probabilidad de que los conductores est\u00e9n intoxicados al conducir despu\u00e9s del anochecer.<\/li>\n<li><strong>Exceso de velocidad<\/strong>: los conductores que viajan a una velocidad insegura tienen menos probabilidades de notar que un peat\u00f3n ha entrado en la calzada y est\u00e1n viajando demasiado r\u00e1pido para detenerse a tiempo para evitar chocar a un peat\u00f3n.<\/li>\n<li><strong>Conducci\u00f3n distra\u00edda<\/strong>: los conductores que se distraen con sus tel\u00e9fonos celulares o centros de entretenimiento en el veh\u00edculo son otra causa importante de accidentes peatonales. Incluso si los conductores no miran sus tel\u00e9fonos cuando ocurre la colisi\u00f3n, los conductores que intentan usar sus tel\u00e9fonos o sistemas de entretenimiento mientras conducen son m\u00e1s propensos a simplemente mirar r\u00e1pidamente a la carretera. Estas miradas r\u00e1pidas no les dan a los conductores el tiempo suficiente para explorar la carretera en busca de objetos visuales m\u00e1s peque\u00f1os, como personas a pie o en bicicleta, que les hagan lesionar a estas personas.<\/li>\n<li><strong>Intersecci\u00f3n peligrosa o dise\u00f1o de carreteras<\/strong>: algunas intersecciones est\u00e1n dise\u00f1adas para que los conductores que vienen en sentido contrario no tengan una vista \u00f3ptima de los cruces peatonales. Del mismo modo, algunas carreteras ofrecen pocos lugares de cruce seguros para los peatones, lo que los obliga a correr entre los sem\u00e1foros para llegar a su destino. Sin un lugar seguro y visible para cruzar, los peatones corren el riesgo de lesionarse al pasar el tr\u00e1fico.<\/li>\n<\/ul>\n<h2><span class=\"ez-toc-section\" id=\"Existe_Ayuda_Para_las_Victimas_de_Accidentes_de_Peatones_en_Florida\"><\/span>Existe Ayuda Para las V\u00edctimas de Accidentes de Peatones en Florida<span class=\"ez-toc-section-end\"><\/span><\/h2>\n<p>Si usted o un ser querido ha sufrido un accidente peatonal en Florida, no tiene que luchar por su cuenta con compa\u00f1\u00edas de seguros masivas. Estas corporaciones emplean a cientos de tasadores y abogados que concentran sus energ\u00edas en negar las reclamaciones de las v\u00edctimas de accidentes o en intentar pagar menos de lo que se les debe. Sin experiencia en lesiones o leyes de seguros, puede ser dif\u00edcil no sentirse desesperado y abrumado al enfrentarse a estos goliats. Despu\u00e9s de un accidente, obtenga la ayuda legal en la que puede confiar de los abogados de v\u00edctimas de accidentes peatonales de Florida en Meldon Law. Conocemos todas las t\u00e1cticas que utilizan las compa\u00f1\u00edas de seguros para tratar de intimidar a las v\u00edctimas de accidentes para que acepten un acuerdo econ\u00f3mico. Nos aseguramos de que no se aprovechen de nuestros clientes durante las negociaciones del acuerdo al aceptar menos de lo que merecen por sus lesiones. Comun\u00edquese con Meldon Law para discutir sus opciones legales despu\u00e9s de un accidente con lesiones a peatones.<\/p>\n            \n            <div class='shareThisWrapper ' style=\"text-align:center!important;\">\n                <a target='_blank' href=\"https:\/\/www.facebook.com\/sharer\/sharer.php?u=https%3A%2F%2Fwww.meldonlaw.com%2Fes%2Fflorida%2Fabogado-accidentes-peaton%2F\">\n                    <img decoding=\"async\" src=\"\/wp-content\/themes\/meldon-law\/img\/social-media-icons\/facebook-icon.png\" alt=\"Share on Facebook\" width=\"30\" height=\"30\">\n                <\/a>\n                <a target='_blank' href=\"https:\/\/twitter.com\/intent\/tweet?url=https%3A%2F%2Fwww.meldonlaw.com%2Fes%2Fflorida%2Fabogado-accidentes-peaton%2F&text=Abogados+de+Accidentes+de+Peatones+en+Florida\">\n                    <img decoding=\"async\" src=\"\/wp-content\/themes\/meldon-law\/img\/social-media-icons\/x-icon.png\" alt=\"Tweet this\" width=\"30\" height=\"30\">\n                <\/a>\n                <a target='_blank' href=\"https:\/\/www.linkedin.com\/shareArticle?mini=true&url=https%3A%2F%2Fwww.meldonlaw.com%2Fes%2Fflorida%2Fabogado-accidentes-peaton%2F&title=Abogados+de+Accidentes+de+Peatones+en+Florida\">\n                    <img decoding=\"async\" src=\"\/wp-content\/themes\/meldon-law\/img\/social-media-icons\/linkedin-icon.png\" alt=\"Share on LinkedIn\" width=\"30\" height=\"30\">\n                <\/a>\n                <a target='_blank' href=\"https:\/\/pinterest.com\/pin\/create\/button\/?url=https%3A%2F%2Fwww.meldonlaw.com%2Fes%2Fflorida%2Fabogado-accidentes-peaton%2F&media=https%3A%2F%2Fwww.meldonlaw.com%2Fwp-content%2Fuploads%2F2021%2F06%2FPedestrian-Crossing-Street-Sign-jpg-webp.webp&description=Abogados+de+Accidentes+de+Peatones+en+Florida\">\n                    <img decoding=\"async\" src=\"\/wp-content\/themes\/meldon-law\/img\/social-media-icons\/pinterest-icon.png\" alt=\"Pin on Pinterest\" width=\"30\" height=\"30\">\n                <\/a>\n                <a target='_blank' href=\"https:\/\/instagram.com\">\n                    <img decoding=\"async\" src=\"\/wp-content\/themes\/meldon-law\/img\/social-media-icons\/instagram-icon.png\" alt=\"Visit our Instagram\" width=\"30\" height=\"30\">\n                <\/a>\n            <\/div>","protected":false},"excerpt":{"rendered":"<p>Los peatones son los usuarios m\u00e1s vulnerables de carreteras y aceras. Sin las paredes protectoras de un veh\u00edculo, o incluso sin los medios potenciales para escapar de un accidente provocado por una bicicleta, los peatones tienen poco para evitar lesiones graves causadas por autom\u00f3viles y camiones que se aproximan. Sin ning\u00fan escudo contra un&#8230; <a class=\"moretag\"\n href=\"https:\/\/www.meldonlaw.com\/es\/florida\/abogado-accidentes-peaton\/\">Read More<\/a><\/p>\n","protected":false},"author":1,"featured_media":21388,"parent":21344,"menu_order":355,"comment_status":"closed","ping_status":"closed","template":"","meta":{"_acf_changed":false,"inline_featured_image":false,"footnotes":""},"class_list":["post-21387","page","type-page","status-publish","has-post-thumbnail","hentry"],"acf":[],"yoast_head":"<!-- This site is optimized with the Yoast SEO plugin v25.2 - https:\/\/yoast.com\/wordpress\/plugins\/seo\/ -->\n<title>Abogado de Accidentes de Peat\u00f3n en Florida | Llame Hoy | Meldon Law<\/title>\n<meta name=\"description\" content=\"\u00bfLo atropellaron mientras caminaba? Un Abogado de Accidentes de Peat\u00f3n en Florida puede ayudarle a recuperar da\u00f1os y responsabilizar a la parte culpable. Cont\u00e1ctenos ahora para recibir ayuda.\" \/>\n<meta name=\"robots\" content=\"index, follow, max-snippet:-1, max-image-preview:large, max-video-preview:-1\" \/>\n<link rel=\"canonical\" href=\"https:\/\/www.meldonlaw.com\/es\/florida\/abogado-accidentes-peaton\/\" \/>\n<meta name=\"twitter:card\" content=\"summary_large_image\" \/>\n<meta name=\"twitter:title\" content=\"Abogado de Accidentes de Peat\u00f3n en Florida | Llame Hoy | Meldon Law\" \/>\n<meta name=\"twitter:description\" content=\"\u00bfLo atropellaron mientras caminaba? Un Abogado de Accidentes de Peat\u00f3n en Florida puede ayudarle a recuperar da\u00f1os y responsabilizar a la parte culpable. Cont\u00e1ctenos ahora para recibir ayuda.\" \/>\n<meta name=\"twitter:image\" content=\"https:\/\/www.meldonlaw.com\/wp-content\/uploads\/2021\/06\/Pedestrian-Crossing-Street-Sign-jpg-webp.webp\" \/>\n<meta name=\"twitter:label1\" content=\"Tiempo de lectura\" \/>\n\t<meta name=\"twitter:data1\" content=\"5 minutos\" \/>\n<!-- \/ Yoast SEO plugin. -->","yoast_head_json":{"title":"Abogado de Accidentes de Peat\u00f3n en Florida | Llame Hoy | Meldon Law","description":"\u00bfLo atropellaron mientras caminaba? Un Abogado de Accidentes de Peat\u00f3n en Florida puede ayudarle a recuperar da\u00f1os y responsabilizar a la parte culpable. Cont\u00e1ctenos ahora para recibir ayuda.","robots":{"index":"index","follow":"follow","max-snippet":"max-snippet:-1","max-image-preview":"max-image-preview:large","max-video-preview":"max-video-preview:-1"},"canonical":"https:\/\/www.meldonlaw.com\/es\/florida\/abogado-accidentes-peaton\/","twitter_card":"summary_large_image","twitter_title":"Abogado de Accidentes de Peat\u00f3n en Florida | Llame Hoy | Meldon Law","twitter_description":"\u00bfLo atropellaron mientras caminaba? Un Abogado de Accidentes de Peat\u00f3n en Florida puede ayudarle a recuperar da\u00f1os y responsabilizar a la parte culpable. Cont\u00e1ctenos ahora para recibir ayuda.","twitter_image":"https:\/\/www.meldonlaw.com\/wp-content\/uploads\/2021\/06\/Pedestrian-Crossing-Street-Sign-jpg-webp.webp","twitter_misc":{"Tiempo de lectura":"5 minutos"},"schema":{"@context":"https:\/\/schema.org","@graph":[{"@type":"WebPage","@id":"https:\/\/www.meldonlaw.com\/es\/florida\/abogado-accidentes-peaton\/","url":"https:\/\/www.meldonlaw.com\/es\/florida\/abogado-accidentes-peaton\/","name":"Abogado de Accidentes de Peat\u00f3n en Florida | Llame Hoy | Meldon Law","isPartOf":{"@id":"https:\/\/www.meldonlaw.com\/es\/#website"},"primaryImageOfPage":{"@id":"https:\/\/www.meldonlaw.com\/es\/florida\/abogado-accidentes-peaton\/#primaryimage"},"image":{"@id":"https:\/\/www.meldonlaw.com\/es\/florida\/abogado-accidentes-peaton\/#primaryimage"},"thumbnailUrl":"https:\/\/www.meldonlaw.com\/wp-content\/uploads\/2021\/06\/Pedestrian-Crossing-Street-Sign-jpg-webp.webp","datePublished":"2021-07-30T22:39:30+00:00","dateModified":"2025-12-08T11:12:41+00:00","description":"\u00bfLo atropellaron mientras caminaba? Un Abogado de Accidentes de Peat\u00f3n en Florida puede ayudarle a recuperar da\u00f1os y responsabilizar a la parte culpable. Cont\u00e1ctenos ahora para recibir ayuda.","breadcrumb":{"@id":"https:\/\/www.meldonlaw.com\/es\/florida\/abogado-accidentes-peaton\/#breadcrumb"},"inLanguage":"es","potentialAction":[{"@type":"ReadAction","target":["https:\/\/www.meldonlaw.com\/es\/florida\/abogado-accidentes-peaton\/"]}]},{"@type":"ImageObject","inLanguage":"es","@id":"https:\/\/www.meldonlaw.com\/es\/florida\/abogado-accidentes-peaton\/#primaryimage","url":"https:\/\/www.meldonlaw.com\/wp-content\/uploads\/2021\/06\/Pedestrian-Crossing-Street-Sign-jpg-webp.webp","contentUrl":"https:\/\/www.meldonlaw.com\/wp-content\/uploads\/2021\/06\/Pedestrian-Crossing-Street-Sign-jpg-webp.webp","width":900,"height":600,"caption":"Florida Pedestrian Accident Lawyer"},{"@type":"BreadcrumbList","@id":"https:\/\/www.meldonlaw.com\/es\/florida\/abogado-accidentes-peaton\/#breadcrumb","itemListElement":[{"@type":"ListItem","position":1,"name":"Home","item":"https:\/\/www.meldonlaw.com\/es\/"},{"@type":"ListItem","position":2,"name":"Abogados de Lesiones Personales de Florida","item":"https:\/\/www.meldonlaw.com\/es\/florida\/"},{"@type":"ListItem","position":3,"name":"Abogados de Accidentes de Peatones en Florida"}]},{"@type":"WebSite","@id":"https:\/\/www.meldonlaw.com\/es\/#website","url":"https:\/\/www.meldonlaw.com\/es\/","name":"Meldon Law","description":"","potentialAction":[{"@type":"SearchAction","target":{"@type":"EntryPoint","urlTemplate":"https:\/\/www.meldonlaw.com\/es\/?s={search_term_string}"},"query-input":{"@type":"PropertyValueSpecification","valueRequired":true,"valueName":"search_term_string"}}],"inLanguage":"es"}]}},"_links":{"self":[{"href":"https:\/\/www.meldonlaw.com\/es\/wp-json\/wp\/v2\/pages\/21387","targetHints":{"allow":["GET"]}}],"collection":[{"href":"https:\/\/www.meldonlaw.com\/es\/wp-json\/wp\/v2\/pages"}],"about":[{"href":"https:\/\/www.meldonlaw.com\/es\/wp-json\/wp\/v2\/types\/page"}],"author":[{"embeddable":true,"href":"https:\/\/www.meldonlaw.com\/es\/wp-json\/wp\/v2\/users\/1"}],"replies":[{"embeddable":true,"href":"https:\/\/www.meldonlaw.com\/es\/wp-json\/wp\/v2\/comments?post=21387"}],"version-history":[{"count":0,"href":"https:\/\/www.meldonlaw.com\/es\/wp-json\/wp\/v2\/pages\/21387\/revisions"}],"up":[{"embeddable":true,"href":"https:\/\/www.meldonlaw.com\/es\/wp-json\/wp\/v2\/pages\/21344"}],"wp:featuredmedia":[{"embeddable":true,"href":"https:\/\/www.meldonlaw.com\/es\/wp-json\/wp\/v2\/media\/21388"}],"wp:attachment":[{"href":"https:\/\/www.meldonlaw.com\/es\/wp-json\/wp\/v2\/media?parent=21387"}],"curies":[{"name":"wp","href":"https:\/\/api.w.org\/{rel}","templated":true}]}}