{"id":21383,"date":"2020-11-25T01:29:35","date_gmt":"2020-11-25T09:29:35","guid":{"rendered":"https:\/\/www.meldonlaw.com\/florida\/dog-bite-lawyer\/"},"modified":"2025-12-08T03:02:27","modified_gmt":"2025-12-08T11:02:27","slug":"abogado-mordidas-perro","status":"publish","type":"page","link":"https:\/\/www.meldonlaw.com\/es\/florida\/abogado-mordidas-perro\/","title":{"rendered":"Abogados de Mordeduras de Perro en Florida"},"content":{"rendered":"<div id=\"ez-toc-container\" class=\"ez-toc-v2_0_76 counter-hierarchy ez-toc-counter ez-toc-grey ez-toc-container-direction\">\n<div class=\"ez-toc-title-container\">\n<p class=\"ez-toc-title\" style=\"cursor:inherit\">Tabla de Contenidos<\/p>\n<span class=\"ez-toc-title-toggle\"><a href=\"#\" class=\"ez-toc-pull-right ez-toc-btn ez-toc-btn-xs ez-toc-btn-default ez-toc-toggle\" aria-label=\"Alternar tabla de contenidos\"><span class=\"ez-toc-js-icon-con\"><span class=\"\"><span class=\"eztoc-hide\" style=\"display:none;\">Toggle<\/span><span class=\"ez-toc-icon-toggle-span\"><svg style=\"fill: #999;color:#999\" xmlns=\"http:\/\/www.w3.org\/2000\/svg\" class=\"list-377408\" width=\"20px\" height=\"20px\" viewBox=\"0 0 24 24\" fill=\"none\"><path d=\"M6 6H4v2h2V6zm14 0H8v2h12V6zM4 11h2v2H4v-2zm16 0H8v2h12v-2zM4 16h2v2H4v-2zm16 0H8v2h12v-2z\" fill=\"currentColor\"><\/path><\/svg><svg style=\"fill: #999;color:#999\" class=\"arrow-unsorted-368013\" xmlns=\"http:\/\/www.w3.org\/2000\/svg\" width=\"10px\" height=\"10px\" viewBox=\"0 0 24 24\" version=\"1.2\" baseProfile=\"tiny\"><path d=\"M18.2 9.3l-6.2-6.3-6.2 6.3c-.2.2-.3.4-.3.7s.1.5.3.7c.2.2.4.3.7.3h11c.3 0 .5-.1.7-.3.2-.2.3-.5.3-.7s-.1-.5-.3-.7zM5.8 14.7l6.2 6.3 6.2-6.3c.2-.2.3-.5.3-.7s-.1-.5-.3-.7c-.2-.2-.4-.3-.7-.3h-11c-.3 0-.5.1-.7.3-.2.2-.3.5-.3.7s.1.5.3.7z\"\/><\/svg><\/span><\/span><\/span><\/a><\/span><\/div>\n<nav><ul class='ez-toc-list ez-toc-list-level-1 eztoc-toggle-hide-by-default' ><li class='ez-toc-page-1 ez-toc-heading-level-2'><a class=\"ez-toc-link ez-toc-heading-1\" href=\"https:\/\/www.meldonlaw.com\/es\/florida\/abogado-mordidas-perro\/#Protegiendo_a_las_Victimas_de_Mordeduras_de_Perro_en_Florida\" >Protegiendo a las V\u00edctimas de Mordeduras de Perro en Florida<\/a><\/li><li class='ez-toc-page-1 ez-toc-heading-level-2'><a class=\"ez-toc-link ez-toc-heading-2\" href=\"https:\/\/www.meldonlaw.com\/es\/florida\/abogado-mordidas-perro\/#Ley_de_Florida\" >Ley de Florida<\/a><\/li><li class='ez-toc-page-1 ez-toc-heading-level-2'><a class=\"ez-toc-link ez-toc-heading-3\" href=\"https:\/\/www.meldonlaw.com\/es\/florida\/abogado-mordidas-perro\/#Opciones_de_Solucion\" >Opciones de Soluci\u00f3n<\/a><\/li><li class='ez-toc-page-1 ez-toc-heading-level-2'><a class=\"ez-toc-link ez-toc-heading-4\" href=\"https:\/\/www.meldonlaw.com\/es\/florida\/abogado-mordidas-perro\/#%C2%BFQue_Hago_Despues_de_una_Mordedura_de_Perro\" >\u00bfQu\u00e9 Hago Despu\u00e9s de una Mordedura de Perro?<\/a><\/li><li class='ez-toc-page-1 ez-toc-heading-level-2'><a class=\"ez-toc-link ez-toc-heading-5\" href=\"https:\/\/www.meldonlaw.com\/es\/florida\/abogado-mordidas-perro\/#%C2%BFQue_Lesiones_Resultan_de_las_Mordeduras_de_Perro\" >\u00bfQu\u00e9 Lesiones Resultan de las Mordeduras de Perro?<\/a><\/li><li class='ez-toc-page-1 ez-toc-heading-level-2'><a class=\"ez-toc-link ez-toc-heading-6\" href=\"https:\/\/www.meldonlaw.com\/es\/florida\/abogado-mordidas-perro\/#Como_Nuestros_Abogados_en_Meldon_Law_Ayudan_a_las_Victimas_de_Mordeduras_de_Perro\" >C\u00f3mo Nuestros Abogados en Meldon Law Ayudan a las V\u00edctimas de Mordeduras de Perro<\/a><\/li><\/ul><\/nav><\/div>\n<h2><span class=\"ez-toc-section\" id=\"Protegiendo_a_las_Victimas_de_Mordeduras_de_Perro_en_Florida\"><\/span>Protegiendo a las V\u00edctimas de Mordeduras de Perro en Florida<span class=\"ez-toc-section-end\"><\/span><\/h2>\n<p>Los perros son \u201cel mejor amigo de los humanos\u201d. Proporcionan a sus due\u00f1os una compa\u00f1\u00eda y un amor infinitos. Sin embargo, incluso el perro m\u00e1s leal puede causar devastadores da\u00f1os personales y extensos da\u00f1os a la propiedad. Las personas que sufren una mordedura de perro pueden terminar con heridas y gastos importantes, generalmente sin culpa suya. Si ha resultado lesionado por una mordedura de perro, nuestros\u00a0<strong>abogados de mordeduras de perro en Florida<\/strong>\u00a0en Meldon Law quieren ayudarlo discutiendo las soluciones legales que puede seguir.<\/p>\n<h2><span class=\"ez-toc-section\" id=\"Ley_de_Florida\"><\/span>Ley de Florida<span class=\"ez-toc-section-end\"><\/span><\/h2>\n<p>Seg\u00fan la ley de Florida, si un perro lo muerde, puede recuperar una compensaci\u00f3n por sus da\u00f1os incluso si el due\u00f1o del perro no sab\u00eda que el perro ten\u00eda tendencias agresivas, e incluso si el due\u00f1o no hizo nada malo. Sin embargo, si el due\u00f1o conoc\u00eda la propensi\u00f3n del perro a morder, entonces tambi\u00e9n puede tener una reclamaci\u00f3n contra el due\u00f1o del perro basada en su negligencia al no prevenir la lesi\u00f3n.<\/p>\n<h2><span class=\"ez-toc-section\" id=\"Opciones_de_Solucion\"><\/span>Opciones de Soluci\u00f3n<span class=\"ez-toc-section-end\"><\/span><\/h2>\n<p>Despu\u00e9s de una mordedura de perro, como v\u00edctima, existen algunas soluciones legales que puede seguir. Ya sea que su abogado trate de resolver las cosas directamente con el due\u00f1o del perro, o que usted decida seguir un curso de acci\u00f3n legal presentando una reclamaci\u00f3n a la compa\u00f1\u00eda de seguros de la parte responsable, un abogado experto en mordeduras de perro puede manejar cada uno de estos procesos por usted, mientras que tambi\u00e9n determina cu\u00e1l es la mejor v\u00eda de acci\u00f3n en su caso. Los accidentes por mordedura de perro son comunes independientemente del lugar donde se viva.<\/p>\n<h2><span class=\"ez-toc-section\" id=\"%C2%BFQue_Hago_Despues_de_una_Mordedura_de_Perro\"><\/span>\u00bfQu\u00e9 Hago Despu\u00e9s de una Mordedura de Perro?<span class=\"ez-toc-section-end\"><\/span><\/h2>\n<p>Los accidentes por mordedura de perro son frecuentes independientemente del sitio donde se viva. De hecho, seg\u00fan el Departamento de Salud de Florida, se reportaron 499 mordeduras de perro solo en el condado de Alachua en 2018, lo que result\u00f3 en muchas lesiones devastadoras e incluso algunas muertes. Aunque las mordeduras de perro son peligrosas y dan parte a muchos problemas, es esencial recordar que como v\u00edctima de un ataque de este tipo, usted tiene ciertos derechos, especialmente en Gainesville. Y si toma las siguientes medidas, puede ayudar a garantizar la protecci\u00f3n de sus derechos.<\/p>\n<ul>\n<li><strong>Busque atenci\u00f3n m\u00e9dica<\/strong>: Incluso si piensa que la mordedura no es extrema, es esencial buscar atenci\u00f3n m\u00e9dica. Si un m\u00e9dico le examina lo antes posible, minimizar\u00e1 el riesgo de infecci\u00f3n y de rabia, as\u00ed como de cicatrices graves. Adem\u00e1s, dejar constancia de sus heridas puede ayudar a su reclamaci\u00f3n contra la compa\u00f1\u00eda de seguros o el propietario del perro m\u00e1s adelante.<\/li>\n<li><strong>Verifique la vacunaci\u00f3n<\/strong>: Por su seguridad, si el due\u00f1o est\u00e1 presente, aseg\u00farese de comprobar si el perro tiene todas las vacunas requeridas en Gainesville. Adem\u00e1s, si es posible, trate de averiguar si el perro ha mordido a alguien previamente.<\/li>\n<li><strong>Recopile pruebas<\/strong>: despu\u00e9s de un incidente de mordedura de perro, es fundamental recopilar la mayor cantidad de pruebas posible. Tome fotos o un video de la escena de la mordedura del perro, incluidas las lesiones visibles que tenga. Si hay testigos, anote sus nombres y n\u00fameros de tel\u00e9fono para que puedan prestar declaraci\u00f3n m\u00e1s tarde, si es necesario, lo que podr\u00eda ayudar a reforzar su caso. Por \u00faltimo, llame a la polic\u00eda para presentar una denuncia y que ellos tambi\u00e9n puedan recabar informaci\u00f3n sobre el incidente.<\/li>\n<li><strong>Observe lo que dice<\/strong>: una de las conclusiones m\u00e1s importantes luego de un accidente por mordedura de perro es observar lo que dice. Tras presentar una reclamaci\u00f3n contra la aseguradora de la parte responsable, la compa\u00f1\u00eda de seguros asignada a su caso se pondr\u00e1 en contacto con usted para obtener m\u00e1s informaci\u00f3n sobre el incidente. Aunque parezca que intentan ayudar, su objetivo es ahorrarse dinero. Intentar\u00e1n obtener informaci\u00f3n que haga sonar que tiene alguna culpa del accidente, lo que les permitir\u00e1 reducir la cantidad que tienen que pagarle. Recuerde que cuando la compa\u00f1\u00eda de seguros llame, usted no tiene que discutir nada con ellos. Puede informarles de que su abogado responder\u00e1 a sus preguntas.<\/li>\n<\/ul>\n<h2><span class=\"ez-toc-section\" id=\"%C2%BFQue_Lesiones_Resultan_de_las_Mordeduras_de_Perro\"><\/span>\u00bfQu\u00e9 Lesiones Resultan de las Mordeduras de Perro?<span class=\"ez-toc-section-end\"><\/span><\/h2>\n<p>Cada lesi\u00f3n por mordedura de perro es \u00fanica. Sin embargo, algunas lesiones frecuentes por mordedura de perro incluyen:<\/p>\n<ul>\n<li>Ligamentos o m\u00fasculos rotos<\/li>\n<li>Laceraciones<\/li>\n<li>Moretones<\/li>\n<li>Desfiguraci\u00f3n facial<\/li>\n<li>Heridas graves en la carne<\/li>\n<\/ul>\n<p>Dependiendo de las circunstancias de la mordedura, es posible que deba lidiar con un tratamiento m\u00e9dico extenso, que puede incluir cirug\u00edas, rehabilitaci\u00f3n e incluso servicios de atenci\u00f3n domiciliaria. Estas lesiones pueden dar lugar a grandes facturas m\u00e9dicas, as\u00ed como a la p\u00e9rdida de salarios mientras se recupera del trabajo. Un abogado experto en mordeduras de perro puede ayudarle a reclamar el reembolso de estos gastos y la p\u00e9rdida de ingresos y asegurarse de que su indemnizaci\u00f3n cubra sus gastos futuros estimados.<\/p>\n<h2><span class=\"ez-toc-section\" id=\"Como_Nuestros_Abogados_en_Meldon_Law_Ayudan_a_las_Victimas_de_Mordeduras_de_Perro\"><\/span>C\u00f3mo Nuestros Abogados en Meldon Law Ayudan a las V\u00edctimas de Mordeduras de Perro<span class=\"ez-toc-section-end\"><\/span><\/h2>\n<p>Hay una gran idea err\u00f3nea de que los perros tienen una oportunidad de morder \u201csin consecuencias\u201d y luego si se repitiera un incidente similar estar\u00eda en problemas. Sin embargo, en Gainesville, todo propietario tiene el deber de asegurarse de que su perro no suponga un da\u00f1o inminente para nadie. Por eso, si usted ha sufrido lesiones debido a una mordedura de perro, debe llamar inmediatamente a nuestros experimentados abogados de Meldon Law, familiarizados con los litigios por mordeduras de perro, para obtener la ayuda legal que necesita. Podemos ayudarlo a determinar:<\/p>\n<ul>\n<li><strong>Da\u00f1os<\/strong>: A menudo, la compa\u00f1\u00eda de seguros y el due\u00f1o del perro no quieren admitir la culpa, o intentan pagar una compensaci\u00f3n que es significativamente menor que sus da\u00f1os. No puede correr este riesgo. Necesita un abogado que luche por usted. Buscamos los da\u00f1os que requiera para cubrir todos sus gastos y facturas m\u00e9dicas.<\/li>\n<li><strong>Qui\u00e9n asume su responsabilidad<\/strong>: En ciertos casos, m\u00e1s personas tienen la culpa de la mordedura del perro que solo el due\u00f1o del perro. Nuestros abogados investigan el accidente y le ayudan a perseguir a las personas culpables del incidente, incluyendo posiblemente al propietario, al grupo de rescate del perro, e incluso a un amigo o ex-c\u00f3nyuge que sea copropietario del perro.<\/li>\n<\/ul>\n<p>En Meldon Law, sabemos que merece justicia y luchamos para conseguirla. Si ha sufrido una mordedura de perro, queremos brindarle las respuestas y la asistencia que necesita. Con m\u00e1s de dos d\u00e9cadas de experiencia en lesiones personales, dedicaci\u00f3n y habilidad legal, luchamos por los heridos de Florida. Para hablar con uno de nuestros abogados con experiencia en mordeduras de perro en Florida, llame al\u00a0<a href=\"tel:800-684-9851\">800-684-9851<\/a>\u00a0hoy para su consulta gratuita.<\/p>\n            \n            <div class='shareThisWrapper ' style=\"text-align:center!important;\">\n                <a target='_blank' href=\"https:\/\/www.facebook.com\/sharer\/sharer.php?u=https%3A%2F%2Fwww.meldonlaw.com%2Fes%2Fflorida%2Fabogado-mordidas-perro%2F\">\n                    <img loading=\"lazy\" decoding=\"async\" src=\"\/wp-content\/themes\/meldon-law\/img\/social-media-icons\/facebook-icon.png\" alt=\"Share on Facebook\" width=\"30\" height=\"30\">\n                <\/a>\n                <a target='_blank' href=\"https:\/\/twitter.com\/intent\/tweet?url=https%3A%2F%2Fwww.meldonlaw.com%2Fes%2Fflorida%2Fabogado-mordidas-perro%2F&text=Abogados+de+Mordeduras+de+Perro+en+Florida\">\n                    <img loading=\"lazy\" decoding=\"async\" src=\"\/wp-content\/themes\/meldon-law\/img\/social-media-icons\/x-icon.png\" alt=\"Tweet this\" width=\"30\" height=\"30\">\n                <\/a>\n                <a target='_blank' href=\"https:\/\/www.linkedin.com\/shareArticle?mini=true&url=https%3A%2F%2Fwww.meldonlaw.com%2Fes%2Fflorida%2Fabogado-mordidas-perro%2F&title=Abogados+de+Mordeduras+de+Perro+en+Florida\">\n                    <img loading=\"lazy\" decoding=\"async\" src=\"\/wp-content\/themes\/meldon-law\/img\/social-media-icons\/linkedin-icon.png\" alt=\"Share on LinkedIn\" width=\"30\" height=\"30\">\n                <\/a>\n                <a target='_blank' href=\"https:\/\/pinterest.com\/pin\/create\/button\/?url=https%3A%2F%2Fwww.meldonlaw.com%2Fes%2Fflorida%2Fabogado-mordidas-perro%2F&media=https%3A%2F%2Fwww.meldonlaw.com%2Fwp-content%2Fuploads%2F2024%2F07%2FFlorida-Dog-Bite-Lawyer.jpg&description=Abogados+de+Mordeduras+de+Perro+en+Florida\">\n                    <img loading=\"lazy\" decoding=\"async\" src=\"\/wp-content\/themes\/meldon-law\/img\/social-media-icons\/pinterest-icon.png\" alt=\"Pin on Pinterest\" width=\"30\" height=\"30\">\n                <\/a>\n                <a target='_blank' href=\"https:\/\/instagram.com\">\n                    <img loading=\"lazy\" decoding=\"async\" src=\"\/wp-content\/themes\/meldon-law\/img\/social-media-icons\/instagram-icon.png\" alt=\"Visit our Instagram\" width=\"30\" height=\"30\">\n                <\/a>\n            <\/div>","protected":false},"excerpt":{"rendered":"<p>Protegiendo a las V\u00edctimas de Mordeduras de Perro en Florida Los perros son \u201cel mejor amigo de los humanos\u201d. Proporcionan a sus due\u00f1os una compa\u00f1\u00eda y un amor infinitos. Sin embargo, incluso el perro m\u00e1s leal puede causar devastadores da\u00f1os personales y extensos da\u00f1os a la propiedad. Las personas que sufren una mordedura de&#8230; <a class=\"moretag\"\n href=\"https:\/\/www.meldonlaw.com\/es\/florida\/abogado-mordidas-perro\/\">Read More<\/a><\/p>\n","protected":false},"author":1,"featured_media":21384,"parent":21344,"menu_order":6,"comment_status":"closed","ping_status":"closed","template":"","meta":{"_acf_changed":false,"inline_featured_image":false,"footnotes":""},"class_list":["post-21383","page","type-page","status-publish","has-post-thumbnail","hentry"],"acf":[],"yoast_head":"<!-- This site is optimized with the Yoast SEO plugin v25.2 - https:\/\/yoast.com\/wordpress\/plugins\/seo\/ -->\n<title>Abogado de Mordidas de Perro en Florida | Llame Hoy | Meldon Law<\/title>\n<meta name=\"description\" content=\"Las mordidas de perro pueden causar lesiones graves. Un Abogado de Mordidas de Perro en Florida puede ayudarle a buscar compensaci\u00f3n por costos m\u00e9dicos y trauma. Llame hoy para recibir ayuda.\" \/>\n<meta name=\"robots\" content=\"index, follow, max-snippet:-1, max-image-preview:large, max-video-preview:-1\" \/>\n<link rel=\"canonical\" href=\"https:\/\/www.meldonlaw.com\/es\/florida\/abogado-mordidas-perro\/\" \/>\n<meta name=\"twitter:card\" content=\"summary_large_image\" \/>\n<meta name=\"twitter:title\" content=\"Abogado de Mordidas de Perro en Florida | Llame Hoy | Meldon Law\" \/>\n<meta name=\"twitter:description\" content=\"Las mordidas de perro pueden causar lesiones graves. Un Abogado de Mordidas de Perro en Florida puede ayudarle a buscar compensaci\u00f3n por costos m\u00e9dicos y trauma. Llame hoy para recibir ayuda.\" \/>\n<meta name=\"twitter:image\" content=\"https:\/\/www.meldonlaw.com\/wp-content\/uploads\/2024\/07\/Florida-Dog-Bite-Lawyer.jpg\" \/>\n<meta name=\"twitter:label1\" content=\"Tiempo de lectura\" \/>\n\t<meta name=\"twitter:data1\" content=\"5 minutos\" \/>\n<!-- \/ Yoast SEO plugin. -->","yoast_head_json":{"title":"Abogado de Mordidas de Perro en Florida | Llame Hoy | Meldon Law","description":"Las mordidas de perro pueden causar lesiones graves. Un Abogado de Mordidas de Perro en Florida puede ayudarle a buscar compensaci\u00f3n por costos m\u00e9dicos y trauma. Llame hoy para recibir ayuda.","robots":{"index":"index","follow":"follow","max-snippet":"max-snippet:-1","max-image-preview":"max-image-preview:large","max-video-preview":"max-video-preview:-1"},"canonical":"https:\/\/www.meldonlaw.com\/es\/florida\/abogado-mordidas-perro\/","twitter_card":"summary_large_image","twitter_title":"Abogado de Mordidas de Perro en Florida | Llame Hoy | Meldon Law","twitter_description":"Las mordidas de perro pueden causar lesiones graves. Un Abogado de Mordidas de Perro en Florida puede ayudarle a buscar compensaci\u00f3n por costos m\u00e9dicos y trauma. Llame hoy para recibir ayuda.","twitter_image":"https:\/\/www.meldonlaw.com\/wp-content\/uploads\/2024\/07\/Florida-Dog-Bite-Lawyer.jpg","twitter_misc":{"Tiempo de lectura":"5 minutos"},"schema":{"@context":"https:\/\/schema.org","@graph":[{"@type":"WebPage","@id":"https:\/\/www.meldonlaw.com\/es\/florida\/abogado-mordidas-perro\/","url":"https:\/\/www.meldonlaw.com\/es\/florida\/abogado-mordidas-perro\/","name":"Abogado de Mordidas de Perro en Florida | Llame Hoy | Meldon Law","isPartOf":{"@id":"https:\/\/www.meldonlaw.com\/es\/#website"},"primaryImageOfPage":{"@id":"https:\/\/www.meldonlaw.com\/es\/florida\/abogado-mordidas-perro\/#primaryimage"},"image":{"@id":"https:\/\/www.meldonlaw.com\/es\/florida\/abogado-mordidas-perro\/#primaryimage"},"thumbnailUrl":"https:\/\/www.meldonlaw.com\/wp-content\/uploads\/2024\/07\/Florida-Dog-Bite-Lawyer.jpg","datePublished":"2020-11-25T09:29:35+00:00","dateModified":"2025-12-08T11:02:27+00:00","description":"Las mordidas de perro pueden causar lesiones graves. Un Abogado de Mordidas de Perro en Florida puede ayudarle a buscar compensaci\u00f3n por costos m\u00e9dicos y trauma. Llame hoy para recibir ayuda.","breadcrumb":{"@id":"https:\/\/www.meldonlaw.com\/es\/florida\/abogado-mordidas-perro\/#breadcrumb"},"inLanguage":"es","potentialAction":[{"@type":"ReadAction","target":["https:\/\/www.meldonlaw.com\/es\/florida\/abogado-mordidas-perro\/"]}]},{"@type":"ImageObject","inLanguage":"es","@id":"https:\/\/www.meldonlaw.com\/es\/florida\/abogado-mordidas-perro\/#primaryimage","url":"https:\/\/www.meldonlaw.com\/wp-content\/uploads\/2024\/07\/Florida-Dog-Bite-Lawyer.jpg","contentUrl":"https:\/\/www.meldonlaw.com\/wp-content\/uploads\/2024\/07\/Florida-Dog-Bite-Lawyer.jpg","width":1280,"height":720,"caption":"Florida Dog Bite Lawyer"},{"@type":"BreadcrumbList","@id":"https:\/\/www.meldonlaw.com\/es\/florida\/abogado-mordidas-perro\/#breadcrumb","itemListElement":[{"@type":"ListItem","position":1,"name":"Home","item":"https:\/\/www.meldonlaw.com\/es\/"},{"@type":"ListItem","position":2,"name":"Abogados de Lesiones Personales de Florida","item":"https:\/\/www.meldonlaw.com\/es\/florida\/"},{"@type":"ListItem","position":3,"name":"Abogados de Mordeduras de Perro en Florida"}]},{"@type":"WebSite","@id":"https:\/\/www.meldonlaw.com\/es\/#website","url":"https:\/\/www.meldonlaw.com\/es\/","name":"Meldon Law","description":"","potentialAction":[{"@type":"SearchAction","target":{"@type":"EntryPoint","urlTemplate":"https:\/\/www.meldonlaw.com\/es\/?s={search_term_string}"},"query-input":{"@type":"PropertyValueSpecification","valueRequired":true,"valueName":"search_term_string"}}],"inLanguage":"es"}]}},"_links":{"self":[{"href":"https:\/\/www.meldonlaw.com\/es\/wp-json\/wp\/v2\/pages\/21383","targetHints":{"allow":["GET"]}}],"collection":[{"href":"https:\/\/www.meldonlaw.com\/es\/wp-json\/wp\/v2\/pages"}],"about":[{"href":"https:\/\/www.meldonlaw.com\/es\/wp-json\/wp\/v2\/types\/page"}],"author":[{"embeddable":true,"href":"https:\/\/www.meldonlaw.com\/es\/wp-json\/wp\/v2\/users\/1"}],"replies":[{"embeddable":true,"href":"https:\/\/www.meldonlaw.com\/es\/wp-json\/wp\/v2\/comments?post=21383"}],"version-history":[{"count":0,"href":"https:\/\/www.meldonlaw.com\/es\/wp-json\/wp\/v2\/pages\/21383\/revisions"}],"up":[{"embeddable":true,"href":"https:\/\/www.meldonlaw.com\/es\/wp-json\/wp\/v2\/pages\/21344"}],"wp:featuredmedia":[{"embeddable":true,"href":"https:\/\/www.meldonlaw.com\/es\/wp-json\/wp\/v2\/media\/21384"}],"wp:attachment":[{"href":"https:\/\/www.meldonlaw.com\/es\/wp-json\/wp\/v2\/media?parent=21383"}],"curies":[{"name":"wp","href":"https:\/\/api.w.org\/{rel}","templated":true}]}}