{"id":21378,"date":"2020-11-25T00:48:14","date_gmt":"2020-11-25T08:48:14","guid":{"rendered":"https:\/\/www.meldonlaw.com\/florida\/bicycle-accident-lawyer\/"},"modified":"2025-12-08T02:59:09","modified_gmt":"2025-12-08T10:59:09","slug":"abogado-accidentes-bicicleta","status":"publish","type":"page","link":"https:\/\/www.meldonlaw.com\/es\/florida\/abogado-accidentes-bicicleta\/","title":{"rendered":"Abogados de Accidentes de Bicicleta en Florida"},"content":{"rendered":"<div id=\"ez-toc-container\" class=\"ez-toc-v2_0_76 counter-hierarchy ez-toc-counter ez-toc-grey ez-toc-container-direction\">\n<div class=\"ez-toc-title-container\">\n<p class=\"ez-toc-title\" style=\"cursor:inherit\">Tabla de Contenidos<\/p>\n<span class=\"ez-toc-title-toggle\"><a href=\"#\" class=\"ez-toc-pull-right ez-toc-btn ez-toc-btn-xs ez-toc-btn-default ez-toc-toggle\" aria-label=\"Alternar tabla de contenidos\"><span class=\"ez-toc-js-icon-con\"><span class=\"\"><span class=\"eztoc-hide\" style=\"display:none;\">Toggle<\/span><span class=\"ez-toc-icon-toggle-span\"><svg style=\"fill: #999;color:#999\" xmlns=\"http:\/\/www.w3.org\/2000\/svg\" class=\"list-377408\" width=\"20px\" height=\"20px\" viewBox=\"0 0 24 24\" fill=\"none\"><path d=\"M6 6H4v2h2V6zm14 0H8v2h12V6zM4 11h2v2H4v-2zm16 0H8v2h12v-2zM4 16h2v2H4v-2zm16 0H8v2h12v-2z\" fill=\"currentColor\"><\/path><\/svg><svg style=\"fill: #999;color:#999\" class=\"arrow-unsorted-368013\" xmlns=\"http:\/\/www.w3.org\/2000\/svg\" width=\"10px\" height=\"10px\" viewBox=\"0 0 24 24\" version=\"1.2\" baseProfile=\"tiny\"><path d=\"M18.2 9.3l-6.2-6.3-6.2 6.3c-.2.2-.3.4-.3.7s.1.5.3.7c.2.2.4.3.7.3h11c.3 0 .5-.1.7-.3.2-.2.3-.5.3-.7s-.1-.5-.3-.7zM5.8 14.7l6.2 6.3 6.2-6.3c.2-.2.3-.5.3-.7s-.1-.5-.3-.7c-.2-.2-.4-.3-.7-.3h-11c-.3 0-.5.1-.7.3-.2.2-.3.5-.3.7s.1.5.3.7z\"\/><\/svg><\/span><\/span><\/span><\/a><\/span><\/div>\n<nav><ul class='ez-toc-list ez-toc-list-level-1 eztoc-toggle-hide-by-default' ><li class='ez-toc-page-1 ez-toc-heading-level-2'><a class=\"ez-toc-link ez-toc-heading-1\" href=\"https:\/\/www.meldonlaw.com\/es\/florida\/abogado-accidentes-bicicleta\/#Protegiendo_a_las_Victimas_de_Accidentes_de_Bicicleta_en_Florida\" >Protegiendo a las V\u00edctimas de Accidentes de Bicicleta en Florida<\/a><\/li><li class='ez-toc-page-1 ez-toc-heading-level-2'><a class=\"ez-toc-link ez-toc-heading-2\" href=\"https:\/\/www.meldonlaw.com\/es\/florida\/abogado-accidentes-bicicleta\/#El_Costo_de_las_Lesiones_por_Accidentes_de_Bicicleta\" >El Costo de las Lesiones por Accidentes de Bicicleta<\/a><\/li><li class='ez-toc-page-1 ez-toc-heading-level-2'><a class=\"ez-toc-link ez-toc-heading-3\" href=\"https:\/\/www.meldonlaw.com\/es\/florida\/abogado-accidentes-bicicleta\/#%C2%BFQuien_es_Responsable_en_un_Accidente_de_Bicicleta\" >\u00bfQui\u00e9n es Responsable en un Accidente de Bicicleta?<\/a><\/li><li class='ez-toc-page-1 ez-toc-heading-level-2'><a class=\"ez-toc-link ez-toc-heading-4\" href=\"https:\/\/www.meldonlaw.com\/es\/florida\/abogado-accidentes-bicicleta\/#La_Importancia_de_Contratar_Al_Abogado_de_Accidentes_de_Bicicleta_Adecuado\" >La Importancia de Contratar Al Abogado de Accidentes de Bicicleta Adecuado<\/a><\/li><\/ul><\/nav><\/div>\n<h2><span class=\"ez-toc-section\" id=\"Protegiendo_a_las_Victimas_de_Accidentes_de_Bicicleta_en_Florida\"><\/span>Protegiendo a las V\u00edctimas de Accidentes de Bicicleta en Florida<span class=\"ez-toc-section-end\"><\/span><\/h2>\n<p>Muchos choques de bicicletas en Gainesville son culpa de otras partes, generalmente los conductores. Los conductores tienen reglas que deben seguir para compartir la carretera con los ciclistas, aunque muchos conductores no lo hacen. Si un conductor negligente u otra parte causa sus lesiones en un accidente de bicicleta, no debe esperar para hablar con un\u00a0<strong>abogado de accidentes de bicicleta en Florida<\/strong>\u00a0de Meldon Law.<\/p>\n<h2><span class=\"ez-toc-section\" id=\"El_Costo_de_las_Lesiones_por_Accidentes_de_Bicicleta\"><\/span>El Costo de las Lesiones por Accidentes de Bicicleta<span class=\"ez-toc-section-end\"><\/span><\/h2>\n<p>Aparte de los cascos, los ciclistas tienen poca o ninguna protecci\u00f3n contra impactos con veh\u00edculos motorizados, el pavimento u otros objetos. Esto significa que los ciclistas suelen sufrir lesiones traum\u00e1ticas graves y m\u00faltiples. Estos pueden variar desde fracturas y esguinces hasta lesiones catastr\u00f3ficas en la columna o el cerebro. Incluso con un casco, el traumatismo craneoencef\u00e1lico puede provocar lesiones cerebrales traum\u00e1ticas graves. Las p\u00e9rdidas por una lesi\u00f3n relacionada con un accidente de bicicleta pueden acumularse muy r\u00e1pidamente.<\/p>\n<h3>Gastos M\u00e9dicos<\/h3>\n<p>Gastos m\u00e9dicos por tratamiento de emergencia, hospitalizaci\u00f3n, terapia de rehabilitaci\u00f3n y m\u00e1s. Tambi\u00e9n debe considerar los costos estimados del tratamiento que necesitar\u00e1 en el futuro, ya que muchas personas requieren atenci\u00f3n m\u00e9dica continua durante a\u00f1os despu\u00e9s de un accidente de bicicleta.<\/p>\n<h3>Ingresos Perdidos<\/h3>\n<p>P\u00e9rdida de ingresos, ya que la recuperaci\u00f3n de lesiones graves hace que las personas falten al trabajo con regularidad. Las lesiones incapacitantes pueden evitar que regrese a su trabajo anterior y es posible que pierda ingresos en el futuro. Las lesiones incapacitantes pueden evitarle el volver a su trabajo previo, y usted podr\u00eda perder ganancias en el futuro.<\/p>\n<h3>P\u00e9rdidas Intangibles<\/h3>\n<p>Tambi\u00e9n son comunes las p\u00e9rdidas intangibles, que no se derivan directamente de facturas o estados financieros. En cambio, estos incluyen dolor y sufrimiento f\u00edsico y mental, discapacidades o impedimentos resultantes de la lesi\u00f3n o desfiguraci\u00f3n, entre otros. Las p\u00e9rdidas intangibles son frecuentes con lesiones graves, que son usuales en los choques de bicicletas. Debido a las abrumadoras p\u00e9rdidas que pueden resultar, los accidentes de bicicleta pueden cambiar su vida en un instante. Deber\u00e1 saber si alguien m\u00e1s puede ser responsable de sus p\u00e9rdidas, y nuestro equipo legal puede evaluar sus derechos y opciones.<\/p>\n<h2><span class=\"ez-toc-section\" id=\"%C2%BFQuien_es_Responsable_en_un_Accidente_de_Bicicleta\"><\/span>\u00bfQui\u00e9n es Responsable en un Accidente de Bicicleta?<span class=\"ez-toc-section-end\"><\/span><\/h2>\n<p>La responsabilidad por lesiones personales, como las sufridas en un accidente de bicicleta, se deriva de la negligencia. Cuando otra parte act\u00faa con negligencia y causa lesiones, esa parte debe compensar a las v\u00edctimas de lesiones por sus p\u00e9rdidas, incluidas todas las p\u00e9rdidas mencionadas anteriormente. Nuestros abogados saben c\u00f3mo examinar lo que sucedi\u00f3 en su accidente e identificar a todas las partes responsables. Algunas de las partes responsables habituales por accidentes y lesiones en bicicleta pueden incluir las siguientes.<\/p>\n<h3>Conductores<\/h3>\n<p>Los conductores negligentes suelen ser responsables de chocar con ciclistas. Las muchas formas diferentes de negligencia al volante que pueden provocar accidentes de bicicleta incluyen:<\/p>\n<ul>\n<li>Conducci\u00f3n distra\u00edda<\/li>\n<li>Conducir ebrio o drogado<\/li>\n<li>No ceder el paso<\/li>\n<li>Seguir una bicicleta demasiado de cerca<\/li>\n<li>Cortar el paso de una bicicleta con un giro a la derecha (accidentes de giro a la derecha)<\/li>\n<li>No mirar antes de abrir la puerta de un autom\u00f3vil (accidentes de colisiones contra puertas)<\/li>\n<li>Exceso de velocidad<\/li>\n<li>Pase inadecuado<\/li>\n<\/ul>\n<p>Cuando un conductor es responsable de causar un accidente de bicicleta, se aplica su cobertura de seguro y un ciclista lesionado deber\u00e1 presentar un reclamo de compensaci\u00f3n ante la compa\u00f1\u00eda de seguros adecuada. Este puede ser un proceso abrumador y es importante buscar ayuda con su reclamo de un abogado con experiencia en accidentes de bicicleta en Gainesville.<\/p>\n<h3>Compa\u00f1\u00edas<\/h3>\n<p>Las corporaciones tambi\u00e9n pueden ser responsables por accidentes de bicicleta, ya sea por negligencia o por un principio legal llamado respondeat superior. En primer lugar, los fabricantes de bicicletas pueden ser negligentes y vender bicicletas defectuosas, que pueden funcionar mal y hacer que un ciclista se estrelle. Un ciclista lesionado podr\u00eda presentar una demanda por responsabilidad del producto contra el fabricante si esta fue la causa de su accidente. Estos reclamos pueden ser muy t\u00e9cnicos y, a menudo, requieren un an\u00e1lisis de expertos, por lo que necesita la ayuda de un bufete de abogados con los recursos necesarios para manejar un reclamo por productos defectuosos.<\/p>\n<p>Las empresas tambi\u00e9n pueden ser responsables de un accidente de bicicleta si un empleado de la empresa caus\u00f3 el accidente mientras estaba en el trabajo. Por ejemplo, un trabajador de la construcci\u00f3n puede estar conduciendo un cami\u00f3n de trabajo para recoger suministros cuando se distrae y golpea al ciclista. En esta situaci\u00f3n, la empresa constructora que emple\u00f3 al trabajador puede ser considerada responsable de la negligencia del conductor. Esto tambi\u00e9n puede aplicarse a accidentes de bicicleta que involucran camiones comerciales, veh\u00edculos de viaje compartido con tarifas activas y m\u00e1s.<\/p>\n<p>Enfrentarse a una empresa en un reclamo de seguro puede ser intimidante, por lo que desea que el equipo legal adecuado est\u00e9 de su lado desde el principio.<\/p>\n<h2><span class=\"ez-toc-section\" id=\"La_Importancia_de_Contratar_Al_Abogado_de_Accidentes_de_Bicicleta_Adecuado\"><\/span>La Importancia de Contratar Al Abogado de Accidentes de Bicicleta Adecuado<span class=\"ez-toc-section-end\"><\/span><\/h2>\n<p>Es muy recomendable contratar a un abogado con experiencia en accidentes de bicicleta despu\u00e9s de un accidente de bicicleta grave. Las compa\u00f1\u00edas de seguros est\u00e1n en el negocio para ganar dinero y har\u00e1n todo lo posible para resolver su caso por la menor cantidad posible. Afortunadamente, el abogado de accidentes de bicicleta adecuado puede garantizar que la compa\u00f1\u00eda de seguros lo trate de manera justa y que cualquier acuerdo que acepte lo compense adecuadamente por todas las p\u00e9rdidas relacionadas con el accidente.<\/p>\n<p>Algunas de las formas espec\u00edficas en que un abogado de accidentes de bicicleta puede ayudarlo incluyen:<\/p>\n<ul>\n<li>Determinar si tiene un reclamo<\/li>\n<li>Evaluar sus p\u00e9rdidas y redactar una carta de demanda persuasiva<\/li>\n<li>Intentar negociar un acuerdo con la compa\u00f1\u00eda de seguros de la parte culpable.<\/li>\n<li>Presentar una demanda en su nombre<\/li>\n<\/ul>\n<p>A Meldon Law, nos enorgullece tomar todos nuestros casos de accidentes de bicicleta sobre la base de una tarifa de contingencia, lo que significa que no tendr\u00e1 que pagar nada a menos que obtengamos un acuerdo o sentencia en su nombre. De hecho, debido a que las consultas son completamente gratuitas, no tiene nada que perder y nunca tendr\u00e1 que pagar por adelantado para saber si desea contratar a nuestro equipo legal calificado. Florida tiene habitualmente la mayor cantidad de muertes relacionadas con bicicletas de todos los estados de los Estados Unidos. En Meldon Law, ayudamos a los ciclistas a buscar una compensaci\u00f3n por sus lesiones y p\u00e9rdidas importantes. Cont\u00e1ctenos o llame al (800) 684-9851 para saber c\u00f3mo nuestros abogados con experiencia en accidentes de bicicleta en Florida pueden ayudarlo.<\/p>\n            \n            <div class='shareThisWrapper ' style=\"text-align:center!important;\">\n                <a target='_blank' href=\"https:\/\/www.facebook.com\/sharer\/sharer.php?u=https%3A%2F%2Fwww.meldonlaw.com%2Fes%2Fflorida%2Fabogado-accidentes-bicicleta%2F\">\n                    <img decoding=\"async\" src=\"\/wp-content\/themes\/meldon-law\/img\/social-media-icons\/facebook-icon.png\" alt=\"Share on Facebook\" width=\"30\" height=\"30\">\n                <\/a>\n                <a target='_blank' href=\"https:\/\/twitter.com\/intent\/tweet?url=https%3A%2F%2Fwww.meldonlaw.com%2Fes%2Fflorida%2Fabogado-accidentes-bicicleta%2F&text=Abogados+de+Accidentes+de+Bicicleta+en+Florida\">\n                    <img decoding=\"async\" src=\"\/wp-content\/themes\/meldon-law\/img\/social-media-icons\/x-icon.png\" alt=\"Tweet this\" width=\"30\" height=\"30\">\n                <\/a>\n                <a target='_blank' href=\"https:\/\/www.linkedin.com\/shareArticle?mini=true&url=https%3A%2F%2Fwww.meldonlaw.com%2Fes%2Fflorida%2Fabogado-accidentes-bicicleta%2F&title=Abogados+de+Accidentes+de+Bicicleta+en+Florida\">\n                    <img decoding=\"async\" src=\"\/wp-content\/themes\/meldon-law\/img\/social-media-icons\/linkedin-icon.png\" alt=\"Share on LinkedIn\" width=\"30\" height=\"30\">\n                <\/a>\n                <a target='_blank' href=\"https:\/\/pinterest.com\/pin\/create\/button\/?url=https%3A%2F%2Fwww.meldonlaw.com%2Fes%2Fflorida%2Fabogado-accidentes-bicicleta%2F&media=&description=Abogados+de+Accidentes+de+Bicicleta+en+Florida\">\n                    <img decoding=\"async\" src=\"\/wp-content\/themes\/meldon-law\/img\/social-media-icons\/pinterest-icon.png\" alt=\"Pin on Pinterest\" width=\"30\" height=\"30\">\n                <\/a>\n                <a target='_blank' href=\"https:\/\/instagram.com\">\n                    <img decoding=\"async\" src=\"\/wp-content\/themes\/meldon-law\/img\/social-media-icons\/instagram-icon.png\" alt=\"Visit our Instagram\" width=\"30\" height=\"30\">\n                <\/a>\n            <\/div>","protected":false},"excerpt":{"rendered":"<p>Protegiendo a las V\u00edctimas de Accidentes de Bicicleta en Florida Muchos choques de bicicletas en Gainesville son culpa de otras partes, generalmente los conductores. Los conductores tienen reglas que deben seguir para compartir la carretera con los ciclistas, aunque muchos conductores no lo hacen. Si un conductor negligente u otra parte causa sus lesiones&#8230; <a class=\"moretag\"\n href=\"https:\/\/www.meldonlaw.com\/es\/florida\/abogado-accidentes-bicicleta\/\">Read More<\/a><\/p>\n","protected":false},"author":1,"featured_media":0,"parent":21344,"menu_order":3,"comment_status":"closed","ping_status":"closed","template":"","meta":{"_acf_changed":false,"inline_featured_image":false,"footnotes":""},"class_list":["post-21378","page","type-page","status-publish","hentry"],"acf":[],"yoast_head":"<!-- This site is optimized with the Yoast SEO plugin v25.2 - https:\/\/yoast.com\/wordpress\/plugins\/seo\/ -->\n<title>Abogado de Accidentes de Bicicleta en Florida | Llame Hoy | Meldon Law<\/title>\n<meta name=\"description\" content=\"Los accidentes de bicicleta pueden causar lesiones graves. Un Abogado de Accidentes de Bicicleta en Florida puede ayudarle a buscar compensaci\u00f3n por gastos m\u00e9dicos y m\u00e1s. Ll\u00e1menos hoy.\" \/>\n<meta name=\"robots\" content=\"index, follow, max-snippet:-1, max-image-preview:large, max-video-preview:-1\" \/>\n<link rel=\"canonical\" href=\"https:\/\/www.meldonlaw.com\/es\/florida\/abogado-accidentes-bicicleta\/\" \/>\n<meta name=\"twitter:card\" content=\"summary_large_image\" \/>\n<meta name=\"twitter:title\" content=\"Abogado de Accidentes de Bicicleta en Florida | Llame Hoy | Meldon Law\" \/>\n<meta name=\"twitter:description\" content=\"Los accidentes de bicicleta pueden causar lesiones graves. Un Abogado de Accidentes de Bicicleta en Florida puede ayudarle a buscar compensaci\u00f3n por gastos m\u00e9dicos y m\u00e1s. Ll\u00e1menos hoy.\" \/>\n<meta name=\"twitter:label1\" content=\"Tiempo de lectura\" \/>\n\t<meta name=\"twitter:data1\" content=\"5 minutos\" \/>\n<!-- \/ Yoast SEO plugin. -->","yoast_head_json":{"title":"Abogado de Accidentes de Bicicleta en Florida | Llame Hoy | Meldon Law","description":"Los accidentes de bicicleta pueden causar lesiones graves. Un Abogado de Accidentes de Bicicleta en Florida puede ayudarle a buscar compensaci\u00f3n por gastos m\u00e9dicos y m\u00e1s. Ll\u00e1menos hoy.","robots":{"index":"index","follow":"follow","max-snippet":"max-snippet:-1","max-image-preview":"max-image-preview:large","max-video-preview":"max-video-preview:-1"},"canonical":"https:\/\/www.meldonlaw.com\/es\/florida\/abogado-accidentes-bicicleta\/","twitter_card":"summary_large_image","twitter_title":"Abogado de Accidentes de Bicicleta en Florida | Llame Hoy | Meldon Law","twitter_description":"Los accidentes de bicicleta pueden causar lesiones graves. Un Abogado de Accidentes de Bicicleta en Florida puede ayudarle a buscar compensaci\u00f3n por gastos m\u00e9dicos y m\u00e1s. Ll\u00e1menos hoy.","twitter_misc":{"Tiempo de lectura":"5 minutos"},"schema":{"@context":"https:\/\/schema.org","@graph":[{"@type":"WebPage","@id":"https:\/\/www.meldonlaw.com\/es\/florida\/abogado-accidentes-bicicleta\/","url":"https:\/\/www.meldonlaw.com\/es\/florida\/abogado-accidentes-bicicleta\/","name":"Abogado de Accidentes de Bicicleta en Florida | Llame Hoy | Meldon Law","isPartOf":{"@id":"https:\/\/www.meldonlaw.com\/es\/#website"},"datePublished":"2020-11-25T08:48:14+00:00","dateModified":"2025-12-08T10:59:09+00:00","description":"Los accidentes de bicicleta pueden causar lesiones graves. Un Abogado de Accidentes de Bicicleta en Florida puede ayudarle a buscar compensaci\u00f3n por gastos m\u00e9dicos y m\u00e1s. Ll\u00e1menos hoy.","breadcrumb":{"@id":"https:\/\/www.meldonlaw.com\/es\/florida\/abogado-accidentes-bicicleta\/#breadcrumb"},"inLanguage":"es","potentialAction":[{"@type":"ReadAction","target":["https:\/\/www.meldonlaw.com\/es\/florida\/abogado-accidentes-bicicleta\/"]}]},{"@type":"BreadcrumbList","@id":"https:\/\/www.meldonlaw.com\/es\/florida\/abogado-accidentes-bicicleta\/#breadcrumb","itemListElement":[{"@type":"ListItem","position":1,"name":"Home","item":"https:\/\/www.meldonlaw.com\/es\/"},{"@type":"ListItem","position":2,"name":"Abogados de Lesiones Personales de Florida","item":"https:\/\/www.meldonlaw.com\/es\/florida\/"},{"@type":"ListItem","position":3,"name":"Abogados de Accidentes de Bicicleta en Florida"}]},{"@type":"WebSite","@id":"https:\/\/www.meldonlaw.com\/es\/#website","url":"https:\/\/www.meldonlaw.com\/es\/","name":"Meldon Law","description":"","potentialAction":[{"@type":"SearchAction","target":{"@type":"EntryPoint","urlTemplate":"https:\/\/www.meldonlaw.com\/es\/?s={search_term_string}"},"query-input":{"@type":"PropertyValueSpecification","valueRequired":true,"valueName":"search_term_string"}}],"inLanguage":"es"}]}},"_links":{"self":[{"href":"https:\/\/www.meldonlaw.com\/es\/wp-json\/wp\/v2\/pages\/21378","targetHints":{"allow":["GET"]}}],"collection":[{"href":"https:\/\/www.meldonlaw.com\/es\/wp-json\/wp\/v2\/pages"}],"about":[{"href":"https:\/\/www.meldonlaw.com\/es\/wp-json\/wp\/v2\/types\/page"}],"author":[{"embeddable":true,"href":"https:\/\/www.meldonlaw.com\/es\/wp-json\/wp\/v2\/users\/1"}],"replies":[{"embeddable":true,"href":"https:\/\/www.meldonlaw.com\/es\/wp-json\/wp\/v2\/comments?post=21378"}],"version-history":[{"count":0,"href":"https:\/\/www.meldonlaw.com\/es\/wp-json\/wp\/v2\/pages\/21378\/revisions"}],"up":[{"embeddable":true,"href":"https:\/\/www.meldonlaw.com\/es\/wp-json\/wp\/v2\/pages\/21344"}],"wp:attachment":[{"href":"https:\/\/www.meldonlaw.com\/es\/wp-json\/wp\/v2\/media?parent=21378"}],"curies":[{"name":"wp","href":"https:\/\/api.w.org\/{rel}","templated":true}]}}