{"id":21369,"date":"2023-10-10T13:57:50","date_gmt":"2023-10-10T20:57:50","guid":{"rendered":"https:\/\/www.meldonlaw.com\/miembro\/chris-speziok\/"},"modified":"2025-12-08T02:53:21","modified_gmt":"2025-12-08T10:53:21","slug":"chris-speziok","status":"publish","type":"page","link":"https:\/\/www.meldonlaw.com\/es\/miembro\/chris-speziok\/","title":{"rendered":"Chris Speziok"},"content":{"rendered":"<h1>Chris Speziok<\/h1>\n<p>Chris Speziok es un abogado litigante con amplia experiencia que ha manejado casos de lesiones personales en todo el estado de Florida.<\/p>\n<p>Obtuvo su licenciatura en criminolog\u00eda aqu\u00ed en la Universidad de Florida, luego asisti\u00f3 a la Facultad de Derecho de la Universidad Stetson para enfocarse en la pr\u00e1ctica de juicios. Trabaj\u00f3 como asistente legal en un bufete de lesiones personales en St. Petersburg, FL durante los tres a\u00f1os de la facultad de derecho, combinando su educaci\u00f3n con experiencia pr\u00e1ctica.<\/p>\n<p>Desde su graduaci\u00f3n, ha trabajado exclusivamente representando a v\u00edctimas en las \u00e1reas de responsabilidad de locales, accidentes automovil\u00edsticos, accidentes de camiones y casos de muerte injusta. Esto incluye enfrentamientos contra grandes aseguradoras y compa\u00f1\u00edas Fortune 500. Su pericia ha llevado a numerosos veredictos y sentencias favorables de siete cifras para sus clientes. Su arduo trabajo fue reconocido cuando fue aceptado en el Million Dollar Advocates Forum en solo su segundo a\u00f1o de pr\u00e1ctica, y ha aparecido de manera constante en la lista de SuperLawyers Rising Stars todos los a\u00f1os desde 2020. Cuando no est\u00e1 ayudando a sus clientes, Chris y su esposa, Sara Beth, est\u00e1n cuidando a sus dos corgis, cocinando algo delicioso o apoyando a los Florida Gators.<\/p>\n<h3 data-start=\"403\" data-end=\"442\">Membres\u00edas (versi\u00f3n traducida):<\/h3>\n<ul data-start=\"444\" data-end=\"585\">\n<li data-start=\"444\" data-end=\"485\">\n<p data-start=\"446\" data-end=\"485\">Asociaci\u00f3n de Justicia de Florida<\/p>\n<\/li>\n<li data-start=\"444\" data-end=\"485\">\n<p data-start=\"446\" data-end=\"485\">Asociaci\u00f3n de Justicia de Jacksonville<\/p>\n<\/li>\n<li data-start=\"533\" data-end=\"585\">\n<p data-start=\"535\" data-end=\"585\">Academia de Abogados de Accidentes de Camiones<\/p>\n<\/li>\n<\/ul>\n            \n            <div class='shareThisWrapper ' style=\"text-align:center!important;\">\n                <a target='_blank' href=\"https:\/\/www.facebook.com\/sharer\/sharer.php?u=https%3A%2F%2Fwww.meldonlaw.com%2Fes%2Fmiembro%2Fchris-speziok%2F\">\n                    <img loading=\"lazy\" decoding=\"async\" src=\"\/wp-content\/themes\/meldon-law\/img\/social-media-icons\/facebook-icon.png\" alt=\"Share on Facebook\" width=\"30\" height=\"30\">\n                <\/a>\n                <a target='_blank' href=\"https:\/\/twitter.com\/intent\/tweet?url=https%3A%2F%2Fwww.meldonlaw.com%2Fes%2Fmiembro%2Fchris-speziok%2F&text=Chris+Speziok\">\n                    <img loading=\"lazy\" decoding=\"async\" src=\"\/wp-content\/themes\/meldon-law\/img\/social-media-icons\/x-icon.png\" alt=\"Tweet this\" width=\"30\" height=\"30\">\n                <\/a>\n                <a target='_blank' href=\"https:\/\/www.linkedin.com\/shareArticle?mini=true&url=https%3A%2F%2Fwww.meldonlaw.com%2Fes%2Fmiembro%2Fchris-speziok%2F&title=Chris+Speziok\">\n                    <img loading=\"lazy\" decoding=\"async\" src=\"\/wp-content\/themes\/meldon-law\/img\/social-media-icons\/linkedin-icon.png\" alt=\"Share on LinkedIn\" width=\"30\" height=\"30\">\n                <\/a>\n                <a target='_blank' href=\"https:\/\/pinterest.com\/pin\/create\/button\/?url=https%3A%2F%2Fwww.meldonlaw.com%2Fes%2Fmiembro%2Fchris-speziok%2F&media=&description=Chris+Speziok\">\n                    <img loading=\"lazy\" decoding=\"async\" src=\"\/wp-content\/themes\/meldon-law\/img\/social-media-icons\/pinterest-icon.png\" alt=\"Pin on Pinterest\" width=\"30\" height=\"30\">\n                <\/a>\n                <a target='_blank' href=\"https:\/\/instagram.com\">\n                    <img loading=\"lazy\" decoding=\"async\" src=\"\/wp-content\/themes\/meldon-law\/img\/social-media-icons\/instagram-icon.png\" alt=\"Visit our Instagram\" width=\"30\" height=\"30\">\n                <\/a>\n            <\/div>","protected":false},"excerpt":{"rendered":"<p>Chris Speziok Chris Speziok es un abogado litigante con amplia experiencia que ha manejado casos de lesiones personales en todo el estado de Florida. Obtuvo su licenciatura en criminolog\u00eda aqu\u00ed en la Universidad de Florida, luego asisti\u00f3 a la Facultad de Derecho de la Universidad Stetson para enfocarse en la pr\u00e1ctica de juicios. Trabaj\u00f3&#8230; <a class=\"moretag\"\n href=\"https:\/\/www.meldonlaw.com\/es\/miembro\/chris-speziok\/\">Read More<\/a><\/p>\n","protected":false},"author":4,"featured_media":0,"parent":21357,"menu_order":13,"comment_status":"closed","ping_status":"closed","template":"","meta":{"_acf_changed":false,"inline_featured_image":false,"footnotes":""},"class_list":["post-21369","page","type-page","status-publish","hentry"],"acf":[],"yoast_head":"<!-- This site is optimized with the Yoast SEO plugin v25.2 - https:\/\/yoast.com\/wordpress\/plugins\/seo\/ -->\n<title>Chris Speziok Bio | Meldon Law<\/title>\n<meta name=\"description\" content=\"Chris Speziok es un abogado litigante con amplia experiencia que ha manejado casos de lesiones personales en todo el estado de Florida.\" \/>\n<meta name=\"robots\" content=\"index, follow, max-snippet:-1, max-image-preview:large, max-video-preview:-1\" \/>\n<link rel=\"canonical\" href=\"https:\/\/www.meldonlaw.com\/es\/miembro\/chris-speziok\/\" \/>\n<meta name=\"twitter:card\" content=\"summary_large_image\" \/>\n<meta name=\"twitter:title\" content=\"Chris Speziok Bio | Meldon Law\" \/>\n<meta name=\"twitter:description\" content=\"Chris Speziok es un abogado litigante con amplia experiencia que ha manejado casos de lesiones personales en todo el estado de Florida.\" \/>\n<meta name=\"twitter:label1\" content=\"Tiempo de lectura\" \/>\n\t<meta name=\"twitter:data1\" content=\"1 minuto\" \/>\n<!-- \/ Yoast SEO plugin. -->","yoast_head_json":{"title":"Chris Speziok Bio | Meldon Law","description":"Chris Speziok es un abogado litigante con amplia experiencia que ha manejado casos de lesiones personales en todo el estado de Florida.","robots":{"index":"index","follow":"follow","max-snippet":"max-snippet:-1","max-image-preview":"max-image-preview:large","max-video-preview":"max-video-preview:-1"},"canonical":"https:\/\/www.meldonlaw.com\/es\/miembro\/chris-speziok\/","twitter_card":"summary_large_image","twitter_title":"Chris Speziok Bio | Meldon Law","twitter_description":"Chris Speziok es un abogado litigante con amplia experiencia que ha manejado casos de lesiones personales en todo el estado de Florida.","twitter_misc":{"Tiempo de lectura":"1 minuto"},"schema":{"@context":"https:\/\/schema.org","@graph":[{"@type":"WebPage","@id":"https:\/\/www.meldonlaw.com\/es\/miembro\/chris-speziok\/","url":"https:\/\/www.meldonlaw.com\/es\/miembro\/chris-speziok\/","name":"Chris Speziok Bio | Meldon Law","isPartOf":{"@id":"https:\/\/www.meldonlaw.com\/es\/#website"},"datePublished":"2023-10-10T20:57:50+00:00","dateModified":"2025-12-08T10:53:21+00:00","description":"Chris Speziok es un abogado litigante con amplia experiencia que ha manejado casos de lesiones personales en todo el estado de Florida.","breadcrumb":{"@id":"https:\/\/www.meldonlaw.com\/es\/miembro\/chris-speziok\/#breadcrumb"},"inLanguage":"es","potentialAction":[{"@type":"ReadAction","target":["https:\/\/www.meldonlaw.com\/es\/miembro\/chris-speziok\/"]}]},{"@type":"BreadcrumbList","@id":"https:\/\/www.meldonlaw.com\/es\/miembro\/chris-speziok\/#breadcrumb","itemListElement":[{"@type":"ListItem","position":1,"name":"Home","item":"https:\/\/www.meldonlaw.com\/es\/"},{"@type":"ListItem","position":2,"name":"Nuestro Equipo","item":"https:\/\/www.meldonlaw.com\/es\/miembro\/"},{"@type":"ListItem","position":3,"name":"Chris Speziok"}]},{"@type":"WebSite","@id":"https:\/\/www.meldonlaw.com\/es\/#website","url":"https:\/\/www.meldonlaw.com\/es\/","name":"Meldon Law","description":"","potentialAction":[{"@type":"SearchAction","target":{"@type":"EntryPoint","urlTemplate":"https:\/\/www.meldonlaw.com\/es\/?s={search_term_string}"},"query-input":{"@type":"PropertyValueSpecification","valueRequired":true,"valueName":"search_term_string"}}],"inLanguage":"es"}]}},"_links":{"self":[{"href":"https:\/\/www.meldonlaw.com\/es\/wp-json\/wp\/v2\/pages\/21369","targetHints":{"allow":["GET"]}}],"collection":[{"href":"https:\/\/www.meldonlaw.com\/es\/wp-json\/wp\/v2\/pages"}],"about":[{"href":"https:\/\/www.meldonlaw.com\/es\/wp-json\/wp\/v2\/types\/page"}],"author":[{"embeddable":true,"href":"https:\/\/www.meldonlaw.com\/es\/wp-json\/wp\/v2\/users\/4"}],"replies":[{"embeddable":true,"href":"https:\/\/www.meldonlaw.com\/es\/wp-json\/wp\/v2\/comments?post=21369"}],"version-history":[{"count":0,"href":"https:\/\/www.meldonlaw.com\/es\/wp-json\/wp\/v2\/pages\/21369\/revisions"}],"up":[{"embeddable":true,"href":"https:\/\/www.meldonlaw.com\/es\/wp-json\/wp\/v2\/pages\/21357"}],"wp:attachment":[{"href":"https:\/\/www.meldonlaw.com\/es\/wp-json\/wp\/v2\/media?parent=21369"}],"curies":[{"name":"wp","href":"https:\/\/api.w.org\/{rel}","templated":true}]}}