{"id":21365,"date":"2025-08-05T00:35:26","date_gmt":"2025-08-05T07:35:26","guid":{"rendered":"https:\/\/www.meldonlaw.com\/miembro\/jessica-meldon-nessim\/"},"modified":"2025-12-08T02:56:19","modified_gmt":"2025-12-08T10:56:19","slug":"jessica-meldon-nessim","status":"publish","type":"page","link":"https:\/\/www.meldonlaw.com\/es\/miembro\/jessica-meldon-nessim\/","title":{"rendered":"Jessica Meldon Nessim"},"content":{"rendered":"<h1 class=\"accordion accordion-icon meet-icon active\">Jessica Meldon Nessim<\/h1>\n<div class=\"panel\">Para Jessica Meldon Nessim, el derecho no es solo una carrera: es una vocaci\u00f3n de vida para servir, proteger y luchar por lo que es correcto. Como una defensora firme de las personas perjudicadas por negligencia, Jessica aporta mucho m\u00e1s que conocimiento legal. Aporta empat\u00eda, integridad y la convicci\u00f3n inquebrantable de que cada cliente merece no solo una representaci\u00f3n excepcional, sino tambi\u00e9n dignidad, respeto y compasi\u00f3n.<\/div>\n<div class=\"panel\">\n<p>En el coraz\u00f3n de su pr\u00e1ctica existe una creencia simple pero poderosa:<br \/>\n<strong>\u201cNo es solo un caso\u2014es tu vida.\u201d<\/strong><\/p>\n<p>La vida es preciosa, y la mayor\u00eda de las personas no se dan cuenta de ello hasta que todo cambia. La misi\u00f3n de Jessica es guiar a los clientes a trav\u00e9s de algunos de los momentos m\u00e1s dif\u00edciles de sus vidas. En Meldon Law, la reconstrucci\u00f3n comienza con la recuperaci\u00f3n f\u00edsica, pero no termina ah\u00ed. Jessica entiende que la sanaci\u00f3n tambi\u00e9n debe ocurrir emocional y espiritualmente, porque el trauma deja cicatrices profundas.<\/p>\n<p>Mientras acompa\u00f1a a sus clientes en su recuperaci\u00f3n, tambi\u00e9n comienza a luchar. Lucha para garantizar que los imprudentes asuman la responsabilidad por el da\u00f1o que han causado. Lucha para asegurarse de que quienes son responsables cambien sus maneras descuidadas\u2014para que nadie m\u00e1s tenga que sufrir un da\u00f1o prevenible nuevamente.<\/p>\n<p>Nacida y criada en Gainesville, Florida, Jessica se mud\u00f3 al sur de Florida para asistir a la facultad de derecho, donde r\u00e1pidamente descubri\u00f3 su pasi\u00f3n por ayudar a las comunidades desatendidas. Comenz\u00f3 su carrera legal ejerciendo en Derecho de Inmigraci\u00f3n en Miami antes de pasar al \u00e1mbito de la defensa de pol\u00edticas p\u00fablicas a trav\u00e9s de cabildeo pol\u00edtico y trabajo en organizaciones sin fines de lucro. Este trasfondo \u00fanico le dio una visi\u00f3n amplia de la justicia\u2014y las herramientas para servir a sus clientes con creatividad, empat\u00eda y un compromiso feroz con hacer lo correcto.<\/p>\n<p>En Meldon Law, Jessica se enfoca en casos de lesiones personales, incluidos accidentes automovil\u00edsticos complejos, lesiones por resbalones y ca\u00eddas, y reclamaciones por muerte injusta. Su enfoque pr\u00e1ctico y centrado en el cliente garantiza que cada persona que representa se sienta escuchada, comprendida y totalmente apoyada de principio a fin.<\/p>\n<p>El compromiso de Jessica con el servicio va mucho m\u00e1s all\u00e1 de la sala del tribunal. Contribuye activamente a su comunidad a trav\u00e9s de roles de liderazgo en varias organizaciones de alto impacto, incluyendo:<\/p>\n<ul>\n<li><strong>Miembro Eagle de la Florida Justice Association<\/strong>, Miembro de la Junta del Women\u2019s Caucus<\/li>\n<li><strong>Jewish Federation of Miami-Dade<\/strong>, Women\u2019s Division<\/li>\n<li><strong>Friends of the Israeli Defense Forces (FIDF)<\/strong>, Women\u2019s Brigade<\/li>\n<li><strong>Jewish Lawyers Association<\/strong><\/li>\n<li><strong>American Friends of Magen David Adom<\/strong><\/li>\n<li><strong>South Florida Hatzalah<\/strong><\/li>\n<\/ul>\n<p>A trav\u00e9s de estos roles, Jessica no solo participa\u2014ella lidera. Su trabajo comunitario refleja los mismos valores fundamentales que definen su pr\u00e1ctica legal: compasi\u00f3n, fortaleza y un firme compromiso con la justicia.<\/p>\n<\/div>\n            \n            <div class='shareThisWrapper ' style=\"text-align:center!important;\">\n                <a target='_blank' href=\"https:\/\/www.facebook.com\/sharer\/sharer.php?u=https%3A%2F%2Fwww.meldonlaw.com%2Fes%2Fmiembro%2Fjessica-meldon-nessim%2F\">\n                    <img loading=\"lazy\" decoding=\"async\" src=\"\/wp-content\/themes\/meldon-law\/img\/social-media-icons\/facebook-icon.png\" alt=\"Share on Facebook\" width=\"30\" height=\"30\">\n                <\/a>\n                <a target='_blank' href=\"https:\/\/twitter.com\/intent\/tweet?url=https%3A%2F%2Fwww.meldonlaw.com%2Fes%2Fmiembro%2Fjessica-meldon-nessim%2F&text=Jessica+Meldon+Nessim\">\n                    <img loading=\"lazy\" decoding=\"async\" src=\"\/wp-content\/themes\/meldon-law\/img\/social-media-icons\/x-icon.png\" alt=\"Tweet this\" width=\"30\" height=\"30\">\n                <\/a>\n                <a target='_blank' href=\"https:\/\/www.linkedin.com\/shareArticle?mini=true&url=https%3A%2F%2Fwww.meldonlaw.com%2Fes%2Fmiembro%2Fjessica-meldon-nessim%2F&title=Jessica+Meldon+Nessim\">\n                    <img loading=\"lazy\" decoding=\"async\" src=\"\/wp-content\/themes\/meldon-law\/img\/social-media-icons\/linkedin-icon.png\" alt=\"Share on LinkedIn\" width=\"30\" height=\"30\">\n                <\/a>\n                <a target='_blank' href=\"https:\/\/pinterest.com\/pin\/create\/button\/?url=https%3A%2F%2Fwww.meldonlaw.com%2Fes%2Fmiembro%2Fjessica-meldon-nessim%2F&media=https%3A%2F%2Fwww.meldonlaw.com%2Fwp-content%2Fuploads%2F2025%2F08%2Fml_jessica-meldon-nessim.jpg&description=Jessica+Meldon+Nessim\">\n                    <img loading=\"lazy\" decoding=\"async\" src=\"\/wp-content\/themes\/meldon-law\/img\/social-media-icons\/pinterest-icon.png\" alt=\"Pin on Pinterest\" width=\"30\" height=\"30\">\n                <\/a>\n                <a target='_blank' href=\"https:\/\/instagram.com\">\n                    <img loading=\"lazy\" decoding=\"async\" src=\"\/wp-content\/themes\/meldon-law\/img\/social-media-icons\/instagram-icon.png\" alt=\"Visit our Instagram\" width=\"30\" height=\"30\">\n                <\/a>\n            <\/div>","protected":false},"excerpt":{"rendered":"<p>Jessica Meldon Nessim Para Jessica Meldon Nessim, el derecho no es solo una carrera: es una vocaci\u00f3n de vida para servir, proteger y luchar por lo que es correcto. Como una defensora firme de las personas perjudicadas por negligencia, Jessica aporta mucho m\u00e1s que conocimiento legal. Aporta empat\u00eda, integridad y la convicci\u00f3n inquebrantable de&#8230; <a class=\"moretag\"\n href=\"https:\/\/www.meldonlaw.com\/es\/miembro\/jessica-meldon-nessim\/\">Read More<\/a><\/p>\n","protected":false},"author":4,"featured_media":21366,"parent":21357,"menu_order":13,"comment_status":"closed","ping_status":"closed","template":"","meta":{"_acf_changed":false,"inline_featured_image":false,"footnotes":""},"class_list":["post-21365","page","type-page","status-publish","has-post-thumbnail","hentry"],"acf":[],"yoast_head":"<!-- This site is optimized with the Yoast SEO plugin v25.2 - https:\/\/yoast.com\/wordpress\/plugins\/seo\/ -->\n<title>Jessica Meldon Nessim Bio | Meldon Law<\/title>\n<meta name=\"description\" content=\"Como una defensora firme de las personas perjudicadas por negligencia, Jessica aporta mucho m\u00e1s que conocimiento legal.\" \/>\n<meta name=\"robots\" content=\"index, follow, max-snippet:-1, max-image-preview:large, max-video-preview:-1\" \/>\n<link rel=\"canonical\" href=\"https:\/\/www.meldonlaw.com\/es\/miembro\/jessica-meldon-nessim\/\" \/>\n<meta name=\"twitter:card\" content=\"summary_large_image\" \/>\n<meta name=\"twitter:title\" content=\"Jessica Meldon Nessim Bio | Meldon Law\" \/>\n<meta name=\"twitter:description\" content=\"Como una defensora firme de las personas perjudicadas por negligencia, Jessica aporta mucho m\u00e1s que conocimiento legal.\" \/>\n<meta name=\"twitter:image\" content=\"https:\/\/www.meldonlaw.com\/wp-content\/uploads\/2025\/08\/ml_jessica-meldon-nessim.jpg\" \/>\n<meta name=\"twitter:label1\" content=\"Tiempo de lectura\" \/>\n\t<meta name=\"twitter:data1\" content=\"3 minutos\" \/>\n<!-- \/ Yoast SEO plugin. -->","yoast_head_json":{"title":"Jessica Meldon Nessim Bio | Meldon Law","description":"Como una defensora firme de las personas perjudicadas por negligencia, Jessica aporta mucho m\u00e1s que conocimiento legal.","robots":{"index":"index","follow":"follow","max-snippet":"max-snippet:-1","max-image-preview":"max-image-preview:large","max-video-preview":"max-video-preview:-1"},"canonical":"https:\/\/www.meldonlaw.com\/es\/miembro\/jessica-meldon-nessim\/","twitter_card":"summary_large_image","twitter_title":"Jessica Meldon Nessim Bio | Meldon Law","twitter_description":"Como una defensora firme de las personas perjudicadas por negligencia, Jessica aporta mucho m\u00e1s que conocimiento legal.","twitter_image":"https:\/\/www.meldonlaw.com\/wp-content\/uploads\/2025\/08\/ml_jessica-meldon-nessim.jpg","twitter_misc":{"Tiempo de lectura":"3 minutos"},"schema":{"@context":"https:\/\/schema.org","@graph":[{"@type":"WebPage","@id":"https:\/\/www.meldonlaw.com\/es\/miembro\/jessica-meldon-nessim\/","url":"https:\/\/www.meldonlaw.com\/es\/miembro\/jessica-meldon-nessim\/","name":"Jessica Meldon Nessim Bio | Meldon Law","isPartOf":{"@id":"https:\/\/www.meldonlaw.com\/es\/#website"},"primaryImageOfPage":{"@id":"https:\/\/www.meldonlaw.com\/es\/miembro\/jessica-meldon-nessim\/#primaryimage"},"image":{"@id":"https:\/\/www.meldonlaw.com\/es\/miembro\/jessica-meldon-nessim\/#primaryimage"},"thumbnailUrl":"https:\/\/www.meldonlaw.com\/wp-content\/uploads\/2025\/08\/ml_jessica-meldon-nessim.jpg","datePublished":"2025-08-05T07:35:26+00:00","dateModified":"2025-12-08T10:56:19+00:00","description":"Como una defensora firme de las personas perjudicadas por negligencia, Jessica aporta mucho m\u00e1s que conocimiento legal.","breadcrumb":{"@id":"https:\/\/www.meldonlaw.com\/es\/miembro\/jessica-meldon-nessim\/#breadcrumb"},"inLanguage":"es","potentialAction":[{"@type":"ReadAction","target":["https:\/\/www.meldonlaw.com\/es\/miembro\/jessica-meldon-nessim\/"]}]},{"@type":"ImageObject","inLanguage":"es","@id":"https:\/\/www.meldonlaw.com\/es\/miembro\/jessica-meldon-nessim\/#primaryimage","url":"https:\/\/www.meldonlaw.com\/wp-content\/uploads\/2025\/08\/ml_jessica-meldon-nessim.jpg","contentUrl":"https:\/\/www.meldonlaw.com\/wp-content\/uploads\/2025\/08\/ml_jessica-meldon-nessim.jpg","width":500,"height":500},{"@type":"BreadcrumbList","@id":"https:\/\/www.meldonlaw.com\/es\/miembro\/jessica-meldon-nessim\/#breadcrumb","itemListElement":[{"@type":"ListItem","position":1,"name":"Home","item":"https:\/\/www.meldonlaw.com\/es\/"},{"@type":"ListItem","position":2,"name":"Nuestro Equipo","item":"https:\/\/www.meldonlaw.com\/es\/miembro\/"},{"@type":"ListItem","position":3,"name":"Jessica Meldon Nessim"}]},{"@type":"WebSite","@id":"https:\/\/www.meldonlaw.com\/es\/#website","url":"https:\/\/www.meldonlaw.com\/es\/","name":"Meldon Law","description":"","potentialAction":[{"@type":"SearchAction","target":{"@type":"EntryPoint","urlTemplate":"https:\/\/www.meldonlaw.com\/es\/?s={search_term_string}"},"query-input":{"@type":"PropertyValueSpecification","valueRequired":true,"valueName":"search_term_string"}}],"inLanguage":"es"}]}},"_links":{"self":[{"href":"https:\/\/www.meldonlaw.com\/es\/wp-json\/wp\/v2\/pages\/21365","targetHints":{"allow":["GET"]}}],"collection":[{"href":"https:\/\/www.meldonlaw.com\/es\/wp-json\/wp\/v2\/pages"}],"about":[{"href":"https:\/\/www.meldonlaw.com\/es\/wp-json\/wp\/v2\/types\/page"}],"author":[{"embeddable":true,"href":"https:\/\/www.meldonlaw.com\/es\/wp-json\/wp\/v2\/users\/4"}],"replies":[{"embeddable":true,"href":"https:\/\/www.meldonlaw.com\/es\/wp-json\/wp\/v2\/comments?post=21365"}],"version-history":[{"count":0,"href":"https:\/\/www.meldonlaw.com\/es\/wp-json\/wp\/v2\/pages\/21365\/revisions"}],"up":[{"embeddable":true,"href":"https:\/\/www.meldonlaw.com\/es\/wp-json\/wp\/v2\/pages\/21357"}],"wp:featuredmedia":[{"embeddable":true,"href":"https:\/\/www.meldonlaw.com\/es\/wp-json\/wp\/v2\/media\/21366"}],"wp:attachment":[{"href":"https:\/\/www.meldonlaw.com\/es\/wp-json\/wp\/v2\/media?parent=21365"}],"curies":[{"name":"wp","href":"https:\/\/api.w.org\/{rel}","templated":true}]}}