{"id":21364,"date":"2019-05-15T08:51:57","date_gmt":"2019-05-15T15:51:57","guid":{"rendered":"https:\/\/www.meldonlaw.com\/miembro\/carey-meldon-florida-pi-attorney\/"},"modified":"2025-12-09T01:57:56","modified_gmt":"2025-12-09T09:57:56","slug":"carey-meldon","status":"publish","type":"page","link":"https:\/\/www.meldonlaw.com\/es\/miembro\/carey-meldon\/","title":{"rendered":"Carey Meldon"},"content":{"rendered":"<div class=\"accordion accordion-icon meet-icon active\">\n<h1>Carey Meldon<\/h1>\n<\/div>\n<div class=\"panel\">\n<p>Si usted o un ser querido ha sufrido una lesi\u00f3n catastr\u00f3fica, Carey Meldon es el abogado que quiere de su lado\u2014porque para Carey, nada es m\u00e1s importante que el cliente.<\/p>\n<p>Como Socio Gerente de Meldon Law y uno de los abogados de lesiones personales m\u00e1s respetados de Florida, Carey Meldon ha construido su reputaci\u00f3n poniendo a los clientes primero\u2014ofreciendo resultados excepcionales mediante un servicio personalizado, una preparaci\u00f3n incansable y una b\u00fasqueda inquebrantable de justicia.<\/p>\n<p>El enfoque de Carey es simple: cada cliente importa. Cada historia importa. Y cada caso se trata con la urgencia, el respeto y la atenci\u00f3n que merece. Con d\u00e9cadas de experiencia en juicios, Carey ha luchado por las personas en los momentos m\u00e1s dif\u00edciles de sus vidas\u2014llevando casos de alto riesgo hasta veredicto, seleccionando m\u00e1s de 50 jurados y logrando resultados transformadores para quienes han sido devastados por la negligencia.<\/p>\n<p>Nacido y criado en Gainesville, Carey regres\u00f3 a casa despu\u00e9s de obtener su t\u00edtulo universitario del College of William and Mary\u2014donde fue atleta de la divisi\u00f3n I\u2014y su t\u00edtulo de Derecho de Stetson University College of Law. Su camino legal fue inspirado por su abuelo, Maurice Wagner, tambi\u00e9n graduado de Stetson y un abogado respetado que le entreg\u00f3 su diploma a Carey y ayud\u00f3 a inculcar los valores que hoy definen su pr\u00e1ctica.<\/p>\n<p>El compromiso de Carey con sus clientes va m\u00e1s all\u00e1 de la sala del tribunal. Forma parte de la Junta de la Florida Justice Association, donde aboga por pol\u00edticas que protegen a las v\u00edctimas de lesiones en todo el estado. Tambi\u00e9n mentoriza a j\u00f3venes abogados, lidera con integridad y es reconocido por poner a las personas por encima de las ganancias\u2014siempre.<\/p>\n<p>Lo que distingue a Carey es su firme creencia de que los clientes merecen m\u00e1s que representaci\u00f3n legal\u2014merecen un defensor. Alguien que escucha, se prepara y lucha como si fuera personal\u2014porque para Carey, siempre lo es. \u00c9l no solo ve casos; ve personas. Y cuando usted elige a Carey Meldon, no solo obtiene un abogado. Obtiene a alguien que hace de su lucha la suya\u2014porque usted es lo m\u00e1s importante.<\/p>\n<\/div>\n<div class=\"accordion accordion-icon degrees-icon\">\n<h3>Educaci\u00f3n<\/h3>\n<\/div>\n<div class=\"panel\">\n<ul>\n<li>College of William and Mary<\/li>\n<li>Stetson\u2019s College of Law<\/li>\n<li>Graduado del Programa Nacional de DUI, presentado en la Facultad de Derecho de la Universidad de Harvard, julio de 2015.<\/li>\n<\/ul>\n<\/div>\n<div class=\"accordion accordion-icon memberships-icon\">\n<h3>Membres\u00edas<\/h3>\n<\/div>\n<div class=\"panel\">\n<ul>\n<li>Miembro de la Florida Association of Criminal Defense Attorneys (FACDL)<\/li>\n<li>Miembro de la National Association of Criminal Defense Attorneys (NACDL)<\/li>\n<li>Miembro del Comit\u00e9 de Reglas de Tr\u00e1nsito de Florida<\/li>\n<li>Miembro del National College of DUI Defense (NCDD)<\/li>\n<li>Miembro de la Florida Justice Association (FJA)<\/li>\n<li>Miembro del Colegio de Abogados del Condado de Broward<\/li>\n<li>Miembro de la Asociaci\u00f3n del Colegio de Abogados del Octavo Circuito Judicial<\/li>\n<li>Expresidente de la Florida Association of Criminal Defense Attorneys (FACDL) para el Octavo Circuito Judicial<\/li>\n<li>Miembro de la Association of American Justice (AAJ)<\/li>\n<li>Miembro de la Asociaci\u00f3n de Abogados de Juicio del Condado de Broward<\/li>\n<li>Miembro del Colegio de Abogados del Estado de Florida (#18494)<\/li>\n<li>Miembro de la James C. Adkins, American Inns of Court<\/li>\n<li>Admitido en la Corte Federal del Distrito Norte de Florida \u2013 enero de 2016<\/li>\n<li>Miembro de la unidad de procesamiento de cr\u00edmenes especiales de la Fiscal\u00eda Estatal del 7.\u00ba Circuito, lo que me ha brindado amplia experiencia en sala.<\/li>\n<\/ul>\n<\/div>\n<div class=\"accordion accordion-icon lectures-icon\">\n<h3>Conferencias y Cargos<\/h3>\n<\/div>\n<div class=\"panel\">\n<ul>\n<li>Conferencista en el Seminario Lorman, \u201cFlorida DUI Update,\u201d 29 de julio de 2010.<\/li>\n<li>Conferencista en webinar del Rossdale Group, \u201cCriminal Law &amp; DUI,\u201d 11 de agosto de 2010.<\/li>\n<li>Conferencista en Pr\u00e1ctica Penal B\u00e1sica \u201cDefending DUIs\u201d, 26 de abril de 2013.<\/li>\n<li>Conferencista en Derecho Penal B\u00e1sico \u201cDefending DUI Cases\u201d \u2013 31 de octubre de 2014.<\/li>\n<li>Conferencista en Masters of DUI \u201cCase Law Update\u201d \u2013 27 de marzo de 2015.<\/li>\n<li>Conferencista en FACDL Blood Breath &amp; Tears XXII, 18 de septiembre de 2015.<\/li>\n<li>Presidente del Cap\u00edtulo Local de la Florida Association of Criminal Defense Attorneys para el Octavo Circuito Judicial, 2013.<\/li>\n<\/ul>\n<\/div>\n<div class=\"accordion accordion-icon books-icon\">\n<h3>Libros<\/h3>\n<\/div>\n<div class=\"panel\">\n<ul>\n<li><u><strong>Siete Errores que Pueden Arruinar su Caso de Accidente en Florida;<\/strong><\/u> Una gu\u00eda para v\u00edctimas de accidentes en Florida.<\/li>\n<li><u><strong>Comprando Seguro de Auto en Florida;<\/strong><\/u> Un enfoque de 3 pasos para adquirir un seguro adecuado a un precio competitivo.<\/li>\n<li><u><strong>Navegando su DUI en el Sur de Florida;<\/strong><\/u> Una gu\u00eda de DUI para el sur de Florida.<\/li>\n<\/ul>\n<\/div>\n<div class=\"accordion accordion-icon publication-icon\">\n<h3>Publicaciones<\/h3>\n<\/div>\n<div class=\"panel\"><\/div>\n<div class=\"accordion accordion-icon articles-icon\">\n<h3>Art\u00edculos<\/h3>\n<\/div>\n<div class=\"panel\">\n<p>Por favor visite la secci\u00f3n de Biblioteca del sitio para ver todos mis <a href=\"https:\/\/www.meldonlaw.com\/newsletters\/\">art\u00edculos educativos<\/a>.<\/p>\n<\/div>\n            \n            <div class='shareThisWrapper ' style=\"text-align:center!important;\">\n                <a target='_blank' href=\"https:\/\/www.facebook.com\/sharer\/sharer.php?u=https%3A%2F%2Fwww.meldonlaw.com%2Fes%2Fmiembro%2Fcarey-meldon%2F\">\n                    <img loading=\"lazy\" decoding=\"async\" src=\"\/wp-content\/themes\/meldon-law\/img\/social-media-icons\/facebook-icon.png\" alt=\"Share on Facebook\" width=\"30\" height=\"30\">\n                <\/a>\n                <a target='_blank' href=\"https:\/\/twitter.com\/intent\/tweet?url=https%3A%2F%2Fwww.meldonlaw.com%2Fes%2Fmiembro%2Fcarey-meldon%2F&text=Carey+Meldon\">\n                    <img loading=\"lazy\" decoding=\"async\" src=\"\/wp-content\/themes\/meldon-law\/img\/social-media-icons\/x-icon.png\" alt=\"Tweet this\" width=\"30\" height=\"30\">\n                <\/a>\n                <a target='_blank' href=\"https:\/\/www.linkedin.com\/shareArticle?mini=true&url=https%3A%2F%2Fwww.meldonlaw.com%2Fes%2Fmiembro%2Fcarey-meldon%2F&title=Carey+Meldon\">\n                    <img loading=\"lazy\" decoding=\"async\" src=\"\/wp-content\/themes\/meldon-law\/img\/social-media-icons\/linkedin-icon.png\" alt=\"Share on LinkedIn\" width=\"30\" height=\"30\">\n                <\/a>\n                <a target='_blank' href=\"https:\/\/pinterest.com\/pin\/create\/button\/?url=https%3A%2F%2Fwww.meldonlaw.com%2Fes%2Fmiembro%2Fcarey-meldon%2F&media=https%3A%2F%2Fwww.meldonlaw.com%2Fwp-content%2Fuploads%2F2026%2F01%2FWeb-Top-Banner_Jury-Research.png&description=Carey+Meldon\">\n                    <img loading=\"lazy\" decoding=\"async\" src=\"\/wp-content\/themes\/meldon-law\/img\/social-media-icons\/pinterest-icon.png\" alt=\"Pin on Pinterest\" width=\"30\" height=\"30\">\n                <\/a>\n                <a target='_blank' href=\"https:\/\/instagram.com\">\n                    <img loading=\"lazy\" decoding=\"async\" src=\"\/wp-content\/themes\/meldon-law\/img\/social-media-icons\/instagram-icon.png\" alt=\"Visit our Instagram\" width=\"30\" height=\"30\">\n                <\/a>\n            <\/div>","protected":false},"excerpt":{"rendered":"<p>Carey Meldon Si usted o un ser querido ha sufrido una lesi\u00f3n catastr\u00f3fica, Carey Meldon es el abogado que quiere de su lado\u2014porque para Carey, nada es m\u00e1s importante que el cliente. Como Socio Gerente de Meldon Law y uno de los abogados de lesiones personales m\u00e1s respetados de Florida, Carey Meldon ha construido&#8230; <a class=\"moretag\"\n href=\"https:\/\/www.meldonlaw.com\/es\/miembro\/carey-meldon\/\">Read More<\/a><\/p>\n","protected":false},"author":1,"featured_media":21600,"parent":21357,"menu_order":7,"comment_status":"closed","ping_status":"closed","template":"","meta":{"_acf_changed":false,"inline_featured_image":false,"footnotes":""},"class_list":["post-21364","page","type-page","status-publish","has-post-thumbnail","hentry"],"acf":[],"yoast_head":"<!-- This site is optimized with the Yoast SEO plugin v25.2 - https:\/\/yoast.com\/wordpress\/plugins\/seo\/ -->\n<title>Carey Meldon Bio | Meldon Law<\/title>\n<meta name=\"description\" content=\"Si ha resultado lesionado en un accidente en Florida, llame a Meldon Law hoy al 800-373-8000 para hablar con un abogado con experiencia. Oficinas en Gainesville, Ocala y Fort Lauderdale.\" \/>\n<meta name=\"robots\" content=\"index, follow, max-snippet:-1, max-image-preview:large, max-video-preview:-1\" \/>\n<link rel=\"canonical\" href=\"https:\/\/www.meldonlaw.com\/es\/miembro\/carey-meldon\/\" \/>\n<meta name=\"twitter:card\" content=\"summary_large_image\" \/>\n<meta name=\"twitter:title\" content=\"Carey Meldon Bio | Meldon Law\" \/>\n<meta name=\"twitter:description\" content=\"Si ha resultado lesionado en un accidente en Florida, llame a Meldon Law hoy al 800-373-8000 para hablar con un abogado con experiencia. Oficinas en Gainesville, Ocala y Fort Lauderdale.\" \/>\n<meta name=\"twitter:label1\" content=\"Tiempo de lectura\" \/>\n\t<meta name=\"twitter:data1\" content=\"4 minutos\" \/>\n<!-- \/ Yoast SEO plugin. -->","yoast_head_json":{"title":"Carey Meldon Bio | Meldon Law","description":"Si ha resultado lesionado en un accidente en Florida, llame a Meldon Law hoy al 800-373-8000 para hablar con un abogado con experiencia. Oficinas en Gainesville, Ocala y Fort Lauderdale.","robots":{"index":"index","follow":"follow","max-snippet":"max-snippet:-1","max-image-preview":"max-image-preview:large","max-video-preview":"max-video-preview:-1"},"canonical":"https:\/\/www.meldonlaw.com\/es\/miembro\/carey-meldon\/","twitter_card":"summary_large_image","twitter_title":"Carey Meldon Bio | Meldon Law","twitter_description":"Si ha resultado lesionado en un accidente en Florida, llame a Meldon Law hoy al 800-373-8000 para hablar con un abogado con experiencia. Oficinas en Gainesville, Ocala y Fort Lauderdale.","twitter_misc":{"Tiempo de lectura":"4 minutos"},"schema":{"@context":"https:\/\/schema.org","@graph":[{"@type":"WebPage","@id":"https:\/\/www.meldonlaw.com\/es\/miembro\/carey-meldon\/","url":"https:\/\/www.meldonlaw.com\/es\/miembro\/carey-meldon\/","name":"Carey Meldon Bio | Meldon Law","isPartOf":{"@id":"https:\/\/www.meldonlaw.com\/es\/#website"},"primaryImageOfPage":{"@id":"https:\/\/www.meldonlaw.com\/es\/miembro\/carey-meldon\/#primaryimage"},"image":{"@id":"https:\/\/www.meldonlaw.com\/es\/miembro\/carey-meldon\/#primaryimage"},"thumbnailUrl":"https:\/\/www.meldonlaw.com\/wp-content\/uploads\/2026\/01\/Web-Top-Banner_Jury-Research.png","datePublished":"2019-05-15T15:51:57+00:00","dateModified":"2025-12-09T09:57:56+00:00","description":"Si ha resultado lesionado en un accidente en Florida, llame a Meldon Law hoy al 800-373-8000 para hablar con un abogado con experiencia. Oficinas en Gainesville, Ocala y Fort Lauderdale.","breadcrumb":{"@id":"https:\/\/www.meldonlaw.com\/es\/miembro\/carey-meldon\/#breadcrumb"},"inLanguage":"es","potentialAction":[{"@type":"ReadAction","target":["https:\/\/www.meldonlaw.com\/es\/miembro\/carey-meldon\/"]}]},{"@type":"ImageObject","inLanguage":"es","@id":"https:\/\/www.meldonlaw.com\/es\/miembro\/carey-meldon\/#primaryimage","url":"https:\/\/www.meldonlaw.com\/wp-content\/uploads\/2026\/01\/Web-Top-Banner_Jury-Research.png","contentUrl":"https:\/\/www.meldonlaw.com\/wp-content\/uploads\/2026\/01\/Web-Top-Banner_Jury-Research.png","width":2000,"height":466},{"@type":"BreadcrumbList","@id":"https:\/\/www.meldonlaw.com\/es\/miembro\/carey-meldon\/#breadcrumb","itemListElement":[{"@type":"ListItem","position":1,"name":"Home","item":"https:\/\/www.meldonlaw.com\/es\/"},{"@type":"ListItem","position":2,"name":"Nuestro Equipo","item":"https:\/\/www.meldonlaw.com\/es\/miembro\/"},{"@type":"ListItem","position":3,"name":"Carey Meldon"}]},{"@type":"WebSite","@id":"https:\/\/www.meldonlaw.com\/es\/#website","url":"https:\/\/www.meldonlaw.com\/es\/","name":"Meldon Law","description":"","potentialAction":[{"@type":"SearchAction","target":{"@type":"EntryPoint","urlTemplate":"https:\/\/www.meldonlaw.com\/es\/?s={search_term_string}"},"query-input":{"@type":"PropertyValueSpecification","valueRequired":true,"valueName":"search_term_string"}}],"inLanguage":"es"}]}},"_links":{"self":[{"href":"https:\/\/www.meldonlaw.com\/es\/wp-json\/wp\/v2\/pages\/21364","targetHints":{"allow":["GET"]}}],"collection":[{"href":"https:\/\/www.meldonlaw.com\/es\/wp-json\/wp\/v2\/pages"}],"about":[{"href":"https:\/\/www.meldonlaw.com\/es\/wp-json\/wp\/v2\/types\/page"}],"author":[{"embeddable":true,"href":"https:\/\/www.meldonlaw.com\/es\/wp-json\/wp\/v2\/users\/1"}],"replies":[{"embeddable":true,"href":"https:\/\/www.meldonlaw.com\/es\/wp-json\/wp\/v2\/comments?post=21364"}],"version-history":[{"count":0,"href":"https:\/\/www.meldonlaw.com\/es\/wp-json\/wp\/v2\/pages\/21364\/revisions"}],"up":[{"embeddable":true,"href":"https:\/\/www.meldonlaw.com\/es\/wp-json\/wp\/v2\/pages\/21357"}],"wp:featuredmedia":[{"embeddable":true,"href":"https:\/\/www.meldonlaw.com\/es\/wp-json\/wp\/v2\/media\/21600"}],"wp:attachment":[{"href":"https:\/\/www.meldonlaw.com\/es\/wp-json\/wp\/v2\/media?parent=21364"}],"curies":[{"name":"wp","href":"https:\/\/api.w.org\/{rel}","templated":true}]}}