{"id":21357,"date":"2021-06-09T21:35:26","date_gmt":"2021-06-10T04:35:26","guid":{"rendered":"https:\/\/www.meldonlaw.com\/member\/"},"modified":"2025-12-08T02:51:05","modified_gmt":"2025-12-08T10:51:05","slug":"miembro","status":"publish","type":"page","link":"https:\/\/www.meldonlaw.com\/es\/miembro\/","title":{"rendered":"Nuestro Equipo"},"content":{"rendered":"<h1>Nuestro Equipo<\/h1>\n<p>En Meldon Law, estamos dedicados a utilizar nuestra experiencia, recursos y tiempo para luchar por la justicia para las v\u00edctimas de accidentes en todo el estado de Florida.<\/p>\n<p><strong>Somos un bufete de lesiones personales que opera en todo Florida y que es:<\/strong><\/p>\n<ul>\n<li>Lo suficientemente grande para brindar representaci\u00f3n efectiva, eficiente, de calidad y oportuna;<\/li>\n<li>Lo suficientemente peque\u00f1o para ofrecer un servicio personal, atenci\u00f3n, compasi\u00f3n y comunicaci\u00f3n oportuna.<\/li>\n<\/ul>\n<p>Conozca m\u00e1s sobre nuestros abogados y miembros del personal en las biograf\u00edas a continuaci\u00f3n. Descubra qui\u00e9nes somos y por qu\u00e9 creemos que somos \u00fanicos y uno de los mejores bufetes de lesiones personales en toda Florida.<\/p>\n<div class=\"mc_team_list\">\n<h2>Abogados<\/h2>\n<ul class='list_team'><li><a href='https:\/\/www.meldonlaw.com\/member\/carey-meldon-florida-pi-attorney\/' ><div class='cont_photo'>\n\t<img loading=\"lazy\" decoding=\"async\" src=\"https:\/\/www.meldonlaw.com\/wp-content\/themes\/meldon-law\/img\/team-page\/carey-meldon-vers2-2025.jpg\" alt=\"Carey Meldon\" width=\"250\" height=\"254\" \/><\/div><div class='element_label'><p>Carey Meldon<\/p><span>Abogado<\/span><span><em><b><\/b><\/em><\/span><\/div><\/a><\/li><li><a href='https:\/\/www.meldonlaw.com\/member\/jessica-meldon-nessim\/' ><div class='cont_photo'>\n\t<img loading=\"lazy\" decoding=\"async\" src=\"https:\/\/www.meldonlaw.com\/wp-content\/themes\/meldon-law\/img\/team-page\/jessica-meldon-vers2-2025.jpg\" alt=\"Jessica Meldon Nessim\" width=\"250\" height=\"254\" \/><\/div><div class='element_label'><p>Jessica Meldon Nessim<\/p><span>Abogada<\/span><span><em><b>Miami<\/b><\/em><\/span><\/div><\/a><\/li><li><a href='https:\/\/www.meldonlaw.com\/member\/jeffrey-meldon\/' ><div class='cont_photo'>\n\t<img loading=\"lazy\" decoding=\"async\" src=\"https:\/\/www.meldonlaw.com\/wp-content\/themes\/meldon-law\/img\/team-page\/jeffrey-meldon-vers2-2025.jpg\" alt=\"Jeffrey Meldon\" width=\"250\" height=\"254\" \/><\/div><div class='element_label'><p>Jeffrey Meldon<\/p><span>Abogado<\/span><span><em><b><\/b><\/em><\/span><\/div><\/a><\/li><li><a href='https:\/\/www.meldonlaw.com\/member\/maria-p-youngblood\/' ><div class='cont_photo'>\n\t<img loading=\"lazy\" decoding=\"async\" src=\"https:\/\/www.meldonlaw.com\/wp-content\/themes\/meldon-law\/img\/team-page\/maria-youngblood-v3.jpg\" alt=\"Maria P. Youngblood\" width=\"250\" height=\"254\" \/><\/div><div class='element_label'><p>Maria P. Youngblood<\/p><span>Abogada<\/span><span><em><b>Gainesville<\/b><\/em><\/span><\/div><\/a><\/li><li><a href='https:\/\/www.meldonlaw.com\/member\/chris-speziok\/' ><div class='cont_photo'>\n\t<img loading=\"lazy\" decoding=\"async\" src=\"https:\/\/www.meldonlaw.com\/wp-content\/themes\/meldon-law\/img\/team-page\/Chris-Speziokv1.jpg\" alt=\"Chris Speziok\" width=\"250\" height=\"254\" \/><\/div><div class='element_label'><p>Chris Speziok<\/p><span>Abogado<\/span><span><em><b>Gainesville<\/b><\/em><\/span><\/div><\/a><\/li><li><a href='https:\/\/www.meldonlaw.com\/member\/mark-pionessa\/' ><div class='cont_photo'>\n\t<img loading=\"lazy\" decoding=\"async\" src=\"https:\/\/www.meldonlaw.com\/wp-content\/themes\/meldon-law\/img\/team-page\/markp.jpg\" alt=\"Mark Pionessa\" width=\"250\" height=\"254\" \/><\/div><div class='element_label'><p>Mark Pionessa<\/p><span>Abogado<\/span><span><em><b>Lake city<\/b><\/em><\/span><\/div><\/a><\/li><li><a href='https:\/\/www.meldonlaw.com\/member\/marko-nikitovic\/' ><div class='cont_photo'>\n\t<img loading=\"lazy\" decoding=\"async\" src=\"https:\/\/www.meldonlaw.com\/wp-content\/themes\/meldon-law\/img\/team-page\/markon.jpg\" alt=\"Marko Nikitovic\" width=\"250\" height=\"254\" \/><\/div><div class='element_label'><p>Marko Nikitovic<\/p><span>Abogado<\/span><span><em><b>Gainesville<\/b><\/em><\/span><\/div><\/a><\/li><\/ul>\n<h2>Personal<\/h2>\n<ul class='list_team'><li><a href='https:\/\/www.meldonlaw.com\/member\/barbara-caswell\/' ><div class='cont_photo'>\n\t<img loading=\"lazy\" decoding=\"async\" src=\"https:\/\/www.meldonlaw.com\/wp-content\/themes\/meldon-law\/img\/team-page\/barbara-caswell-v3.jpg\" alt=\"Barbara Caswell\" width=\"250\" height=\"254\" \/><\/div><div class='element_label'><p>Barbara Caswell<\/p><span>Director de Finanzas<\/span><span><em><b>Gainesville<\/b><\/em><\/span><\/div><\/a><\/li><li><a href='https:\/\/www.meldonlaw.com\/member\/nikki-haddaway\/' ><div class='cont_photo'>\n\t<img loading=\"lazy\" decoding=\"async\" src=\"https:\/\/www.meldonlaw.com\/wp-content\/themes\/meldon-law\/img\/team-page\/nikki-haddaway-v3.jpg\" alt=\"Nikki Haddaway\" width=\"250\" height=\"254\" \/><\/div><div class='element_label'><p>Nikki Haddaway<\/p><span>Director de Operaciones Internas<\/span><span><em><b>Gainesville<\/b><\/em><\/span><\/div><\/a><\/li><li><a href='https:\/\/www.meldonlaw.com\/member\/suzanne-mills\/' ><div class='cont_photo'>\n\t<img loading=\"lazy\" decoding=\"async\" src=\"https:\/\/www.meldonlaw.com\/wp-content\/themes\/meldon-law\/img\/team-page\/Suzanne-Mills.jpg\" alt=\"Suzanne \u201cZan\u201d Mills\" width=\"250\" height=\"254\" \/><\/div><div class='element_label'><p>Suzanne \u201cZan\u201d Mills<\/p><span>Directora de Recursos Humanos<\/span><span><em><b>Gainesville<\/b><\/em><\/span><\/div><\/a><\/li><li><a href='https:\/\/www.meldonlaw.com\/member\/eira-brooks\/' ><div class='cont_photo'>\n\t<img loading=\"lazy\" decoding=\"async\" src=\"https:\/\/www.meldonlaw.com\/wp-content\/themes\/meldon-law\/img\/team-page\/Eira-Brooks.jpg\" alt=\"Eira Brooks\" width=\"250\" height=\"254\" \/><\/div><div class='element_label'><p>Eira Brooks<\/p><span>Especialista en Acuerdos<\/span><span><em><b>Gainesville<\/b><\/em><\/span><\/div><\/a><\/li><li><a href='https:\/\/www.meldonlaw.com\/member\/angel-tirado\/' ><div class='cont_photo'>\n\t<img loading=\"lazy\" decoding=\"async\" src=\"https:\/\/www.meldonlaw.com\/wp-content\/themes\/meldon-law\/img\/team-page\/angel-tirado.jpg\" alt=\"Angel Tirado\" width=\"250\" height=\"254\" \/><\/div><div class='element_label'><p>Angel Tirado<\/p><span>Director de Desarrollo Comercial<\/span><span><em><b>Ocala<\/b><\/em><\/span><\/div><\/a><\/li><li><a href='https:\/\/www.meldonlaw.com\/member\/jessica-thomason\/' ><div class='cont_photo'>\n\t<img loading=\"lazy\" decoding=\"async\" src=\"https:\/\/www.meldonlaw.com\/wp-content\/themes\/meldon-law\/img\/team-page\/jessica-thomason-v3.jpg\" alt=\"Jessica Thomason\" width=\"250\" height=\"254\" \/><\/div><div class='element_label'><p>Jessica Thomason<\/p><span>Administrador Senior de Casos<\/span><span><em><b>Gainesville<\/b><\/em><\/span><\/div><\/a><\/li><li><a href='https:\/\/www.meldonlaw.com\/member\/abbie-knight\/' ><div class='cont_photo'>\n\t<img loading=\"lazy\" decoding=\"async\" src=\"https:\/\/www.meldonlaw.com\/wp-content\/themes\/meldon-law\/img\/team-page\/abbie-knight-v3.jpg\" alt=\"Abbie Knight\" width=\"250\" height=\"254\" \/><\/div><div class='element_label'><p>Abbie Knight<\/p><span>Administrador de Casos<\/span><span><em><b>Gainesville<\/b><\/em><\/span><\/div><\/a><\/li><li><a href='https:\/\/www.meldonlaw.com\/member\/amanda-moore\/' ><div class='cont_photo'>\n\t<img loading=\"lazy\" decoding=\"async\" src=\"https:\/\/www.meldonlaw.com\/wp-content\/themes\/meldon-law\/img\/team-page\/amanda-moore.jpg\" alt=\"Amanda Moore\" width=\"250\" height=\"254\" \/><\/div><div class='element_label'><p>Amanda Moore<\/p><span>Administrador de Casos<\/span><span><em><b>Gainesville<\/b><\/em><\/span><\/div><\/a><\/li><li><a><div class='cont_photo'>\n\t<img loading=\"lazy\" decoding=\"async\" src=\"https:\/\/www.meldonlaw.com\/wp-content\/themes\/meldon-law\/img\/team-page\/sheila-roach.jpg\" alt=\"Sheila Roach\" width=\"250\" height=\"254\" \/><\/div><div class='element_label'><p>Sheila Roach<\/p><span>Administrador de Casos<\/span><span><em><b>Ocala<\/b><\/em><\/span><\/div><\/a><\/li><li><a><div class='cont_photo'>\n\t<img loading=\"lazy\" decoding=\"async\" src=\"https:\/\/www.meldonlaw.com\/wp-content\/themes\/meldon-law\/img\/team-page\/trey-rapczak.jpg\" alt=\"Trey Rapczak\" width=\"250\" height=\"254\" \/><\/div><div class='element_label'><p>Trey Rapczak<\/p><span>Administrador de Casos<\/span><span><em><b>Gainesville<\/b><\/em><\/span><\/div><\/a><\/li><li><a><div class='cont_photo'>\n\t<img loading=\"lazy\" decoding=\"async\" src=\"https:\/\/www.meldonlaw.com\/wp-content\/themes\/meldon-law\/img\/team-page\/amy-quattro.jpg\" alt=\"Amy Quattro\" width=\"250\" height=\"254\" \/><\/div><div class='element_label'><p>Amy Quattro<\/p><span>Administrador de Casos<\/span><span><em><b>Ocala<\/b><\/em><\/span><\/div><\/a><\/li><li><a href='https:\/\/www.meldonlaw.com\/member\/mandy-martin\/' ><div class='cont_photo'>\n\t<img loading=\"lazy\" decoding=\"async\" src=\"https:\/\/www.meldonlaw.com\/wp-content\/themes\/meldon-law\/img\/team-page\/mandolin-martin.jpg\" alt=\"Mandy Martin\" width=\"250\" height=\"254\" \/><\/div><div class='element_label'><p>Mandy Martin<\/p><span>Gerente del Departamento de Acuerdos<\/span><span><em><b>Gainesville<\/b><\/em><\/span><\/div><\/a><\/li><li><a href='https:\/\/www.meldonlaw.com\/member\/angela-ladino\/' ><div class='cont_photo'>\n\t<img loading=\"lazy\" decoding=\"async\" src=\"https:\/\/www.meldonlaw.com\/wp-content\/themes\/meldon-law\/img\/team-page\/Angela-Ladino.jpg\" alt=\"Angela Ladino\" width=\"250\" height=\"254\" \/><\/div><div class='element_label'><p>Angela Ladino<\/p><span>Gerente de Desarrollo Comercial<\/span><span><em><b>Gainesville<\/b><\/em><\/span><\/div><\/a><\/li><li><a href='https:\/\/www.meldonlaw.com\/member\/allyson-young\/' ><div class='cont_photo'>\n\t<img loading=\"lazy\" decoding=\"async\" src=\"https:\/\/www.meldonlaw.com\/wp-content\/themes\/meldon-law\/img\/team-page\/Allyson-Grubbs.jpg\" alt=\"Allyson Young\" width=\"250\" height=\"254\" \/><\/div><div class='element_label'><p>Allyson Young<\/p><span>Gerente de Marketing y Relaciones Comunitarias<\/span><span><em><b><\/b><\/em><\/span><\/div><\/a><\/li><li><a href='https:\/\/www.meldonlaw.com\/member\/derek-smith\/' ><div class='cont_photo'>\n\t<img loading=\"lazy\" decoding=\"async\" src=\"https:\/\/www.meldonlaw.com\/wp-content\/themes\/meldon-law\/img\/team-page\/Derek-Smith.jpg\" alt=\"Derek Smith\" width=\"250\" height=\"254\" \/><\/div><div class='element_label'><p>Derek Smith<\/p><span>Director de Tecnolog\u00eda<\/span><span><em><b><\/b><\/em><\/span><\/div><\/a><\/li><li><a><div class='cont_photo'>\n\t<img loading=\"lazy\" decoding=\"async\" src=\"https:\/\/www.meldonlaw.com\/wp-content\/themes\/meldon-law\/img\/team-page\/jeff-drew.jpg\" alt=\"Jeff Drew\" width=\"250\" height=\"254\" \/><\/div><div class='element_label'><p>Jeff Drew<\/p><span>Ingeniero de Datos de Marketing y Software<\/span><span><em><b>Gainesville<\/b><\/em><\/span><\/div><\/a><\/li><li><a href='https:\/\/www.meldonlaw.com\/member\/adam-prins\/' ><div class='cont_photo'>\n\t<img loading=\"lazy\" decoding=\"async\" src=\"https:\/\/www.meldonlaw.com\/wp-content\/themes\/meldon-law\/img\/team-page\/Adam-Prins.jpg\" alt=\"Adam Prins\" width=\"250\" height=\"254\" \/><\/div><div class='element_label'><p>Adam Prins<\/p><span>Investigador Principal \/ Especialista en Da\u00f1os a la Propiedad<\/span><span><em><b><\/b><\/em><\/span><\/div><\/a><\/li><li><a href='https:\/\/www.meldonlaw.com\/member\/amy-willison\/' ><div class='cont_photo'>\n\t<img loading=\"lazy\" decoding=\"async\" src=\"https:\/\/www.meldonlaw.com\/wp-content\/themes\/meldon-law\/img\/team-page\/amy-willison-v1.jpg\" alt=\"Amy Willison\" width=\"250\" height=\"254\" \/><\/div><div class='element_label'><p>Amy Willison<\/p><span>Especialista Senior de Admisi\u00f3n de Clientes<\/span><span><em><b><\/b><\/em><\/span><\/div><\/a><\/li><li><a href='https:\/\/www.meldonlaw.com\/member\/joanna-montgomery\/' ><div class='cont_photo'>\n\t<img loading=\"lazy\" decoding=\"async\" src=\"https:\/\/www.meldonlaw.com\/wp-content\/themes\/meldon-law\/img\/team-page\/joanna-montgomery-v2.jpg\" alt=\"Joanna Montgomery\" width=\"250\" height=\"254\" \/><\/div><div class='element_label'><p>Joanna Montgomery<\/p><span>Asistente Legal de Juicios<\/span><span><em><b>Gainesville<\/b><\/em><\/span><\/div><\/a><\/li><li><a href='https:\/\/www.meldonlaw.com\/member\/christina-frost\/' ><div class='cont_photo'>\n\t<img loading=\"lazy\" decoding=\"async\" src=\"https:\/\/www.meldonlaw.com\/wp-content\/themes\/meldon-law\/img\/team-page\/christina-frost.jpg\" alt=\"Christina Frost\" width=\"250\" height=\"254\" \/><\/div><div class='element_label'><p>Christina Frost<\/p><span>Asistente Legal de Litigios<\/span><span><em><b>Ocala<\/b><\/em><\/span><\/div><\/a><\/li><li><a href='https:\/\/www.meldonlaw.com\/member\/carolyn-mckittrick\/' ><div class='cont_photo'>\n\t<img loading=\"lazy\" decoding=\"async\" src=\"https:\/\/www.meldonlaw.com\/wp-content\/themes\/meldon-law\/img\/team-page\/carolyn-mckittrick.jpg\" alt=\"Carolyn McKittrick\" width=\"250\" height=\"254\" \/><\/div><div class='element_label'><p>Carolyn McKittrick<\/p><span>Asistente Legal de Litigios<\/span><span><em><b>Lake City<\/b><\/em><\/span><\/div><\/a><\/li><li><a href='https:\/\/www.meldonlaw.com\/member\/halley-stanley\/' ><div class='cont_photo'>\n\t<img loading=\"lazy\" decoding=\"async\" src=\"https:\/\/www.meldonlaw.com\/wp-content\/themes\/meldon-law\/img\/team-page\/halley-stanley.jpg\" alt=\"Halley Stanley\" width=\"250\" height=\"254\" \/><\/div><div class='element_label'><p>Halley Stanley<\/p><span>Especialista de Admisi\u00f3n de Clientes<\/span><span><em><b>Lake City<\/b><\/em><\/span><\/div><\/a><\/li><li><a href='https:\/\/www.meldonlaw.com\/member\/kalyner-gil\/' ><div class='cont_photo'>\n\t<img loading=\"lazy\" decoding=\"async\" src=\"https:\/\/www.meldonlaw.com\/wp-content\/themes\/meldon-law\/img\/team-page\/kalyner-gil.jpg\" alt=\"Kalyner Gil\" width=\"250\" height=\"254\" \/><\/div><div class='element_label'><p>Kalyner Gil<\/p><span>Especialista de Admisi\u00f3n de Clientes<\/span><span><em><b>Ocala<\/b><\/em><\/span><\/div><\/a><\/li><li><a href='https:\/\/www.meldonlaw.com\/member\/mollie-mcginnis\/' ><div class='cont_photo'>\n\t<img loading=\"lazy\" decoding=\"async\" src=\"https:\/\/www.meldonlaw.com\/wp-content\/themes\/meldon-law\/img\/team-page\/mollie-mcginnis.jpg\" alt=\"Mollie McGinnis\" width=\"250\" height=\"254\" \/><\/div><div class='element_label'><p>Mollie McGinnis<\/p><span>Especialista en Satisfacci\u00f3n del Cliente<\/span><span><em><b>Gainesville<\/b><\/em><\/span><\/div><\/a><\/li><li><a><div class='cont_photo'>\n\t<img loading=\"lazy\" decoding=\"async\" src=\"https:\/\/www.meldonlaw.com\/wp-content\/themes\/meldon-law\/img\/team-page\/angie-seija.jpg\" alt=\"Angie Seija\" width=\"250\" height=\"254\" \/><\/div><div class='element_label'><p>Angie Seija<\/p><span>Gerente de Desarrollo Comercial<\/span><span><em><b>Miami<\/b><\/em><\/span><\/div><\/a><\/li><li><a><div class='cont_photo'>\n\t<img loading=\"lazy\" decoding=\"async\" src=\"https:\/\/www.meldonlaw.com\/wp-content\/themes\/meldon-law\/img\/team-page\/isaac-goff.jpg\" alt=\"Isaac Goff\" width=\"250\" height=\"254\" \/><\/div><div class='element_label'><p>Isaac Goff<\/p><span>Estratega del Despacho<\/span><span><em><b>Gainesville<\/b><\/em><\/span><\/div><\/a><\/li><li><a><div class='cont_photo'>\n\t<img loading=\"lazy\" decoding=\"async\" src=\"https:\/\/www.meldonlaw.com\/wp-content\/themes\/meldon-law\/img\/team-page\/kate-stanley.jpg\" alt=\"Kate Stanley\" width=\"250\" height=\"254\" \/><\/div><div class='element_label'><p>Kate Stanley<\/p><span>Recepcionista<\/span><span><em><b>Ocala<\/b><\/em><\/span><\/div><\/a><\/li><\/ul>\n<h2>Miembros del Personal de por Vida<\/h2>\n<ul class='list_team'><li><a href='https:\/\/www.meldonlaw.com\/member\/tg-clark\/' ><div class='cont_photo'>\n\t<img loading=\"lazy\" decoding=\"async\" src=\"https:\/\/www.meldonlaw.com\/wp-content\/themes\/meldon-law\/img\/team-page\/tg-clark-v2.jpg\" alt=\"TG Clark\" width=\"250\" height=\"254\" \/><\/div><div class='element_label'><p>TG Clark<\/p><span><\/span><\/div><\/a><\/li><\/ul>\n<\/div>\n            \n            <div class='shareThisWrapper ' style=\"text-align:center!important;\">\n                <a target='_blank' href=\"https:\/\/www.facebook.com\/sharer\/sharer.php?u=https%3A%2F%2Fwww.meldonlaw.com%2Fes%2Fmiembro%2F\">\n                    <img loading=\"lazy\" decoding=\"async\" src=\"\/wp-content\/themes\/meldon-law\/img\/social-media-icons\/facebook-icon.png\" alt=\"Share on Facebook\" width=\"30\" height=\"30\">\n                <\/a>\n                <a target='_blank' href=\"https:\/\/twitter.com\/intent\/tweet?url=https%3A%2F%2Fwww.meldonlaw.com%2Fes%2Fmiembro%2F&text=Nuestro+Equipo\">\n                    <img loading=\"lazy\" decoding=\"async\" src=\"\/wp-content\/themes\/meldon-law\/img\/social-media-icons\/x-icon.png\" alt=\"Tweet this\" width=\"30\" height=\"30\">\n                <\/a>\n                <a target='_blank' href=\"https:\/\/www.linkedin.com\/shareArticle?mini=true&url=https%3A%2F%2Fwww.meldonlaw.com%2Fes%2Fmiembro%2F&title=Nuestro+Equipo\">\n                    <img loading=\"lazy\" decoding=\"async\" src=\"\/wp-content\/themes\/meldon-law\/img\/social-media-icons\/linkedin-icon.png\" alt=\"Share on LinkedIn\" width=\"30\" height=\"30\">\n                <\/a>\n                <a target='_blank' href=\"https:\/\/pinterest.com\/pin\/create\/button\/?url=https%3A%2F%2Fwww.meldonlaw.com%2Fes%2Fmiembro%2F&media=&description=Nuestro+Equipo\">\n                    <img loading=\"lazy\" decoding=\"async\" src=\"\/wp-content\/themes\/meldon-law\/img\/social-media-icons\/pinterest-icon.png\" alt=\"Pin on Pinterest\" width=\"30\" height=\"30\">\n                <\/a>\n                <a target='_blank' href=\"https:\/\/instagram.com\">\n                    <img loading=\"lazy\" decoding=\"async\" src=\"\/wp-content\/themes\/meldon-law\/img\/social-media-icons\/instagram-icon.png\" alt=\"Visit our Instagram\" width=\"30\" height=\"30\">\n                <\/a>\n            <\/div>","protected":false},"excerpt":{"rendered":"<p>Nuestro Equipo En Meldon Law, estamos dedicados a utilizar nuestra experiencia, recursos y tiempo para luchar por la justicia para las v\u00edctimas de accidentes en todo el estado de Florida. Somos un bufete de lesiones personales que opera en todo Florida y que es: Lo suficientemente grande para brindar representaci\u00f3n efectiva, eficiente, de calidad&#8230; <a class=\"moretag\"\n href=\"https:\/\/www.meldonlaw.com\/es\/miembro\/\">Read More<\/a><\/p>\n","protected":false},"author":1,"featured_media":0,"parent":0,"menu_order":90,"comment_status":"closed","ping_status":"closed","template":"templates\/full-width.php","meta":{"_acf_changed":false,"inline_featured_image":false,"footnotes":""},"class_list":["post-21357","page","type-page","status-publish","hentry"],"acf":[],"yoast_head":"<!-- This site is optimized with the Yoast SEO plugin v25.2 - https:\/\/yoast.com\/wordpress\/plugins\/seo\/ -->\n<title>Nuestro Equipo | Meldon Law<\/title>\n<meta name=\"description\" content=\"En Meldon Law, estamos dedicados a utilizar nuestra experiencia, recursos y tiempo para luchar por la justicia para las v\u00edctimas de accidentes de auto, accidentes de cami\u00f3n, responsabilidad de locales y lesiones personales.\" \/>\n<meta name=\"robots\" content=\"index, follow, max-snippet:-1, max-image-preview:large, max-video-preview:-1\" \/>\n<link rel=\"canonical\" href=\"https:\/\/www.meldonlaw.com\/es\/miembro\/\" \/>\n<meta name=\"twitter:card\" content=\"summary_large_image\" \/>\n<meta name=\"twitter:title\" content=\"Nuestro Equipo | Meldon Law\" \/>\n<meta name=\"twitter:description\" content=\"En Meldon Law, estamos dedicados a utilizar nuestra experiencia, recursos y tiempo para luchar por la justicia para las v\u00edctimas de accidentes de auto, accidentes de cami\u00f3n, responsabilidad de locales y lesiones personales.\" \/>\n<meta name=\"twitter:label1\" content=\"Tiempo de lectura\" \/>\n\t<meta name=\"twitter:data1\" content=\"1 minuto\" \/>\n<!-- \/ Yoast SEO plugin. -->","yoast_head_json":{"title":"Nuestro Equipo | Meldon Law","description":"En Meldon Law, estamos dedicados a utilizar nuestra experiencia, recursos y tiempo para luchar por la justicia para las v\u00edctimas de accidentes de auto, accidentes de cami\u00f3n, responsabilidad de locales y lesiones personales.","robots":{"index":"index","follow":"follow","max-snippet":"max-snippet:-1","max-image-preview":"max-image-preview:large","max-video-preview":"max-video-preview:-1"},"canonical":"https:\/\/www.meldonlaw.com\/es\/miembro\/","twitter_card":"summary_large_image","twitter_title":"Nuestro Equipo | Meldon Law","twitter_description":"En Meldon Law, estamos dedicados a utilizar nuestra experiencia, recursos y tiempo para luchar por la justicia para las v\u00edctimas de accidentes de auto, accidentes de cami\u00f3n, responsabilidad de locales y lesiones personales.","twitter_misc":{"Tiempo de lectura":"1 minuto"},"schema":{"@context":"https:\/\/schema.org","@graph":[{"@type":"WebPage","@id":"https:\/\/www.meldonlaw.com\/es\/miembro\/","url":"https:\/\/www.meldonlaw.com\/es\/miembro\/","name":"Nuestro Equipo | Meldon Law","isPartOf":{"@id":"https:\/\/www.meldonlaw.com\/es\/#website"},"datePublished":"2021-06-10T04:35:26+00:00","dateModified":"2025-12-08T10:51:05+00:00","description":"En Meldon Law, estamos dedicados a utilizar nuestra experiencia, recursos y tiempo para luchar por la justicia para las v\u00edctimas de accidentes de auto, accidentes de cami\u00f3n, responsabilidad de locales y lesiones personales.","breadcrumb":{"@id":"https:\/\/www.meldonlaw.com\/es\/miembro\/#breadcrumb"},"inLanguage":"es","potentialAction":[{"@type":"ReadAction","target":["https:\/\/www.meldonlaw.com\/es\/miembro\/"]}]},{"@type":"BreadcrumbList","@id":"https:\/\/www.meldonlaw.com\/es\/miembro\/#breadcrumb","itemListElement":[{"@type":"ListItem","position":1,"name":"Home","item":"https:\/\/www.meldonlaw.com\/es\/"},{"@type":"ListItem","position":2,"name":"Nuestro Equipo"}]},{"@type":"WebSite","@id":"https:\/\/www.meldonlaw.com\/es\/#website","url":"https:\/\/www.meldonlaw.com\/es\/","name":"Meldon Law","description":"","potentialAction":[{"@type":"SearchAction","target":{"@type":"EntryPoint","urlTemplate":"https:\/\/www.meldonlaw.com\/es\/?s={search_term_string}"},"query-input":{"@type":"PropertyValueSpecification","valueRequired":true,"valueName":"search_term_string"}}],"inLanguage":"es"}]}},"_links":{"self":[{"href":"https:\/\/www.meldonlaw.com\/es\/wp-json\/wp\/v2\/pages\/21357","targetHints":{"allow":["GET"]}}],"collection":[{"href":"https:\/\/www.meldonlaw.com\/es\/wp-json\/wp\/v2\/pages"}],"about":[{"href":"https:\/\/www.meldonlaw.com\/es\/wp-json\/wp\/v2\/types\/page"}],"author":[{"embeddable":true,"href":"https:\/\/www.meldonlaw.com\/es\/wp-json\/wp\/v2\/users\/1"}],"replies":[{"embeddable":true,"href":"https:\/\/www.meldonlaw.com\/es\/wp-json\/wp\/v2\/comments?post=21357"}],"version-history":[{"count":0,"href":"https:\/\/www.meldonlaw.com\/es\/wp-json\/wp\/v2\/pages\/21357\/revisions"}],"wp:attachment":[{"href":"https:\/\/www.meldonlaw.com\/es\/wp-json\/wp\/v2\/media?parent=21357"}],"curies":[{"name":"wp","href":"https:\/\/api.w.org\/{rel}","templated":true}]}}