{"id":21344,"date":"2020-11-24T18:13:31","date_gmt":"2020-11-25T02:13:31","guid":{"rendered":"https:\/\/www.meldonlaw.com\/florida\/"},"modified":"2025-12-08T02:58:38","modified_gmt":"2025-12-08T10:58:38","slug":"florida","status":"publish","type":"page","link":"https:\/\/www.meldonlaw.com\/es\/florida\/","title":{"rendered":"Abogados de Lesiones Personales de Florida"},"content":{"rendered":"<div id=\"ez-toc-container\" class=\"ez-toc-v2_0_76 counter-hierarchy ez-toc-counter ez-toc-grey ez-toc-container-direction\">\n<div class=\"ez-toc-title-container\">\n<p class=\"ez-toc-title\" style=\"cursor:inherit\">Tabla de Contenidos<\/p>\n<span class=\"ez-toc-title-toggle\"><a href=\"#\" class=\"ez-toc-pull-right ez-toc-btn ez-toc-btn-xs ez-toc-btn-default ez-toc-toggle\" aria-label=\"Alternar tabla de contenidos\"><span class=\"ez-toc-js-icon-con\"><span class=\"\"><span class=\"eztoc-hide\" style=\"display:none;\">Toggle<\/span><span class=\"ez-toc-icon-toggle-span\"><svg style=\"fill: #999;color:#999\" xmlns=\"http:\/\/www.w3.org\/2000\/svg\" class=\"list-377408\" width=\"20px\" height=\"20px\" viewBox=\"0 0 24 24\" fill=\"none\"><path d=\"M6 6H4v2h2V6zm14 0H8v2h12V6zM4 11h2v2H4v-2zm16 0H8v2h12v-2zM4 16h2v2H4v-2zm16 0H8v2h12v-2z\" fill=\"currentColor\"><\/path><\/svg><svg style=\"fill: #999;color:#999\" class=\"arrow-unsorted-368013\" xmlns=\"http:\/\/www.w3.org\/2000\/svg\" width=\"10px\" height=\"10px\" viewBox=\"0 0 24 24\" version=\"1.2\" baseProfile=\"tiny\"><path d=\"M18.2 9.3l-6.2-6.3-6.2 6.3c-.2.2-.3.4-.3.7s.1.5.3.7c.2.2.4.3.7.3h11c.3 0 .5-.1.7-.3.2-.2.3-.5.3-.7s-.1-.5-.3-.7zM5.8 14.7l6.2 6.3 6.2-6.3c.2-.2.3-.5.3-.7s-.1-.5-.3-.7c-.2-.2-.4-.3-.7-.3h-11c-.3 0-.5.1-.7.3-.2.2-.3.5-.3.7s.1.5.3.7z\"\/><\/svg><\/span><\/span><\/span><\/a><\/span><\/div>\n<nav><ul class='ez-toc-list ez-toc-list-level-1 eztoc-toggle-hide-by-default' ><li class='ez-toc-page-1 ez-toc-heading-level-2'><a class=\"ez-toc-link ez-toc-heading-1\" href=\"https:\/\/www.meldonlaw.com\/es\/florida\/#El_Tiempo_Importa\" >El Tiempo Importa<\/a><\/li><li class='ez-toc-page-1 ez-toc-heading-level-2'><a class=\"ez-toc-link ez-toc-heading-2\" href=\"https:\/\/www.meldonlaw.com\/es\/florida\/#Casos_de_Lesiones_Personales_en_Meldon_Law\" >Casos de Lesiones Personales en Meldon Law<\/a><\/li><li class='ez-toc-page-1 ez-toc-heading-level-2'><a class=\"ez-toc-link ez-toc-heading-3\" href=\"https:\/\/www.meldonlaw.com\/es\/florida\/#Accidentes_de_Vehiculos_de_Motor\" >Accidentes de Veh\u00edculos de Motor<\/a><\/li><li class='ez-toc-page-1 ez-toc-heading-level-2'><a class=\"ez-toc-link ez-toc-heading-4\" href=\"https:\/\/www.meldonlaw.com\/es\/florida\/#Otros_tipos_de_accidentes\" >Otros tipos de accidentes<\/a><\/li><li class='ez-toc-page-1 ez-toc-heading-level-2'><a class=\"ez-toc-link ez-toc-heading-5\" href=\"https:\/\/www.meldonlaw.com\/es\/florida\/#Negligencia_medica\" >Negligencia m\u00e9dica<\/a><\/li><li class='ez-toc-page-1 ez-toc-heading-level-2'><a class=\"ez-toc-link ez-toc-heading-6\" href=\"https:\/\/www.meldonlaw.com\/es\/florida\/#Los_abogados_de_lesiones_personales_de_Florida_en_Meldon_Law_luchan_por_usted\" >Los abogados de lesiones personales de Florida en Meldon Law luchan por usted<\/a><\/li><\/ul><\/nav><\/div>\n<p>Las lesiones personales en Florida resultantes de accidentes van desde cortes relativamente menores hasta lesiones de la columna vertebral o del cerebro que pueden cambiar la vida, e incluso causar la muerte. Adem\u00e1s de las consecuencias f\u00edsicas del incidente, es probable que se enfrente a cargas financieras sustanciales, como la p\u00e9rdida de salarios o las facturas m\u00e9dicas m\u00e1s all\u00e1 de lo que puede pagar.<\/p>\n<p>En Meldon Law, nuestros\u00a0<strong>abogados de lesiones personales de Florida<\/strong>\u00a0entienden el impacto que un caso de lesiones personales tiene sobre usted y sus seres queridos \u2013 f\u00edsica, mental, emocional y financieramente. Es por eso que no importa la naturaleza de su caso de lesiones personales, pondremos nuestros a\u00f1os de experiencia en litigios a trabajar para usted, luchando por usted y la justicia que se merece.<\/p>\n<h2><span class=\"ez-toc-section\" id=\"El_Tiempo_Importa\"><\/span>El Tiempo Importa<span class=\"ez-toc-section-end\"><\/span><\/h2>\n<p>Cuando haya resultado lesionado, comun\u00edquese con nosotros de inmediato. Esto le permitir\u00e1 recordar con precisi\u00f3n los detalles de su accidente y, al mismo tiempo, garantizar que podamos presentar su reclamo dentro del estatuto de limitaciones de Florida y comenzar a trabajar de inmediato en la construcci\u00f3n de su caso.<\/p>\n<h2><span class=\"ez-toc-section\" id=\"Casos_de_Lesiones_Personales_en_Meldon_Law\"><\/span>Casos de Lesiones Personales en Meldon Law<span class=\"ez-toc-section-end\"><\/span><\/h2>\n<p>El Centro para el Control y la Prevenci\u00f3n de Enfermedades (CDC) informa que alrededor de 30 millones de personas fueron a las salas de emergencia en todo Estados Unidos en 2017 para buscar tratamiento por lesiones accidentales. En 2019, hubo casi 1.9 millones de lesiones no fatales que resultaron en visitas de emergencia en Florida. Las lesiones personales accidentales pueden ocurrir de muchas formas diferentes. En muchos casos, estas lesiones son el resultado de la negligencia de otra parte, lo que significa que no actuaron con el nivel de cuidado legalmente esperado en esa situaci\u00f3n particular. En estos casos, las v\u00edctimas lesionadas tienen derecho a pedir una indemnizaci\u00f3n a la parte negligente presentando una demanda por lesiones personales. La negligencia puede ser un concepto jur\u00eddico complicado, y hay una amplia gama de actos negligentes que dan lugar a reclamaciones por lesiones personales. El tipo de pruebas necesarias para demostrar la negligencia y las cuestiones legales que pueden surgir en un caso concreto depender\u00e1n del acto espec\u00edfico que haya causado su accidente y sus lesiones. Por esta raz\u00f3n, necesita un abogado que tenga experiencia en el manejo de casos que involucren su tipo de accidente. Para servir mejor a los clientes lesionados, los abogados de Meldon Law manejan regularmente una variedad de casos de lesiones.<\/p>\n<h2><span class=\"ez-toc-section\" id=\"Accidentes_de_Vehiculos_de_Motor\"><\/span>Accidentes de Veh\u00edculos de Motor<span class=\"ez-toc-section-end\"><\/span><\/h2>\n<p>Los CDC informan que los 3 millones de personas lesionadas en accidentes automovil\u00edsticos no mortales en los Estados Unidos suman anualmente m\u00e1s de 75,000 millones de d\u00f3lares en costes de atenci\u00f3n m\u00e9dica y productividad. Cada accidente automovil\u00edstico es diferente y ocurre por diversas razones, muchas de las cuales implican a conductores negligentes. Conducir en estado de ebriedad, conducir distra\u00eddo y violar las normas de tr\u00e1fico pueden provocar lesiones por accidentes y responsabilidad legal. Los accidentes de tr\u00e1fico tambi\u00e9n pueden involucrar a diferentes tipos de veh\u00edculos, dando lugar a lesiones de diversa naturaleza y gravedad.<\/p>\n<ul>\n<li><strong>Accidentes Automovil\u00edsticos<\/strong>: cuando ha estado involucrado en un accidente automovil\u00edstico, su vida puede cambiar en un instante. Adem\u00e1s de las lesiones f\u00edsicas, los accidentes automovil\u00edsticos pueden dejarle con facturas m\u00e9dicas crecientes o p\u00e9rdida de salarios. Es por eso que usted necesita un abogado de accidentes de coche con experiencia de su lado.<\/li>\n<li><strong>Accidentes de Camiones Grandes<\/strong>: Los accidentes en los que est\u00e1n implicados semirremolques, tractores y otros grandes camiones suelen ser catastr\u00f3ficos para los implicados, y estos casos son complicados debido a todas las posibles partes y pruebas implicadas. Es esencial contar con abogados expertos en accidentes de camiones de su lado desde el primer d\u00eda.<\/li>\n<li><strong>Accidentes de Motocicleta<\/strong>: los accidentes de motocicleta con frecuencia causan lesiones sustanciales debido a la falta de protecci\u00f3n brindada a los conductores sin cinturones de seguridad, barras antivuelco o un marco de metal circundante. Si usted o un ser querido ha estado involucrado en un accidente de motocicleta, necesita un abogado que luche por usted mientras usted lucha por recuperar su salud.<\/li>\n<li><strong>Accidentes de Veh\u00edculos Todoterreno<\/strong>: si bien est\u00e1n dise\u00f1ados para la recreaci\u00f3n, no es nada divertido estar involucrado o lesionado en un accidente de ATV. Ya sea causado por un error del operador, defectos de fabricaci\u00f3n o vuelco, un accidente de ATV puede tener consecuencias devastadoras para su vida. Nuestros abogados est\u00e1n bien equipados para manejar su caso de accidente de ATV y est\u00e1n listos para brindarle la compensaci\u00f3n que se merece.<\/li>\n<li><strong>Accidentes de Peatones<\/strong>: los casos de accidentes de peatones son complejos debido a la participaci\u00f3n de las compa\u00f1\u00edas de seguros y los conductores de autom\u00f3viles, y la ley de Florida proh\u00edbe a los peatones presentar reclamos contra las compa\u00f1\u00edas de seguros de inmediato. Tener un equipo legal competente detr\u00e1s de usted lo ayudar\u00e1 a buscar cualquier recurso legal que tenga para su accidente peatonal.<\/li>\n<\/ul>\n<p>Despu\u00e9s de cualquier accidente de tr\u00e1fico en Florida, siempre debe seguir los consejos del personal m\u00e9dico de emergencia si le dicen que vaya directamente al hospital. Si puede permanecer en la escena del accidente, debe esperar a que llegue la polic\u00eda para asegurarse de que escuchen su versi\u00f3n de los hechos. Si otro conductor est\u00e1 ebrio o ha violado la ley, la polic\u00eda puede arrestar al conductor o emitir citaciones, lo que puede ayudar en su caso. Tan pronto como sepa que su salud f\u00edsica es estable luego de un accidente, su pr\u00f3xima llamada debe ser a nuestros abogados expertos en lesiones personales para determinar el mejor curso de acci\u00f3n para usted.<\/p>\n<h2><span class=\"ez-toc-section\" id=\"Otros_tipos_de_accidentes\"><\/span>Otros tipos de accidentes<span class=\"ez-toc-section-end\"><\/span><\/h2>\n<p>Por supuesto, las personas pueden resultar lesionadas en accidentes que no involucran veh\u00edculos de motor. Muchos otros tipos de accidentes ocurren porque el due\u00f1o de una propiedad fue negligente en el mantenimiento de sus instalaciones. Cuando el due\u00f1o de un negocio o de una propiedad permite condiciones inseguras o peligros, los clientes y visitantes pueden resultar heridos de las siguientes maneras.<\/p>\n<ul>\n<li><strong>Resbalones y Ca\u00eddas<\/strong>\u00a0\u2013 Tal vez se lesion\u00f3 porque un propietario conoc\u00eda un problema y lo ignor\u00f3 en lugar de arreglarlo. Cualquiera que sea la causa, usted tiene derecho a contratar a un abogado experto en resbalones y ca\u00eddas que busque una compensaci\u00f3n justa por las lesiones sufridas a causa de la imprudencia del propietario.<\/li>\n<li><strong>Mordeduras de Perro<\/strong>\u2013 Si usted o un ser querido ha resultado herido por la mordedura de un perro, es posible que sea reacio a emprender una acci\u00f3n legal si conoce al due\u00f1o del perro. Sin embargo, muchas de las indemnizaciones por casos de mordedura de perro son pagadas por asociaciones de propietarios o compa\u00f1\u00edas de seguros. A\u00fan tiene derecho a contratar a un abogado profesional en mordeduras de perro y buscar v\u00edas legales para compensarlo por las lesiones por mordedura de perro.<\/li>\n<li><strong>Lesiones cerebrales<\/strong>: una lesi\u00f3n cerebral tiene efectos devastadores y puede afectar negativamente la funci\u00f3n cognitiva por el resto de su vida. Adem\u00e1s de las facturas m\u00e9dicas por lesiones f\u00edsicas, es probable que experimente coacci\u00f3n emocional y mental y p\u00e9rdida de salarios e ingresos. Tener un abogado de lesiones cerebrales capaz de su lado que comprenda lo que est\u00e1 experimentando y luche para obtener una compensaci\u00f3n es crucial.<\/li>\n<\/ul>\n<h2><span class=\"ez-toc-section\" id=\"Negligencia_medica\"><\/span><strong>Negligencia m\u00e9dica<\/strong><span class=\"ez-toc-section-end\"><\/span><\/h2>\n<p>Otra desafortunada, pero com\u00fan causa de lesiones a los residentes de Florida es la negligencia m\u00e9dica. Si bien usted debe confiar en que su m\u00e9dico lo atender\u00e1 adecuadamente, los profesionales de la medicina com\u00fanmente cometen errores graves que resultan en lesiones innecesarias y grandes p\u00e9rdidas financieras. Algunas formas frecuentes de negligencia m\u00e9dica que manejan nuestros abogados de negligencia m\u00e9dica incluyen fallas en el diagn\u00f3stico, errores quir\u00fargicos, errores de medicaci\u00f3n, lesiones en el parto y muerte por negligencia. Probar que un error m\u00e9dico alcanz\u00f3 el nivel de negligencia puede implicar un an\u00e1lisis complejo y pruebas t\u00e9cnicas, por lo que usted necesita un abogado con experiencia en la representaci\u00f3n de v\u00edctimas de negligencia m\u00e9dica.\u00a0<strong>Los servicios enumerados anteriormente no son todo incluido y su caso puede quedar fuera de una de las categor\u00edas enumeradas. Lo alentamos a que se comunique con nuestro equipo experto para determinar si podemos ayudarlo en su situaci\u00f3n particular.<\/strong><\/p>\n<h2><span class=\"ez-toc-section\" id=\"Los_abogados_de_lesiones_personales_de_Florida_en_Meldon_Law_luchan_por_usted\"><\/span>Los abogados de lesiones personales de Florida en Meldon Law luchan por usted<span class=\"ez-toc-section-end\"><\/span><\/h2>\n<p>Cuando usted ha sido lesionado, las compa\u00f1\u00edas de seguros pueden tratar de ofrecerle un acuerdo m\u00ednimo. Los experimentados abogados de lesiones personales de Florida en Meldon Law est\u00e1n comprometidos a ayudar a las v\u00edctimas de accidentes a buscar una compensaci\u00f3n justa en los tribunales. Si ha resultado lesionado, necesita un bufete de abogados de su lado con la experiencia y los recursos necesarios para ayudarlo a recuperarse y volver a encarrilar su vida. Para conocer sus derechos legales luego de una lesi\u00f3n personal, comun\u00edquese con nuestra oficina hoy mismo para que podamos comenzar a trabajar luchando por usted y por la justicia que se merece.<\/p>\n            \n            <div class='shareThisWrapper ' style=\"text-align:center!important;\">\n                <a target='_blank' href=\"https:\/\/www.facebook.com\/sharer\/sharer.php?u=https%3A%2F%2Fwww.meldonlaw.com%2Fes%2Fflorida%2F\">\n                    <img loading=\"lazy\" decoding=\"async\" src=\"\/wp-content\/themes\/meldon-law\/img\/social-media-icons\/facebook-icon.png\" alt=\"Share on Facebook\" width=\"30\" height=\"30\">\n                <\/a>\n                <a target='_blank' href=\"https:\/\/twitter.com\/intent\/tweet?url=https%3A%2F%2Fwww.meldonlaw.com%2Fes%2Fflorida%2F&text=Abogados+de+Lesiones+Personales+de+Florida\">\n                    <img loading=\"lazy\" decoding=\"async\" src=\"\/wp-content\/themes\/meldon-law\/img\/social-media-icons\/x-icon.png\" alt=\"Tweet this\" width=\"30\" height=\"30\">\n                <\/a>\n                <a target='_blank' href=\"https:\/\/www.linkedin.com\/shareArticle?mini=true&url=https%3A%2F%2Fwww.meldonlaw.com%2Fes%2Fflorida%2F&title=Abogados+de+Lesiones+Personales+de+Florida\">\n                    <img loading=\"lazy\" decoding=\"async\" src=\"\/wp-content\/themes\/meldon-law\/img\/social-media-icons\/linkedin-icon.png\" alt=\"Share on LinkedIn\" width=\"30\" height=\"30\">\n                <\/a>\n                <a target='_blank' href=\"https:\/\/pinterest.com\/pin\/create\/button\/?url=https%3A%2F%2Fwww.meldonlaw.com%2Fes%2Fflorida%2F&media=&description=Abogados+de+Lesiones+Personales+de+Florida\">\n                    <img loading=\"lazy\" decoding=\"async\" src=\"\/wp-content\/themes\/meldon-law\/img\/social-media-icons\/pinterest-icon.png\" alt=\"Pin on Pinterest\" width=\"30\" height=\"30\">\n                <\/a>\n                <a target='_blank' href=\"https:\/\/instagram.com\">\n                    <img loading=\"lazy\" decoding=\"async\" src=\"\/wp-content\/themes\/meldon-law\/img\/social-media-icons\/instagram-icon.png\" alt=\"Visit our Instagram\" width=\"30\" height=\"30\">\n                <\/a>\n            <\/div>","protected":false},"excerpt":{"rendered":"<p>Las lesiones personales en Florida resultantes de accidentes van desde cortes relativamente menores hasta lesiones de la columna vertebral o del cerebro que pueden cambiar la vida, e incluso causar la muerte. Adem\u00e1s de las consecuencias f\u00edsicas del incidente, es probable que se enfrente a cargas financieras sustanciales, como la p\u00e9rdida de salarios o&#8230; <a class=\"moretag\"\n href=\"https:\/\/www.meldonlaw.com\/es\/florida\/\">Read More<\/a><\/p>\n","protected":false},"author":1,"featured_media":0,"parent":0,"menu_order":333,"comment_status":"closed","ping_status":"closed","template":"","meta":{"_acf_changed":false,"inline_featured_image":false,"footnotes":""},"class_list":["post-21344","page","type-page","status-publish","hentry"],"acf":[],"yoast_head":"<!-- This site is optimized with the Yoast SEO plugin v25.2 - https:\/\/yoast.com\/wordpress\/plugins\/seo\/ -->\n<title>Abogado de Lesiones Personales en Florida | Llame 24\/7 | Meldon Law<\/title>\n<meta name=\"description\" content=\"Lesionado por negligencia? Un abogado de lesiones personales en Florida est\u00e1 disponible 24\/7 para defender sus derechos y buscar compensaci\u00f3n. Cont\u00e1ctenos ahora para recibir ayuda.\" \/>\n<meta name=\"robots\" content=\"index, follow, max-snippet:-1, max-image-preview:large, max-video-preview:-1\" \/>\n<link rel=\"canonical\" href=\"https:\/\/www.meldonlaw.com\/es\/florida\/\" \/>\n<meta name=\"twitter:card\" content=\"summary_large_image\" \/>\n<meta name=\"twitter:title\" content=\"Abogado de Lesiones Personales en Florida | Llame 24\/7 | Meldon Law\" \/>\n<meta name=\"twitter:description\" content=\"Lesionado por negligencia? Un abogado de lesiones personales en Florida est\u00e1 disponible 24\/7 para defender sus derechos y buscar compensaci\u00f3n. Cont\u00e1ctenos ahora para recibir ayuda.\" \/>\n<meta name=\"twitter:label1\" content=\"Tiempo de lectura\" \/>\n\t<meta name=\"twitter:data1\" content=\"7 minutos\" \/>\n<!-- \/ Yoast SEO plugin. -->","yoast_head_json":{"title":"Abogado de Lesiones Personales en Florida | Llame 24\/7 | Meldon Law","description":"Lesionado por negligencia? Un abogado de lesiones personales en Florida est\u00e1 disponible 24\/7 para defender sus derechos y buscar compensaci\u00f3n. Cont\u00e1ctenos ahora para recibir ayuda.","robots":{"index":"index","follow":"follow","max-snippet":"max-snippet:-1","max-image-preview":"max-image-preview:large","max-video-preview":"max-video-preview:-1"},"canonical":"https:\/\/www.meldonlaw.com\/es\/florida\/","twitter_card":"summary_large_image","twitter_title":"Abogado de Lesiones Personales en Florida | Llame 24\/7 | Meldon Law","twitter_description":"Lesionado por negligencia? Un abogado de lesiones personales en Florida est\u00e1 disponible 24\/7 para defender sus derechos y buscar compensaci\u00f3n. Cont\u00e1ctenos ahora para recibir ayuda.","twitter_misc":{"Tiempo de lectura":"7 minutos"},"schema":{"@context":"https:\/\/schema.org","@graph":[{"@type":"WebPage","@id":"https:\/\/www.meldonlaw.com\/es\/florida\/","url":"https:\/\/www.meldonlaw.com\/es\/florida\/","name":"Abogado de Lesiones Personales en Florida | Llame 24\/7 | Meldon Law","isPartOf":{"@id":"https:\/\/www.meldonlaw.com\/es\/#website"},"datePublished":"2020-11-25T02:13:31+00:00","dateModified":"2025-12-08T10:58:38+00:00","description":"Lesionado por negligencia? Un abogado de lesiones personales en Florida est\u00e1 disponible 24\/7 para defender sus derechos y buscar compensaci\u00f3n. Cont\u00e1ctenos ahora para recibir ayuda.","breadcrumb":{"@id":"https:\/\/www.meldonlaw.com\/es\/florida\/#breadcrumb"},"inLanguage":"es","potentialAction":[{"@type":"ReadAction","target":["https:\/\/www.meldonlaw.com\/es\/florida\/"]}]},{"@type":"BreadcrumbList","@id":"https:\/\/www.meldonlaw.com\/es\/florida\/#breadcrumb","itemListElement":[{"@type":"ListItem","position":1,"name":"Home","item":"https:\/\/www.meldonlaw.com\/es\/"},{"@type":"ListItem","position":2,"name":"Abogados de Lesiones Personales de Florida"}]},{"@type":"WebSite","@id":"https:\/\/www.meldonlaw.com\/es\/#website","url":"https:\/\/www.meldonlaw.com\/es\/","name":"Meldon Law","description":"","potentialAction":[{"@type":"SearchAction","target":{"@type":"EntryPoint","urlTemplate":"https:\/\/www.meldonlaw.com\/es\/?s={search_term_string}"},"query-input":{"@type":"PropertyValueSpecification","valueRequired":true,"valueName":"search_term_string"}}],"inLanguage":"es"}]}},"_links":{"self":[{"href":"https:\/\/www.meldonlaw.com\/es\/wp-json\/wp\/v2\/pages\/21344","targetHints":{"allow":["GET"]}}],"collection":[{"href":"https:\/\/www.meldonlaw.com\/es\/wp-json\/wp\/v2\/pages"}],"about":[{"href":"https:\/\/www.meldonlaw.com\/es\/wp-json\/wp\/v2\/types\/page"}],"author":[{"embeddable":true,"href":"https:\/\/www.meldonlaw.com\/es\/wp-json\/wp\/v2\/users\/1"}],"replies":[{"embeddable":true,"href":"https:\/\/www.meldonlaw.com\/es\/wp-json\/wp\/v2\/comments?post=21344"}],"version-history":[{"count":0,"href":"https:\/\/www.meldonlaw.com\/es\/wp-json\/wp\/v2\/pages\/21344\/revisions"}],"wp:attachment":[{"href":"https:\/\/www.meldonlaw.com\/es\/wp-json\/wp\/v2\/media?parent=21344"}],"curies":[{"name":"wp","href":"https:\/\/api.w.org\/{rel}","templated":true}]}}